{"id":21760,"date":"2021-10-09T05:13:37","date_gmt":"2021-10-09T05:13:37","guid":{"rendered":"https:\/\/mouldking.store\/shop\/moc-37154-corona-its-time-to-fight-covid-19-creator-by-gabizon-moc-factory\/"},"modified":"2025-12-25T09:23:52","modified_gmt":"2025-12-25T02:23:52","slug":"moc-37154-corona-its-time-to-fight-covid-19-creator-by-gabizon-moc-factory","status":"publish","type":"product","link":"https:\/\/mouldking.store\/hu\/shop\/moc-37154-corona-its-time-to-fight-covid-19-creator-by-gabizon-moc-factory\/","title":{"rendered":"MOC-37154 Corona &#8211; It&#8217;s Time To Fight Covid-19 Creator by gabizon MOC FACTORY"},"content":{"rendered":"<p style=\"text-align: left\">MOC-37154 Corona &#8211; It&#8217;s Time To Fight Covid-19 Creator by gabizon MOC FACTORY is a set in Creator collection, designed by gabizon. This MOC 37154 comes with PDF instruction which is easy to build and find the missing pieces. The set contains 324 pieces, first released in 2020.<\/p>\n<figure id=\"attachment_198760\" aria-describedby=\"caption-attachment-198760\" style=\"width: 800px\" class=\"wp-caption aligncenter\"><a href=\"https:\/\/pay.lpwstore.com\/wp-content\/uploads\/2020\/12\/MOC-37154-Corona-Its-Time-To-Fight-Covid-19-Creator-by-gabizon-MOC-FACTORY.jpg\" target=\"_blank\" rel=\"noopener\"><img fetchpriority=\"high\" decoding=\"async\" class=\"wp-image-198760 size-full\" title=\"MOC-37154 Corona \u2013 Ideje harcolni a Covid-19 ellen, k\u00e9sz\u00edtette: gabizon MOC FACTORY\" src=\"https:\/\/pay.lpwstore.com\/wp-content\/uploads\/2020\/12\/MOC-37154-Corona-Its-Time-To-Fight-Covid-19-Creator-by-gabizon-MOC-FACTORY.jpg\" alt=\"MOC-37154 Corona - It's Time To Fight Covid-19 Creator by gabizon MOC FACTORY\" width=\"800\" height=\"800\" \/><\/a><figcaption id=\"caption-attachment-198760\" class=\"wp-caption-text\">MOC-37154 Corona &#8211; It&#8217;s Time To Fight Covid-19 Creator by gabizon MOC FACTORY<\/figcaption><\/figure>","protected":false},"excerpt":{"rendered":"<ul>\n<li>Tartalmazza <strong>324+<\/strong> db<\/li>\n<li>Online PDF oktat\u00e1s<\/li>\n<li>Kiv\u00e1l\u00f3 min\u0151s\u00e9g\u0171 ABS blokk<\/li>\n<\/ul>","protected":false},"featured_media":21759,"comment_status":"open","ping_status":"closed","template":"","meta":{"_acf_changed":false},"product_cat":[371],"product_tag":[],"class_list":["product","first","instock","shipping-taxable","purchasable","product-type-simple"],"acf":[],"_links":{"self":[{"href":"https:\/\/mouldking.store\/hu\/wp-json\/wp\/v2\/product\/21760","targetHints":{"allow":["GET"]}}],"collection":[{"href":"https:\/\/mouldking.store\/hu\/wp-json\/wp\/v2\/product"}],"about":[{"href":"https:\/\/mouldking.store\/hu\/wp-json\/wp\/v2\/types\/product"}],"replies":[{"embeddable":true,"href":"https:\/\/mouldking.store\/hu\/wp-json\/wp\/v2\/comments?post=21760"}],"wp:featuredmedia":[{"embeddable":true,"href":"https:\/\/mouldking.store\/hu\/wp-json\/wp\/v2\/media\/21759"}],"wp:attachment":[{"href":"https:\/\/mouldking.store\/hu\/wp-json\/wp\/v2\/media?parent=21760"}],"wp:term":[{"taxonomy":"product_cat","embeddable":true,"href":"https:\/\/mouldking.store\/hu\/wp-json\/wp\/v2\/product_cat?post=21760"},{"taxonomy":"product_tag","embeddable":true,"href":"https:\/\/mouldking.store\/hu\/wp-json\/wp\/v2\/product_tag?post=21760"}],"curies":[{"name":"wp","href":"https:\/\/api.w.org\/{rel}","templated":true}]}}