{"id":21762,"date":"2021-10-09T05:13:38","date_gmt":"2021-10-08T22:13:38","guid":{"rendered":"https:\/\/mouldking.store\/shop\/moc-47916-elf-archer-creator-by-vir-a-cocha-moc-factory\/"},"modified":"2025-12-25T09:23:51","modified_gmt":"2025-12-25T02:23:51","slug":"moc-47916-elf-archer-creator-by-vir-a-cocha-moc-factory","status":"publish","type":"product","link":"https:\/\/mouldking.store\/hu\/shop\/moc-47916-elf-archer-creator-by-vir-a-cocha-moc-factory\/","title":{"rendered":"MOC-47916 Elf Archer Creator, vir-a-cocha MOC FACTORY"},"content":{"rendered":"<p>MOC-47916 Elf Archer Creator, vir-a-cocha A MOC FACTORY egy k\u00e9szlet a Creator kollekci\u00f3ban, amelyet vir-a-cocha tervezett. Ez a MOC 47916 PDF utas\u00edt\u00e1ssal \u00e9rkezik, amely k\u00f6nnyen \u00f6ssze\u00e1ll\u00edthat\u00f3 \u00e9s megtal\u00e1lhatja a hi\u00e1nyz\u00f3 darabokat. A k\u00e9szlet 234 darabot tartalmaz, el\u0151sz\u00f6r 2020-ban adt\u00e1k ki.<\/p>\n<p><img fetchpriority=\"high\" decoding=\"async\" class=\"size-full wp-image-198762 aligncenter\" src=\"https:\/\/pay.lpwstore.com\/wp-content\/uploads\/2020\/12\/MOC-47916-Elf-Archer-Creator-by-vir-a-cocha-MOC-FACTORY.jpg\" alt=\"MOC-47916-Elf-Archer-Creator-by-vir-a-cocha-MOC-FACTORY\" width=\"800\" height=\"800\" title=\"-\"><\/p>","protected":false},"excerpt":{"rendered":"<ul>\n<li>Tartalmazza <strong>234+<\/strong> db<\/li>\n<li>Online PDF oktat\u00e1s<\/li>\n<li>Kiv\u00e1l\u00f3 min\u0151s\u00e9g\u0171 ABS blokk<\/li>\n<\/ul>","protected":false},"featured_media":21761,"comment_status":"open","ping_status":"closed","template":"","meta":{"_acf_changed":false},"product_cat":[371],"product_tag":[],"class_list":["product","first","outofstock","shipping-taxable","purchasable","product-type-simple"],"acf":[],"_links":{"self":[{"href":"https:\/\/mouldking.store\/hu\/wp-json\/wp\/v2\/product\/21762","targetHints":{"allow":["GET"]}}],"collection":[{"href":"https:\/\/mouldking.store\/hu\/wp-json\/wp\/v2\/product"}],"about":[{"href":"https:\/\/mouldking.store\/hu\/wp-json\/wp\/v2\/types\/product"}],"replies":[{"embeddable":true,"href":"https:\/\/mouldking.store\/hu\/wp-json\/wp\/v2\/comments?post=21762"}],"wp:featuredmedia":[{"embeddable":true,"href":"https:\/\/mouldking.store\/hu\/wp-json\/wp\/v2\/media\/21761"}],"wp:attachment":[{"href":"https:\/\/mouldking.store\/hu\/wp-json\/wp\/v2\/media?parent=21762"}],"wp:term":[{"taxonomy":"product_cat","embeddable":true,"href":"https:\/\/mouldking.store\/hu\/wp-json\/wp\/v2\/product_cat?post=21762"},{"taxonomy":"product_tag","embeddable":true,"href":"https:\/\/mouldking.store\/hu\/wp-json\/wp\/v2\/product_tag?post=21762"}],"curies":[{"name":"wp","href":"https:\/\/api.w.org\/{rel}","templated":true}]}}