{"id":21768,"date":"2021-10-09T05:13:50","date_gmt":"2021-10-08T22:13:50","guid":{"rendered":"https:\/\/mouldking.store\/shop\/moc-40543-the-dark-knight-tumbler-batman-movie-by-riskjockey-moc-factory\/"},"modified":"2025-12-25T09:23:51","modified_gmt":"2025-12-25T02:23:51","slug":"moc-40543-the-dark-knight-tumbler-batman-movie-by-riskjockey-moc-factory","status":"publish","type":"product","link":"https:\/\/mouldking.store\/hu\/shop\/moc-40543-the-dark-knight-tumbler-batman-movie-by-riskjockey-moc-factory\/","title":{"rendered":"MOC-40543 A s\u00f6t\u00e9t lovag Tumbler Batman film, k\u00e9sz\u00edtette: riskjockey MOC FACTORY"},"content":{"rendered":"<p style=\"text-align: left\">MOC-40543 A s\u00f6t\u00e9t lovag ihlette Batman film, riskjockey A MOC FACTORY egy filmkollekci\u00f3s k\u00e9szlet, amelyet a riskjockey tervezett. Ez a MOC 40543 PDF \u00fatmutat\u00f3val rendelkezik, amely k\u00f6nnyen meg\u00e9p\u00edthet\u0151 \u00e9s megtal\u00e1lhat\u00f3 a hi\u00e1nyz\u00f3 darabok. A k\u00e9szlet 515 darabot tartalmaz, \u00e9s eredetileg 2020-ban jelent meg.<\/p>\n<figure id=\"attachment_198765\" aria-describedby=\"caption-attachment-198765\" style=\"width: 800px\" class=\"wp-caption aligncenter\"><a href=\"https:\/\/pay.lpwstore.com\/wp-content\/uploads\/2020\/12\/MOC-40543-The-Dark-Knight-Tumbler-Batman-Movie-by-riskjockey-MOC-FACTORY.jpg\" target=\"_blank\" rel=\"noopener\"><img fetchpriority=\"high\" decoding=\"async\" class=\"wp-image-198765 size-full\" title=\"MOC-40543 A s\u00f6t\u00e9t lovag Tumbler Batman film, k\u00e9sz\u00edtette: riskjockey MOC FACTORY\" src=\"https:\/\/pay.lpwstore.com\/wp-content\/uploads\/2020\/12\/MOC-40543-The-Dark-Knight-Tumbler-Batman-Movie-by-riskjockey-MOC-FACTORY.jpg\" alt=\"MOC-40543 The Dark Knight Tumbler Batman Movie by riskjockey MOC FACTORY\" width=\"800\" height=\"800\" \/><\/a><figcaption id=\"caption-attachment-198765\" class=\"wp-caption-text\">MOC-40543 A s\u00f6t\u00e9t lovag Tumbler Batman film, k\u00e9sz\u00edtette: riskjockey MOC FACTORY<\/figcaption><\/figure>\n<p><img decoding=\"async\" class=\"alignnone size-full wp-image-198766 aligncenter\" src=\"https:\/\/pay.lpwstore.com\/wp-content\/uploads\/2020\/12\/MOC-40543-The-Dark-Knight-Tumbler-Batman-Movie-by-riskjockey-MOC-FACTORY-2.jpg\" alt=\"-\" width=\"800\" height=\"800\" title=\"-\"> <img decoding=\"async\" class=\"alignnone size-full wp-image-198767 aligncenter\" src=\"https:\/\/pay.lpwstore.com\/wp-content\/uploads\/2020\/12\/MOC-40543-The-Dark-Knight-Tumbler-Batman-Movie-by-riskjockey-MOC-FACTORY-3.jpg\" alt=\"-\" width=\"800\" height=\"800\" title=\"-\"> <img loading=\"lazy\" decoding=\"async\" class=\"alignnone size-full wp-image-198768 aligncenter\" src=\"https:\/\/pay.lpwstore.com\/wp-content\/uploads\/2020\/12\/MOC-40543-The-Dark-Knight-Tumbler-Batman-Movie-by-riskjockey-MOC-FACTORY-4.jpg\" alt=\"-\" width=\"800\" height=\"800\" title=\"-\"> <img loading=\"lazy\" decoding=\"async\" class=\"alignnone size-full wp-image-198769 aligncenter\" src=\"https:\/\/pay.lpwstore.com\/wp-content\/uploads\/2020\/12\/MOC-40543-The-Dark-Knight-Tumbler-Batman-Movie-by-riskjockey-MOC-FACTORY-5.jpg\" alt=\"-\" width=\"800\" height=\"800\" title=\"-\"><\/p>","protected":false},"excerpt":{"rendered":"<ul>\n<li>Tartalmazza <strong>515+<\/strong> db<\/li>\n<li>Online PDF oktat\u00e1s<\/li>\n<li>Kiv\u00e1l\u00f3 min\u0151s\u00e9g\u0171 ABS blokk<\/li>\n<\/ul>","protected":false},"featured_media":21763,"comment_status":"open","ping_status":"closed","template":"","meta":{"_acf_changed":false},"product_cat":[581],"product_tag":[],"class_list":["product","first","instock","shipping-taxable","purchasable","product-type-simple"],"acf":[],"_links":{"self":[{"href":"https:\/\/mouldking.store\/hu\/wp-json\/wp\/v2\/product\/21768","targetHints":{"allow":["GET"]}}],"collection":[{"href":"https:\/\/mouldking.store\/hu\/wp-json\/wp\/v2\/product"}],"about":[{"href":"https:\/\/mouldking.store\/hu\/wp-json\/wp\/v2\/types\/product"}],"replies":[{"embeddable":true,"href":"https:\/\/mouldking.store\/hu\/wp-json\/wp\/v2\/comments?post=21768"}],"wp:featuredmedia":[{"embeddable":true,"href":"https:\/\/mouldking.store\/hu\/wp-json\/wp\/v2\/media\/21763"}],"wp:attachment":[{"href":"https:\/\/mouldking.store\/hu\/wp-json\/wp\/v2\/media?parent=21768"}],"wp:term":[{"taxonomy":"product_cat","embeddable":true,"href":"https:\/\/mouldking.store\/hu\/wp-json\/wp\/v2\/product_cat?post=21768"},{"taxonomy":"product_tag","embeddable":true,"href":"https:\/\/mouldking.store\/hu\/wp-json\/wp\/v2\/product_tag?post=21768"}],"curies":[{"name":"wp","href":"https:\/\/api.w.org\/{rel}","templated":true}]}}