{"id":21774,"date":"2021-10-09T05:13:52","date_gmt":"2021-10-09T05:13:52","guid":{"rendered":"https:\/\/mouldking.store\/shop\/moc-90063-space-base-star-wars-escape-the-death-star-moc-factory\/"},"modified":"2025-12-25T09:23:51","modified_gmt":"2025-12-25T02:23:51","slug":"moc-90063-space-base-star-wars-escape-the-death-star-moc-factory","status":"publish","type":"product","link":"https:\/\/mouldking.store\/hu\/shop\/moc-90063-space-base-star-wars-escape-the-death-star-moc-factory\/","title":{"rendered":"MOC-90063 Space Base &#8211; Star Wars Escape the Death Star MOC FACTORY"},"content":{"rendered":"<p style=\"text-align: left\">MOC-90063 Space Base &#8211; Star Wars Escape the Death Star MOC FACTORY is a set in Star Wars collection. This MOC 90063 comes with PDF instruction which is easy to build and find the missing pieces. The set contains 694 pieces, first released in 2020.<\/p>\n<figure id=\"attachment_198771\" aria-describedby=\"caption-attachment-198771\" style=\"width: 800px\" class=\"wp-caption aligncenter\"><a href=\"https:\/\/pay.lpwstore.com\/wp-content\/uploads\/2020\/12\/MOC-90063-Space-Base-Star-Wars-Escape-the-Death-Star-MOC-FACTORY.jpg\" target=\"_blank\" rel=\"noopener\"><img fetchpriority=\"high\" decoding=\"async\" class=\"wp-image-198771 size-full\" title=\"MOC-90063 \u0170rb\u00e1zis - Star Wars Menek\u00fcl\u00e9s a hal\u00e1l el\u0151l Star MOC FACTORY\" src=\"https:\/\/pay.lpwstore.com\/wp-content\/uploads\/2020\/12\/MOC-90063-Space-Base-Star-Wars-Escape-the-Death-Star-MOC-FACTORY.jpg\" alt=\"MOC-90063 Space Base - Star Wars Escape the Death Star MOC FACTORY\" width=\"800\" height=\"800\" \/><\/a><figcaption id=\"caption-attachment-198771\" class=\"wp-caption-text\">MOC-90063 Space Base &#8211; Star Wars Escape the Death Star MOC FACTORY<\/figcaption><\/figure>\n<p><img decoding=\"async\" class=\"alignnone size-full wp-image-198772 aligncenter\" src=\"https:\/\/pay.lpwstore.com\/wp-content\/uploads\/2020\/12\/MOC-90063-Space-Base-Star-Wars-Escape-the-Death-Star-MOC-FACTORY2.jpg\" alt=\"-\" width=\"800\" height=\"800\" title=\"-\"> <img decoding=\"async\" class=\"alignnone size-full wp-image-198773 aligncenter\" src=\"https:\/\/pay.lpwstore.com\/wp-content\/uploads\/2020\/12\/MOC-90063-Space-Base-Star-Wars-Escape-the-Death-Star-MOC-FACTORY3.jpg\" alt=\"-\" width=\"800\" height=\"800\" title=\"-\"> <img loading=\"lazy\" decoding=\"async\" class=\"alignnone size-full wp-image-198774 aligncenter\" src=\"https:\/\/pay.lpwstore.com\/wp-content\/uploads\/2020\/12\/MOC-90063-Space-Base-Star-Wars-Escape-the-Death-Star-MOC-FACTORY4.jpg\" alt=\"-\" width=\"800\" height=\"800\" title=\"-\"> <img loading=\"lazy\" decoding=\"async\" class=\"alignnone size-full wp-image-198775 aligncenter\" src=\"https:\/\/pay.lpwstore.com\/wp-content\/uploads\/2020\/12\/MOC-90063-Space-Base-Star-Wars-Escape-the-Death-Star-MOC-FACTORY5.jpg\" alt=\"-\" width=\"800\" height=\"800\" title=\"-\"><\/p>","protected":false},"excerpt":{"rendered":"<ul>\n<li>Tartalmazza<strong> 694+<\/strong> db<\/li>\n<li>Online PDF oktat\u00e1s<\/li>\n<li>Kiv\u00e1l\u00f3 min\u0151s\u00e9g\u0171 ABS blokk<\/li>\n<\/ul>","protected":false},"featured_media":21769,"comment_status":"open","ping_status":"closed","template":"","meta":{"_acf_changed":false},"product_cat":[415],"product_tag":[],"class_list":["product","first","outofstock","shipping-taxable","purchasable","product-type-simple"],"acf":[],"_links":{"self":[{"href":"https:\/\/mouldking.store\/hu\/wp-json\/wp\/v2\/product\/21774","targetHints":{"allow":["GET"]}}],"collection":[{"href":"https:\/\/mouldking.store\/hu\/wp-json\/wp\/v2\/product"}],"about":[{"href":"https:\/\/mouldking.store\/hu\/wp-json\/wp\/v2\/types\/product"}],"replies":[{"embeddable":true,"href":"https:\/\/mouldking.store\/hu\/wp-json\/wp\/v2\/comments?post=21774"}],"wp:featuredmedia":[{"embeddable":true,"href":"https:\/\/mouldking.store\/hu\/wp-json\/wp\/v2\/media\/21769"}],"wp:attachment":[{"href":"https:\/\/mouldking.store\/hu\/wp-json\/wp\/v2\/media?parent=21774"}],"wp:term":[{"taxonomy":"product_cat","embeddable":true,"href":"https:\/\/mouldking.store\/hu\/wp-json\/wp\/v2\/product_cat?post=21774"},{"taxonomy":"product_tag","embeddable":true,"href":"https:\/\/mouldking.store\/hu\/wp-json\/wp\/v2\/product_tag?post=21774"}],"curies":[{"name":"wp","href":"https:\/\/api.w.org\/{rel}","templated":true}]}}