{"id":21777,"date":"2021-10-09T05:13:53","date_gmt":"2021-10-08T22:13:53","guid":{"rendered":"https:\/\/mouldking.store\/shop\/moc-12492-lego-magical-cinderellas-castle-movie-by-buildbetterbricks-moc-factory\/"},"modified":"2025-12-25T09:23:51","modified_gmt":"2025-12-25T02:23:51","slug":"moc-12492-lego-magical-cinderellas-castle-movie-by-buildbetterbricks-moc-factory","status":"publish","type":"product","link":"https:\/\/mouldking.store\/hu\/shop\/moc-12492-lego-magical-cinderellas-castle-movie-by-buildbetterbricks-moc-factory\/","title":{"rendered":"MOC-12492 LEGO Magical Cinderella&#8217;s Castle Movie by buildbetterbricks MOC FACTORY"},"content":{"rendered":"<p style=\"text-align: left\">MOC-12492 LEGO Magical Cinderella&#8217;s Castle Movie by buildbetterbricks MOC FACTORY is a set in Movie collection, designed by buildbetterbricks. This MOC 12492 comes with PDF instruction which is easy to build and find the missing pieces. The set contains 425 pieces, first released in 2020.<\/p>\n<figure id=\"attachment_198777\" aria-describedby=\"caption-attachment-198777\" style=\"width: 800px\" class=\"wp-caption aligncenter\"><a href=\"https:\/\/pay.lpwstore.com\/wp-content\/uploads\/2020\/12\/MOC-12492-LEGO-Magical-Cinderellas-Castle-Movie-by-buildbetterbricks-MOC-FACTORY.jpg\" target=\"_blank\" rel=\"noopener\"><img fetchpriority=\"high\" decoding=\"async\" class=\"wp-image-198777 size-full\" title=\"MOC-12492 LEGO Var\u00e1zslatos Hamupip\u0151ke kast\u00e9lya - Film, k\u00e9sz\u00edtette: buildbetterbricks MOC FACTORY\" src=\"https:\/\/pay.lpwstore.com\/wp-content\/uploads\/2020\/12\/MOC-12492-LEGO-Magical-Cinderellas-Castle-Movie-by-buildbetterbricks-MOC-FACTORY.jpg\" alt=\"MOC-12492 LEGO Magical Cinderella's Castle Movie by buildbetterbricks MOC FACTORY\" width=\"800\" height=\"800\" \/><\/a><figcaption id=\"caption-attachment-198777\" class=\"wp-caption-text\">MOC-12492 LEGO Magical Cinderella&#8217;s Castle Movie by buildbetterbricks MOC FACTORY<\/figcaption><\/figure>\n<p><img decoding=\"async\" class=\"alignnone size-full wp-image-198778 aligncenter\" src=\"https:\/\/pay.lpwstore.com\/wp-content\/uploads\/2020\/12\/MOC-12492-LEGO-Magical-Cinderellas-Castle-Movie-by-buildbetterbricks-MOC-FACTORY-2.jpg\" alt=\"-\" width=\"800\" height=\"800\" title=\"-\"><\/p>","protected":false},"excerpt":{"rendered":"<ul>\n<li>Tartalmazza <strong>425+<\/strong> db<\/li>\n<li>Online PDF oktat\u00e1s<\/li>\n<li>Kiv\u00e1l\u00f3 min\u0151s\u00e9g\u0171 ABS blokk<\/li>\n<\/ul>","protected":false},"featured_media":21775,"comment_status":"open","ping_status":"closed","template":"","meta":{"_acf_changed":false},"product_cat":[581],"product_tag":[],"class_list":["product","first","outofstock","shipping-taxable","purchasable","product-type-simple"],"acf":[],"_links":{"self":[{"href":"https:\/\/mouldking.store\/hu\/wp-json\/wp\/v2\/product\/21777","targetHints":{"allow":["GET"]}}],"collection":[{"href":"https:\/\/mouldking.store\/hu\/wp-json\/wp\/v2\/product"}],"about":[{"href":"https:\/\/mouldking.store\/hu\/wp-json\/wp\/v2\/types\/product"}],"replies":[{"embeddable":true,"href":"https:\/\/mouldking.store\/hu\/wp-json\/wp\/v2\/comments?post=21777"}],"wp:featuredmedia":[{"embeddable":true,"href":"https:\/\/mouldking.store\/hu\/wp-json\/wp\/v2\/media\/21775"}],"wp:attachment":[{"href":"https:\/\/mouldking.store\/hu\/wp-json\/wp\/v2\/media?parent=21777"}],"wp:term":[{"taxonomy":"product_cat","embeddable":true,"href":"https:\/\/mouldking.store\/hu\/wp-json\/wp\/v2\/product_cat?post=21777"},{"taxonomy":"product_tag","embeddable":true,"href":"https:\/\/mouldking.store\/hu\/wp-json\/wp\/v2\/product_tag?post=21777"}],"curies":[{"name":"wp","href":"https:\/\/api.w.org\/{rel}","templated":true}]}}