{"id":21804,"date":"2021-10-09T05:14:03","date_gmt":"2021-10-08T22:14:03","guid":{"rendered":"https:\/\/mouldking.store\/shop\/moc-54894-modular-central-perk-cafe-pub-modular-building-by-legoartisan-moc-factory\/"},"modified":"2025-12-25T09:23:51","modified_gmt":"2025-12-25T02:23:51","slug":"moc-54894-modular-central-perk-cafe-pub-modular-building-by-legoartisan-moc-factory","status":"publish","type":"product","link":"https:\/\/mouldking.store\/hu\/shop\/moc-54894-modular-central-perk-cafe-pub-modular-building-by-legoartisan-moc-factory\/","title":{"rendered":"MOC-54894 Modul\u00e1ris Central Perk Cafe &amp; Pub Modul\u00e1ris \u00e9p\u00fclet, LegoArtisan MOC FACTORY"},"content":{"rendered":"<p style=\"text-align: left\">MOC-54894 Modular Central Perk Cafe &amp; Pub Modular Building by LegoArtisan MOC FACTORY egy k\u00e9szlet a Modular Building kollekci\u00f3b\u00f3l, amelyet a LegoArtisan tervezett. Ez a MOC 54894 PDF utas\u00edt\u00e1ssal \u00e9rkezik, amely k\u00f6nnyen \u00f6ssze\u00e1ll\u00edthat\u00f3 \u00e9s megtal\u00e1lhatja a hi\u00e1nyz\u00f3 darabokat. A k\u00e9szlet 2258 darabot tartalmaz, el\u0151sz\u00f6r 2020-ban adt\u00e1k ki.<\/p>\n<figure id=\"attachment_198896\" aria-describedby=\"caption-attachment-198896\" style=\"width: 800px\" class=\"wp-caption aligncenter\"><a href=\"https:\/\/pay.lpwstore.com\/wp-content\/uploads\/2020\/12\/MOC-54894-Modular-Central-Perk-Cafe-Pub-Modular-Building-by-LegoArtisan-MOC-FACTORY.jpg\" target=\"_blank\" rel=\"noopener\"><img fetchpriority=\"high\" decoding=\"async\" class=\"wp-image-198896 size-full\" title=\"MOC-54894 Modul\u00e1ris Central Perk Cafe &amp; Pub Modul\u00e1ris \u00e9p\u00fclet, LegoArtisan MOC FACTORY\" src=\"https:\/\/pay.lpwstore.com\/wp-content\/uploads\/2020\/12\/MOC-54894-Modular-Central-Perk-Cafe-Pub-Modular-Building-by-LegoArtisan-MOC-FACTORY.jpg\" alt=\"MOC-54894 Modular Central Perk Cafe &amp; Pub Modular Building by LegoArtisan MOC FACTORY\" width=\"800\" height=\"800\" \/><\/a><figcaption id=\"caption-attachment-198896\" class=\"wp-caption-text\">MOC-54894 Modul\u00e1ris Central Perk Cafe &amp; Pub Modul\u00e1ris \u00e9p\u00fclet, LegoArtisan MOC FACTORY<\/figcaption><\/figure>\n<p><img decoding=\"async\" class=\"alignnone size-full wp-image-198897 aligncenter\" src=\"https:\/\/pay.lpwstore.com\/wp-content\/uploads\/2020\/12\/MOC-54894-Modular-Central-Perk-Cafe-Pub-Modular-Building-by-LegoArtisan-MOC-FACTORY-2.jpg\" alt=\"-\" width=\"800\" height=\"800\" title=\"-\"> <img decoding=\"async\" class=\"alignnone size-full wp-image-198898 aligncenter\" src=\"https:\/\/pay.lpwstore.com\/wp-content\/uploads\/2020\/12\/MOC-54894-Modular-Central-Perk-Cafe-Pub-Modular-Building-by-LegoArtisan-MOC-FACTORY-3.jpg\" alt=\"-\" width=\"800\" height=\"800\" title=\"-\"> <img loading=\"lazy\" decoding=\"async\" class=\"alignnone size-full wp-image-198899 aligncenter\" src=\"https:\/\/pay.lpwstore.com\/wp-content\/uploads\/2020\/12\/MOC-54894-Modular-Central-Perk-Cafe-Pub-Modular-Building-by-LegoArtisan-MOC-FACTORY-4.jpg\" alt=\"-\" width=\"800\" height=\"800\" title=\"-\"> <img loading=\"lazy\" decoding=\"async\" class=\"alignnone size-full wp-image-198900 aligncenter\" src=\"https:\/\/pay.lpwstore.com\/wp-content\/uploads\/2020\/12\/MOC-54894-Modular-Central-Perk-Cafe-Pub-Modular-Building-by-LegoArtisan-MOC-FACTORY-5.jpg\" alt=\"-\" width=\"800\" height=\"800\" title=\"-\"> <img loading=\"lazy\" decoding=\"async\" class=\"alignnone size-full wp-image-198901 aligncenter\" src=\"https:\/\/pay.lpwstore.com\/wp-content\/uploads\/2020\/12\/MOC-54894-Modular-Central-Perk-Cafe-Pub-Modular-Building-by-LegoArtisan-MOC-FACTORY-6.jpg\" alt=\"-\" width=\"800\" height=\"800\" title=\"-\"><\/p>","protected":false},"excerpt":{"rendered":"<ul>\n<li>Tartalmazza <strong>2258+<\/strong> db<\/li>\n<li>Online PDF oktat\u00e1s<\/li>\n<li>Kiv\u00e1l\u00f3 min\u0151s\u00e9g\u0171 ABS blokk<\/li>\n<\/ul>","protected":false},"featured_media":21798,"comment_status":"open","ping_status":"closed","template":"","meta":{"_acf_changed":false},"product_cat":[390],"product_tag":[],"class_list":["product","first","instock","shipping-taxable","purchasable","product-type-simple"],"acf":[],"_links":{"self":[{"href":"https:\/\/mouldking.store\/hu\/wp-json\/wp\/v2\/product\/21804","targetHints":{"allow":["GET"]}}],"collection":[{"href":"https:\/\/mouldking.store\/hu\/wp-json\/wp\/v2\/product"}],"about":[{"href":"https:\/\/mouldking.store\/hu\/wp-json\/wp\/v2\/types\/product"}],"replies":[{"embeddable":true,"href":"https:\/\/mouldking.store\/hu\/wp-json\/wp\/v2\/comments?post=21804"}],"wp:featuredmedia":[{"embeddable":true,"href":"https:\/\/mouldking.store\/hu\/wp-json\/wp\/v2\/media\/21798"}],"wp:attachment":[{"href":"https:\/\/mouldking.store\/hu\/wp-json\/wp\/v2\/media?parent=21804"}],"wp:term":[{"taxonomy":"product_cat","embeddable":true,"href":"https:\/\/mouldking.store\/hu\/wp-json\/wp\/v2\/product_cat?post=21804"},{"taxonomy":"product_tag","embeddable":true,"href":"https:\/\/mouldking.store\/hu\/wp-json\/wp\/v2\/product_tag?post=21804"}],"curies":[{"name":"wp","href":"https:\/\/api.w.org\/{rel}","templated":true}]}}