{"id":21806,"date":"2021-10-09T05:14:03","date_gmt":"2021-10-08T22:14:03","guid":{"rendered":"https:\/\/mouldking.store\/shop\/moc-22083-pop-up-heart-and-ring-box-creator-by-jkbrickworks-moc-factory\/"},"modified":"2025-12-25T09:23:51","modified_gmt":"2025-12-25T02:23:51","slug":"moc-22083-pop-up-heart-and-ring-box-creator-by-jkbrickworks-moc-factory","status":"publish","type":"product","link":"https:\/\/mouldking.store\/hu\/shop\/moc-22083-pop-up-heart-and-ring-box-creator-by-jkbrickworks-moc-factory\/","title":{"rendered":"MOC-22083 el\u0151ugr\u00f3 sz\u00edv \u00e9s gy\u0171r\u0171s doboz k\u00e9sz\u00edt\u0151 a JKBrickworks MOC FACTORY-t\u00f3l"},"content":{"rendered":"<p>MOC-22083 Pop-Up Heart and Ring Box Creator by JKBrickworks MOC FACTORY is a set in Creator collection, designed by JKBrickworks. This MOC 22083 comes with PDF instruction which is easy to build and find the missing pieces. The set contains 108 pieces, first released in 2020.<\/p>\n<p><img fetchpriority=\"high\" decoding=\"async\" class=\"size-full wp-image-198903 aligncenter\" src=\"https:\/\/pay.lpwstore.com\/wp-content\/uploads\/2020\/12\/MOC-22083-Pop-Up-Heart-and-Ring-Box-Creator-by-JKBrickworks-MOC-FACTORY.jpg\" alt=\"MOC-22083-Pop-Up-Heart-and-Ring-Box-Creator-by-JKBrickworks-MOC-FACTORY\" width=\"800\" height=\"800\" title=\"-\"><\/p>\n<p>&nbsp;<\/p>","protected":false},"excerpt":{"rendered":"<ul>\n<li>Tartalmazza <strong>108+<\/strong> db<\/li>\n<li>Online PDF oktat\u00e1s<\/li>\n<li>Kiv\u00e1l\u00f3 min\u0151s\u00e9g\u0171 ABS blokk<\/li>\n<\/ul>","protected":false},"featured_media":21805,"comment_status":"open","ping_status":"closed","template":"","meta":{"_acf_changed":false},"product_cat":[371],"product_tag":[],"class_list":["product","first","instock","shipping-taxable","purchasable","product-type-simple"],"acf":[],"_links":{"self":[{"href":"https:\/\/mouldking.store\/hu\/wp-json\/wp\/v2\/product\/21806","targetHints":{"allow":["GET"]}}],"collection":[{"href":"https:\/\/mouldking.store\/hu\/wp-json\/wp\/v2\/product"}],"about":[{"href":"https:\/\/mouldking.store\/hu\/wp-json\/wp\/v2\/types\/product"}],"replies":[{"embeddable":true,"href":"https:\/\/mouldking.store\/hu\/wp-json\/wp\/v2\/comments?post=21806"}],"wp:featuredmedia":[{"embeddable":true,"href":"https:\/\/mouldking.store\/hu\/wp-json\/wp\/v2\/media\/21805"}],"wp:attachment":[{"href":"https:\/\/mouldking.store\/hu\/wp-json\/wp\/v2\/media?parent=21806"}],"wp:term":[{"taxonomy":"product_cat","embeddable":true,"href":"https:\/\/mouldking.store\/hu\/wp-json\/wp\/v2\/product_cat?post=21806"},{"taxonomy":"product_tag","embeddable":true,"href":"https:\/\/mouldking.store\/hu\/wp-json\/wp\/v2\/product_tag?post=21806"}],"curies":[{"name":"wp","href":"https:\/\/api.w.org\/{rel}","templated":true}]}}