{"id":21819,"date":"2021-10-09T05:14:07","date_gmt":"2021-10-09T05:14:07","guid":{"rendered":"https:\/\/mouldking.store\/shop\/moc-35195-vintage-car-ford-v8-85-fire-truck-1937-technic-by-sugarbricks-moc-factory\/"},"modified":"2025-12-25T09:23:50","modified_gmt":"2025-12-25T02:23:50","slug":"moc-35195-vintage-car-ford-v8-85-fire-truck-1937-technic-by-sugarbricks-moc-factory","status":"publish","type":"product","link":"https:\/\/mouldking.store\/hu\/shop\/moc-35195-vintage-car-ford-v8-85-fire-truck-1937-technic-by-sugarbricks-moc-factory\/","title":{"rendered":"MOC-35195 veter\u00e1n aut\u00f3 \u2013 Ford V8-85 Fire Truck (1937) Technic, SugarBricks MOC FACTORY"},"content":{"rendered":"<ul>\n<li style=\"text-align: left;\">MOC-35195 Vintage Car &#8211; Ford V8-85 Fire Truck (1937) Technic by SugarBricks MOC FACTORY is a set in Technic collection, designed by SugarBricks. This MOC 35195 comes with PDF instruction which is easy to build and find the missing pieces. The set contains 404 pieces, first released in 2020.<\/li>\n<li>Rendel\u00e9si id\u0151: 4-7 h\u00e9t<\/li>\n<\/ul>\n<figure id=\"attachment_198913\" class=\"wp-caption aligncenter\" style=\"width: 800px;\" aria-describedby=\"caption-attachment-198913\"><figcaption id=\"caption-attachment-198913\" class=\"wp-caption-text\">\n<figure id=\"attachment_21815\" aria-describedby=\"caption-attachment-21815\" style=\"width: 800px\" class=\"wp-caption aligncenter\"><img fetchpriority=\"high\" decoding=\"async\" class=\"wp-image-21815 size-full\" src=\"https:\/\/mouldking.store\/wp-content\/uploads\/2021\/10\/MOC-35195-Vintage-Car-Ford-V8-85-Fire-Truck-1937-Technic-by-SugarBricks-MOC-FACTORY.jpg\" alt=\"MOC-35195 Vintage Car - Ford V8-85 Fire Truck (1937) Technic by SugarBricks MOC FACTORY\" width=\"800\" height=\"800\" title=\"-\" srcset=\"https:\/\/mouldking.store\/wp-content\/uploads\/2021\/10\/MOC-35195-Vintage-Car-Ford-V8-85-Fire-Truck-1937-Technic-by-SugarBricks-MOC-FACTORY.jpg 800w, https:\/\/mouldking.store\/wp-content\/uploads\/2021\/10\/MOC-35195-Vintage-Car-Ford-V8-85-Fire-Truck-1937-Technic-by-SugarBricks-MOC-FACTORY-300x300.jpg 300w, https:\/\/mouldking.store\/wp-content\/uploads\/2021\/10\/MOC-35195-Vintage-Car-Ford-V8-85-Fire-Truck-1937-Technic-by-SugarBricks-MOC-FACTORY-768x768.jpg 768w, https:\/\/mouldking.store\/wp-content\/uploads\/2021\/10\/MOC-35195-Vintage-Car-Ford-V8-85-Fire-Truck-1937-Technic-by-SugarBricks-MOC-FACTORY-600x600.jpg 600w, https:\/\/mouldking.store\/wp-content\/uploads\/2021\/10\/MOC-35195-Vintage-Car-Ford-V8-85-Fire-Truck-1937-Technic-by-SugarBricks-MOC-FACTORY-150x150.jpg 150w\" sizes=\"(max-width: 800px) 100vw, 800px\" \/><figcaption id=\"caption-attachment-21815\" class=\"wp-caption-text\">MOC-35195 veter\u00e1n aut\u00f3 \u2013 Ford V8-85 Fire Truck (1937) Technic, SugarBricks MOC FACTORY<\/figcaption><\/figure>\n<figure id=\"attachment_21816\" aria-describedby=\"caption-attachment-21816\" style=\"width: 800px\" class=\"wp-caption aligncenter\"><img decoding=\"async\" class=\"wp-image-21816 size-full\" src=\"https:\/\/mouldking.store\/wp-content\/uploads\/2021\/10\/MOC-35195-Vintage-Car-Ford-V8-85-Fire-Truck-1937-Technic-by-SugarBricks-MOC-FACTORY-2.jpg\" alt=\"MOC-35195 Vintage Car - Ford V8-85 Fire Truck (1937) Technic by SugarBricks MOC FACTORY\" width=\"800\" height=\"800\" title=\"-\" srcset=\"https:\/\/mouldking.store\/wp-content\/uploads\/2021\/10\/MOC-35195-Vintage-Car-Ford-V8-85-Fire-Truck-1937-Technic-by-SugarBricks-MOC-FACTORY-2.jpg 800w, https:\/\/mouldking.store\/wp-content\/uploads\/2021\/10\/MOC-35195-Vintage-Car-Ford-V8-85-Fire-Truck-1937-Technic-by-SugarBricks-MOC-FACTORY-2-300x300.jpg 300w, https:\/\/mouldking.store\/wp-content\/uploads\/2021\/10\/MOC-35195-Vintage-Car-Ford-V8-85-Fire-Truck-1937-Technic-by-SugarBricks-MOC-FACTORY-2-768x768.jpg 768w, https:\/\/mouldking.store\/wp-content\/uploads\/2021\/10\/MOC-35195-Vintage-Car-Ford-V8-85-Fire-Truck-1937-Technic-by-SugarBricks-MOC-FACTORY-2-600x600.jpg 600w, https:\/\/mouldking.store\/wp-content\/uploads\/2021\/10\/MOC-35195-Vintage-Car-Ford-V8-85-Fire-Truck-1937-Technic-by-SugarBricks-MOC-FACTORY-2-150x150.jpg 150w\" sizes=\"(max-width: 800px) 100vw, 800px\" \/><figcaption id=\"caption-attachment-21816\" class=\"wp-caption-text\">MOC-35195 veter\u00e1n aut\u00f3 \u2013 Ford V8-85 Fire Truck (1937) Technic, SugarBricks MOC FACTORY<\/figcaption><\/figure>\n<figure id=\"attachment_21818\" aria-describedby=\"caption-attachment-21818\" style=\"width: 800px\" class=\"wp-caption aligncenter\"><img decoding=\"async\" class=\"wp-image-21818 size-full\" src=\"https:\/\/mouldking.store\/wp-content\/uploads\/2021\/10\/MOC-35195-Vintage-Car-Ford-V8-85-Fire-Truck-1937-Technic-by-SugarBricks-MOC-FACTORY-4.jpg\" alt=\"MOC-35195 Vintage Car - Ford V8-85 Fire Truck (1937) Technic by SugarBricks MOC FACTORY\" width=\"800\" height=\"800\" title=\"-\" srcset=\"https:\/\/mouldking.store\/wp-content\/uploads\/2021\/10\/MOC-35195-Vintage-Car-Ford-V8-85-Fire-Truck-1937-Technic-by-SugarBricks-MOC-FACTORY-4.jpg 800w, https:\/\/mouldking.store\/wp-content\/uploads\/2021\/10\/MOC-35195-Vintage-Car-Ford-V8-85-Fire-Truck-1937-Technic-by-SugarBricks-MOC-FACTORY-4-300x300.jpg 300w, https:\/\/mouldking.store\/wp-content\/uploads\/2021\/10\/MOC-35195-Vintage-Car-Ford-V8-85-Fire-Truck-1937-Technic-by-SugarBricks-MOC-FACTORY-4-768x768.jpg 768w, https:\/\/mouldking.store\/wp-content\/uploads\/2021\/10\/MOC-35195-Vintage-Car-Ford-V8-85-Fire-Truck-1937-Technic-by-SugarBricks-MOC-FACTORY-4-600x600.jpg 600w, https:\/\/mouldking.store\/wp-content\/uploads\/2021\/10\/MOC-35195-Vintage-Car-Ford-V8-85-Fire-Truck-1937-Technic-by-SugarBricks-MOC-FACTORY-4-150x150.jpg 150w\" sizes=\"(max-width: 800px) 100vw, 800px\" \/><figcaption id=\"caption-attachment-21818\" class=\"wp-caption-text\">MOC-35195 veter\u00e1n aut\u00f3 \u2013 Ford V8-85 Fire Truck (1937) Technic, SugarBricks MOC FACTORY<\/figcaption><\/figure>\n<figure id=\"attachment_21817\" aria-describedby=\"caption-attachment-21817\" style=\"width: 800px\" class=\"wp-caption aligncenter\"><img loading=\"lazy\" decoding=\"async\" class=\"wp-image-21817 size-full\" src=\"https:\/\/mouldking.store\/wp-content\/uploads\/2021\/10\/MOC-35195-Vintage-Car-Ford-V8-85-Fire-Truck-1937-Technic-by-SugarBricks-MOC-FACTORY-3.jpg\" alt=\"MOC-35195 Vintage Car - Ford V8-85 Fire Truck (1937) Technic by SugarBricks MOC FACTORY\" width=\"800\" height=\"800\" title=\"-\" srcset=\"https:\/\/mouldking.store\/wp-content\/uploads\/2021\/10\/MOC-35195-Vintage-Car-Ford-V8-85-Fire-Truck-1937-Technic-by-SugarBricks-MOC-FACTORY-3.jpg 800w, https:\/\/mouldking.store\/wp-content\/uploads\/2021\/10\/MOC-35195-Vintage-Car-Ford-V8-85-Fire-Truck-1937-Technic-by-SugarBricks-MOC-FACTORY-3-300x300.jpg 300w, https:\/\/mouldking.store\/wp-content\/uploads\/2021\/10\/MOC-35195-Vintage-Car-Ford-V8-85-Fire-Truck-1937-Technic-by-SugarBricks-MOC-FACTORY-3-768x768.jpg 768w, https:\/\/mouldking.store\/wp-content\/uploads\/2021\/10\/MOC-35195-Vintage-Car-Ford-V8-85-Fire-Truck-1937-Technic-by-SugarBricks-MOC-FACTORY-3-600x600.jpg 600w, https:\/\/mouldking.store\/wp-content\/uploads\/2021\/10\/MOC-35195-Vintage-Car-Ford-V8-85-Fire-Truck-1937-Technic-by-SugarBricks-MOC-FACTORY-3-150x150.jpg 150w\" sizes=\"(max-width: 800px) 100vw, 800px\" \/><figcaption id=\"caption-attachment-21817\" class=\"wp-caption-text\">MOC-35195 veter\u00e1n aut\u00f3 \u2013 Ford V8-85 Fire Truck (1937) Technic, SugarBricks MOC FACTORY<\/figcaption><\/figure>\n<\/figcaption><\/figure>\n<p>&nbsp;<\/p>","protected":false},"excerpt":{"rendered":"<ul>\n<li>Tartalmazza <strong>404+<\/strong> db<\/li>\n<li>Online PDF oktat\u00e1s<\/li>\n<li>Kiv\u00e1l\u00f3 min\u0151s\u00e9g\u0171 ABS blokk<\/li>\n<\/ul>","protected":false},"featured_media":21815,"comment_status":"open","ping_status":"closed","template":"","meta":{"_acf_changed":false},"product_cat":[364],"product_tag":[5693,5690,5689,5688,5692,5691],"class_list":["product","first","instock","shipping-taxable","purchasable","product-type-simple"],"acf":[],"_links":{"self":[{"href":"https:\/\/mouldking.store\/hu\/wp-json\/wp\/v2\/product\/21819","targetHints":{"allow":["GET"]}}],"collection":[{"href":"https:\/\/mouldking.store\/hu\/wp-json\/wp\/v2\/product"}],"about":[{"href":"https:\/\/mouldking.store\/hu\/wp-json\/wp\/v2\/types\/product"}],"replies":[{"embeddable":true,"href":"https:\/\/mouldking.store\/hu\/wp-json\/wp\/v2\/comments?post=21819"}],"wp:featuredmedia":[{"embeddable":true,"href":"https:\/\/mouldking.store\/hu\/wp-json\/wp\/v2\/media\/21815"}],"wp:attachment":[{"href":"https:\/\/mouldking.store\/hu\/wp-json\/wp\/v2\/media?parent=21819"}],"wp:term":[{"taxonomy":"product_cat","embeddable":true,"href":"https:\/\/mouldking.store\/hu\/wp-json\/wp\/v2\/product_cat?post=21819"},{"taxonomy":"product_tag","embeddable":true,"href":"https:\/\/mouldking.store\/hu\/wp-json\/wp\/v2\/product_tag?post=21819"}],"curies":[{"name":"wp","href":"https:\/\/api.w.org\/{rel}","templated":true}]}}