{"id":21858,"date":"2021-10-09T05:14:18","date_gmt":"2021-10-08T22:14:18","guid":{"rendered":"https:\/\/mouldking.store\/shop\/moc-49317-statue-of-liberty-base-add-on-modular-building-by-adambetts-moc-factory\/"},"modified":"2025-12-25T09:23:50","modified_gmt":"2025-12-25T02:23:50","slug":"moc-49317-statue-of-liberty-base-add-on-modular-building-by-adambetts-moc-factory","status":"publish","type":"product","link":"https:\/\/mouldking.store\/hu\/shop\/moc-49317-statue-of-liberty-base-add-on-modular-building-by-adambetts-moc-factory\/","title":{"rendered":"MOC-49317 Szabads\u00e1g-szobor \u2013 Modul\u00e1ris alap\u00e9p\u00fclet, adambetts MOC FACTORY"},"content":{"rendered":"<p style=\"text-align: left\">MOC-49317 Szabads\u00e1g-szobor \u2013 Modul\u00e1ris alap\u00e9p\u00fclet az adambettst\u0151l A MOC FACTORY az adambetts \u00e1ltal tervezett Modular Building kollekci\u00f3 k\u00e9szlete. Ez a MOC 49317 PDF utas\u00edt\u00e1ssal \u00e9rkezik, amely k\u00f6nnyen \u00f6ssze\u00e1ll\u00edthat\u00f3 \u00e9s megtal\u00e1lhatja a hi\u00e1nyz\u00f3 darabokat. A k\u00e9szlet 2677 darabot tartalmaz, el\u0151sz\u00f6r 2020-ban adt\u00e1k ki.<\/p>\n<figure id=\"attachment_198980\" aria-describedby=\"caption-attachment-198980\" style=\"width: 800px\" class=\"wp-caption aligncenter\"><a href=\"https:\/\/pay.lpwstore.com\/wp-content\/uploads\/2020\/12\/MOC-49317-Statue-of-Liberty-Base-Add-on-Modular-Building-by-adambetts-MOC-FACTORY.jpg\" target=\"_blank\" rel=\"noopener\"><img fetchpriority=\"high\" decoding=\"async\" class=\"wp-image-198980 size-full\" title=\"MOC-49317 Szabads\u00e1g-szobor \u2013 Modul\u00e1ris alap\u00e9p\u00fclet, adambetts MOC FACTORY\" src=\"https:\/\/pay.lpwstore.com\/wp-content\/uploads\/2020\/12\/MOC-49317-Statue-of-Liberty-Base-Add-on-Modular-Building-by-adambetts-MOC-FACTORY.jpg\" alt=\"MOC-49317 Statue of Liberty - Base Add-on Modular Building by adambetts MOC FACTORY\" width=\"800\" height=\"800\" \/><\/a><figcaption id=\"caption-attachment-198980\" class=\"wp-caption-text\">MOC-49317 Szabads\u00e1g-szobor \u2013 Modul\u00e1ris alap\u00e9p\u00fclet, adambetts MOC FACTORY<\/figcaption><\/figure>\n<p><img decoding=\"async\" class=\"alignnone size-full wp-image-198981 aligncenter\" src=\"https:\/\/pay.lpwstore.com\/wp-content\/uploads\/2020\/12\/MOC-49317-Statue-of-Liberty-Base-Add-on-Modular-Building-by-adambetts-MOC-FACTORY-2.jpg\" alt=\"-\" width=\"800\" height=\"800\" title=\"-\"> <img decoding=\"async\" class=\"alignnone size-full wp-image-198982 aligncenter\" src=\"https:\/\/pay.lpwstore.com\/wp-content\/uploads\/2020\/12\/MOC-49317-Statue-of-Liberty-Base-Add-on-Modular-Building-by-adambetts-MOC-FACTORY-3.jpg\" alt=\"-\" width=\"800\" height=\"800\" title=\"-\"> <img loading=\"lazy\" decoding=\"async\" class=\"alignnone size-full wp-image-198983 aligncenter\" src=\"https:\/\/pay.lpwstore.com\/wp-content\/uploads\/2020\/12\/MOC-49317-Statue-of-Liberty-Base-Add-on-Modular-Building-by-adambetts-MOC-FACTORY-4.jpg\" alt=\"-\" width=\"800\" height=\"800\" title=\"-\"> <img loading=\"lazy\" decoding=\"async\" class=\"alignnone size-full wp-image-198984 aligncenter\" src=\"https:\/\/pay.lpwstore.com\/wp-content\/uploads\/2020\/12\/MOC-49317-Statue-of-Liberty-Base-Add-on-Modular-Building-by-adambetts-MOC-FACTORY-5.jpg\" alt=\"-\" width=\"800\" height=\"800\" title=\"-\"><\/p>","protected":false},"excerpt":{"rendered":"<ul>\n<li>tartalmazza <strong>2677+<\/strong> db<\/li>\n<li>Online PDF oktat\u00e1s<\/li>\n<li>Kiv\u00e1l\u00f3 min\u0151s\u00e9g\u0171 ABS blokk<\/li>\n<\/ul>","protected":false},"featured_media":21853,"comment_status":"open","ping_status":"closed","template":"","meta":{"_acf_changed":false},"product_cat":[390],"product_tag":[],"class_list":["product","first","instock","shipping-taxable","purchasable","product-type-simple"],"acf":[],"_links":{"self":[{"href":"https:\/\/mouldking.store\/hu\/wp-json\/wp\/v2\/product\/21858","targetHints":{"allow":["GET"]}}],"collection":[{"href":"https:\/\/mouldking.store\/hu\/wp-json\/wp\/v2\/product"}],"about":[{"href":"https:\/\/mouldking.store\/hu\/wp-json\/wp\/v2\/types\/product"}],"replies":[{"embeddable":true,"href":"https:\/\/mouldking.store\/hu\/wp-json\/wp\/v2\/comments?post=21858"}],"wp:featuredmedia":[{"embeddable":true,"href":"https:\/\/mouldking.store\/hu\/wp-json\/wp\/v2\/media\/21853"}],"wp:attachment":[{"href":"https:\/\/mouldking.store\/hu\/wp-json\/wp\/v2\/media?parent=21858"}],"wp:term":[{"taxonomy":"product_cat","embeddable":true,"href":"https:\/\/mouldking.store\/hu\/wp-json\/wp\/v2\/product_cat?post=21858"},{"taxonomy":"product_tag","embeddable":true,"href":"https:\/\/mouldking.store\/hu\/wp-json\/wp\/v2\/product_tag?post=21858"}],"curies":[{"name":"wp","href":"https:\/\/api.w.org\/{rel}","templated":true}]}}