{"id":21929,"date":"2021-10-09T05:14:42","date_gmt":"2021-10-08T22:14:42","guid":{"rendered":"https:\/\/mouldking.store\/shop\/moc-51649-fast-food-mini-modular-zoo-creator-by-gabizon-moc-factory\/"},"modified":"2025-12-25T09:23:44","modified_gmt":"2025-12-25T02:23:44","slug":"moc-51649-fast-food-mini-modular-zoo-creator-by-gabizon-moc-factory","status":"publish","type":"product","link":"https:\/\/mouldking.store\/hu\/shop\/moc-51649-fast-food-mini-modular-zoo-creator-by-gabizon-moc-factory\/","title":{"rendered":"MOC-51649 Fast Food mini modul\u00e1ris ZOO Creator a gabizon MOC FACTORY c\u00e9gt\u0151l"},"content":{"rendered":"<p>MOC-51649 Fast Food mini modular ZOO Creator by gabizon MOC FACTORY is a set in Creator collection, designed by gabizon. This MOC 51649 comes with PDF instruction which is easy to build and find the missing pieces. The set contains 1440 pieces, first released in 2020.<\/p>\n<p>Id\u0151beoszt\u00e1s: 4-8 h\u00e9t<\/p>\n<figure id=\"attachment_28048\" aria-describedby=\"caption-attachment-28048\" style=\"width: 800px\" class=\"wp-caption aligncenter\"><img fetchpriority=\"high\" decoding=\"async\" class=\"wp-image-28048 size-full\" src=\"https:\/\/mocfactory.com\/wp-content\/uploads\/2020\/12\/MOC-51649-Fast-Food-mini-modular-ZOO-Creator-by-gabizon-MOC-FACTORY.jpg\" alt=\"MOC-51649 Creator Fast Food mini modular ZOO Designer gabizon MOC FACTORY\" width=\"800\" height=\"800\" title=\"-\"><figcaption id=\"caption-attachment-28048\" class=\"wp-caption-text\">MOC-51649 Creator Fast Food mini modular ZOO Designer gabizon MOC FACTORY<\/figcaption><\/figure>\n<figure id=\"attachment_199209\" class=\"wp-caption aligncenter\" style=\"width: 800px\" aria-describedby=\"caption-attachment-199209\"><\/figure>","protected":false},"excerpt":{"rendered":"<ul>\n<li>Tartalmazza <strong>1440+<\/strong> db<\/li>\n<li>Online PDF oktat\u00e1s<\/li>\n<li>Kiv\u00e1l\u00f3 min\u0151s\u00e9g\u0171 ABS blokk<\/li>\n<\/ul>","protected":false},"featured_media":21928,"comment_status":"open","ping_status":"closed","template":"","meta":{"_acf_changed":false},"product_cat":[371],"product_tag":[],"class_list":["product","first","instock","shipping-taxable","purchasable","product-type-simple"],"acf":[],"_links":{"self":[{"href":"https:\/\/mouldking.store\/hu\/wp-json\/wp\/v2\/product\/21929","targetHints":{"allow":["GET"]}}],"collection":[{"href":"https:\/\/mouldking.store\/hu\/wp-json\/wp\/v2\/product"}],"about":[{"href":"https:\/\/mouldking.store\/hu\/wp-json\/wp\/v2\/types\/product"}],"replies":[{"embeddable":true,"href":"https:\/\/mouldking.store\/hu\/wp-json\/wp\/v2\/comments?post=21929"}],"wp:featuredmedia":[{"embeddable":true,"href":"https:\/\/mouldking.store\/hu\/wp-json\/wp\/v2\/media\/21928"}],"wp:attachment":[{"href":"https:\/\/mouldking.store\/hu\/wp-json\/wp\/v2\/media?parent=21929"}],"wp:term":[{"taxonomy":"product_cat","embeddable":true,"href":"https:\/\/mouldking.store\/hu\/wp-json\/wp\/v2\/product_cat?post=21929"},{"taxonomy":"product_tag","embeddable":true,"href":"https:\/\/mouldking.store\/hu\/wp-json\/wp\/v2\/product_tag?post=21929"}],"curies":[{"name":"wp","href":"https:\/\/api.w.org\/{rel}","templated":true}]}}