{"id":21935,"date":"2021-10-09T05:14:45","date_gmt":"2021-10-09T05:14:45","guid":{"rendered":"https:\/\/mouldking.store\/shop\/moc-34544-bellagio-hotel-for-modular-city-las-vegas-modular-building-by-gabizon-moc-factory\/"},"modified":"2025-12-25T09:23:44","modified_gmt":"2025-12-25T02:23:44","slug":"moc-34544-bellagio-hotel-for-modular-city-las-vegas-modular-building-by-gabizon-moc-factory","status":"publish","type":"product","link":"https:\/\/mouldking.store\/hu\/shop\/moc-34544-bellagio-hotel-for-modular-city-las-vegas-modular-building-by-gabizon-moc-factory\/","title":{"rendered":"MOC-34544 Bellagio Hotel for Modular City Las Vegas Modular Building by gabizon MOC FACTORY"},"content":{"rendered":"<p>MOC-34544 Bellagio Hotel for Modular City Las Vegas Modular Building by gabizon MOC FACTORY is a set in Modular Building collection, designed by gabizon. This MOC 34544 comes with PDF instruction which is easy to build and find the missing pieces. The set contains 506 pieces, first released in 2020.<\/p>\n<figure id=\"attachment_199215\" aria-describedby=\"caption-attachment-199215\" style=\"width: 800px\" class=\"wp-caption aligncenter\"><a href=\"https:\/\/pay.lpwstore.com\/wp-content\/uploads\/2020\/12\/MOC-34544-Bellagio-Hotel-for-Modular-City-Las-Vegas-Modular-Building-by-gabizon-MOC-FACTORY.jpg\" target=\"_blank\" rel=\"noopener\"><img fetchpriority=\"high\" decoding=\"async\" class=\"wp-image-199215 size-full\" title=\"MOC-34544 Bellagio Hotel for Modular City Las Vegas Modular Building by gabizon MOC FACTORY\" src=\"https:\/\/pay.lpwstore.com\/wp-content\/uploads\/2020\/12\/MOC-34544-Bellagio-Hotel-for-Modular-City-Las-Vegas-Modular-Building-by-gabizon-MOC-FACTORY.jpg\" alt=\"MOC-34544 Bellagio Hotel for Modular City Las Vegas Modular Building by gabizon MOC FACTORY\" width=\"800\" height=\"800\" \/><\/a><figcaption id=\"caption-attachment-199215\" class=\"wp-caption-text\">MOC-34544 Bellagio Hotel for Modular City Las Vegas Modular Building by gabizon MOC FACTORY<\/figcaption><\/figure>","protected":false},"excerpt":{"rendered":"<ul>\n<li>Tartalmazza <strong>506+<\/strong> db<\/li>\n<li>Online PDF oktat\u00e1s<\/li>\n<li>Kiv\u00e1l\u00f3 min\u0151s\u00e9g\u0171 ABS blokk<\/li>\n<\/ul>","protected":false},"featured_media":21934,"comment_status":"open","ping_status":"closed","template":"","meta":{"_acf_changed":false},"product_cat":[390],"product_tag":[],"class_list":["product","first","instock","shipping-taxable","purchasable","product-type-simple"],"acf":[],"_links":{"self":[{"href":"https:\/\/mouldking.store\/hu\/wp-json\/wp\/v2\/product\/21935","targetHints":{"allow":["GET"]}}],"collection":[{"href":"https:\/\/mouldking.store\/hu\/wp-json\/wp\/v2\/product"}],"about":[{"href":"https:\/\/mouldking.store\/hu\/wp-json\/wp\/v2\/types\/product"}],"replies":[{"embeddable":true,"href":"https:\/\/mouldking.store\/hu\/wp-json\/wp\/v2\/comments?post=21935"}],"wp:featuredmedia":[{"embeddable":true,"href":"https:\/\/mouldking.store\/hu\/wp-json\/wp\/v2\/media\/21934"}],"wp:attachment":[{"href":"https:\/\/mouldking.store\/hu\/wp-json\/wp\/v2\/media?parent=21935"}],"wp:term":[{"taxonomy":"product_cat","embeddable":true,"href":"https:\/\/mouldking.store\/hu\/wp-json\/wp\/v2\/product_cat?post=21935"},{"taxonomy":"product_tag","embeddable":true,"href":"https:\/\/mouldking.store\/hu\/wp-json\/wp\/v2\/product_tag?post=21935"}],"curies":[{"name":"wp","href":"https:\/\/api.w.org\/{rel}","templated":true}]}}