{"id":21946,"date":"2021-10-09T05:14:48","date_gmt":"2021-10-09T05:14:48","guid":{"rendered":"https:\/\/mouldking.store\/shop\/moc-31746-wind-turbine-farm-for-a-modular-city-creator-by-gabizon-moc-factory\/"},"modified":"2025-12-25T09:23:44","modified_gmt":"2025-12-25T02:23:44","slug":"moc-31746-wind-turbine-farm-for-a-modular-city-creator-by-gabizon-moc-factory","status":"publish","type":"product","link":"https:\/\/mouldking.store\/hu\/shop\/moc-31746-wind-turbine-farm-for-a-modular-city-creator-by-gabizon-moc-factory\/","title":{"rendered":"MOC-31746 Sz\u00e9lturbinafarm egy modul\u00e1ris v\u00e1ros alkot\u00f3j\u00e1nak, k\u00e9sz\u00edtette: gabizon MOC FACTORY"},"content":{"rendered":"<p>MOC-31746 Sz\u00e9lturbinafarm a Modular City Creator sz\u00e1m\u00e1ra a gabizont\u00f3l A MOC FACTORY a gabizon \u00e1ltal tervezett Creator kollekci\u00f3 k\u00e9szlete. Ehhez a MOC 31746-hoz PDF \u00fatmutat\u00f3 tartozik, amely k\u00f6nnyen \u00f6ssze\u00e1ll\u00edthat\u00f3 \u00e9s megtal\u00e1lhatja a hi\u00e1nyz\u00f3 r\u00e9szeket. A k\u00e9szlet 250 darabot tartalmaz, el\u0151sz\u00f6r 2020-ban adt\u00e1k ki.<\/p>\n<figure id=\"attachment_199280\" aria-describedby=\"caption-attachment-199280\" style=\"width: 800px\" class=\"wp-caption aligncenter\"><a href=\"https:\/\/pay.lpwstore.com\/wp-content\/uploads\/2020\/12\/MOC-31746-Wind-turbine-farm-for-a-Modular-City-Creator-by-gabizon-MOC-FACTORY.jpg\" target=\"_blank\" rel=\"noopener\"><img fetchpriority=\"high\" decoding=\"async\" class=\"wp-image-199280 size-full\" title=\"MOC-31746 Sz\u00e9lturbinafarm egy modul\u00e1ris v\u00e1ros alkot\u00f3j\u00e1nak, k\u00e9sz\u00edtette: gabizon MOC FACTORY\" src=\"https:\/\/pay.lpwstore.com\/wp-content\/uploads\/2020\/12\/MOC-31746-Wind-turbine-farm-for-a-Modular-City-Creator-by-gabizon-MOC-FACTORY.jpg\" alt=\"MOC-31746 Wind turbine farm for a Modular City Creator by gabizon MOC FACTORY\" width=\"800\" height=\"800\" \/><\/a><figcaption id=\"caption-attachment-199280\" class=\"wp-caption-text\">MOC-31746 Sz\u00e9lturbinafarm egy modul\u00e1ris v\u00e1ros alkot\u00f3j\u00e1nak, k\u00e9sz\u00edtette: gabizon MOC FACTORY<\/figcaption><\/figure>","protected":false},"excerpt":{"rendered":"<ul>\n<li>Tartalmazza <strong>250+<\/strong> db<\/li>\n<li>Online PDF oktat\u00e1s<\/li>\n<li>Kiv\u00e1l\u00f3 min\u0151s\u00e9g\u0171 ABS blokk<\/li>\n<\/ul>","protected":false},"featured_media":21945,"comment_status":"open","ping_status":"closed","template":"","meta":{"_acf_changed":false},"product_cat":[371],"product_tag":[],"class_list":["product","first","instock","shipping-taxable","purchasable","product-type-simple"],"acf":[],"_links":{"self":[{"href":"https:\/\/mouldking.store\/hu\/wp-json\/wp\/v2\/product\/21946","targetHints":{"allow":["GET"]}}],"collection":[{"href":"https:\/\/mouldking.store\/hu\/wp-json\/wp\/v2\/product"}],"about":[{"href":"https:\/\/mouldking.store\/hu\/wp-json\/wp\/v2\/types\/product"}],"replies":[{"embeddable":true,"href":"https:\/\/mouldking.store\/hu\/wp-json\/wp\/v2\/comments?post=21946"}],"wp:featuredmedia":[{"embeddable":true,"href":"https:\/\/mouldking.store\/hu\/wp-json\/wp\/v2\/media\/21945"}],"wp:attachment":[{"href":"https:\/\/mouldking.store\/hu\/wp-json\/wp\/v2\/media?parent=21946"}],"wp:term":[{"taxonomy":"product_cat","embeddable":true,"href":"https:\/\/mouldking.store\/hu\/wp-json\/wp\/v2\/product_cat?post=21946"},{"taxonomy":"product_tag","embeddable":true,"href":"https:\/\/mouldking.store\/hu\/wp-json\/wp\/v2\/product_tag?post=21946"}],"curies":[{"name":"wp","href":"https:\/\/api.w.org\/{rel}","templated":true}]}}