{"id":22000,"date":"2021-10-09T05:16:05","date_gmt":"2021-10-08T22:16:05","guid":{"rendered":"https:\/\/mouldking.store\/shop\/moc-13997-n-1-starfighter-minifig-scale-star-wars-by-brickvault-moc-factory\/"},"modified":"2025-12-25T09:23:42","modified_gmt":"2025-12-25T02:23:42","slug":"moc-13997-n-1-starfighter-minifig-scale-star-wars-by-brickvault-moc-factory","status":"publish","type":"product","link":"https:\/\/mouldking.store\/hu\/shop\/moc-13997-n-1-starfighter-minifig-scale-star-wars-by-brickvault-moc-factory\/","title":{"rendered":"MOC-13997 N-1 Starfighter &#8211; Minifig Scale Star Wars by brickvault MOC FACTORY"},"content":{"rendered":"<p style=\"text-align: left\">MOC-13997 N-1 Starfighter &#8211; Minifig Scale Star Wars by brickvault MOC FACTORY is a set in Star Wars collection, designed by brickvault. This MOC 13997 comes with PDF instruction which is easy to build and find the missing pieces. The set contains 373 pieces, first released in 2020.<\/p>\n<figure id=\"attachment_199461\" aria-describedby=\"caption-attachment-199461\" style=\"width: 800px\" class=\"wp-caption aligncenter\"><a href=\"https:\/\/pay.lpwstore.com\/wp-content\/uploads\/2020\/12\/MOC-13997-N-1-Starfighter-Minifig-Scale-Star-Wars-by-brickvault-MOC-FACTORY.jpg\" target=\"_blank\" rel=\"noopener\"><img fetchpriority=\"high\" decoding=\"async\" class=\"wp-image-199461 size-full\" title=\"MOC-13997 N-1 Starfighter - Minifig Scale Star Wars, brickvault MOC FACTORY\" src=\"https:\/\/pay.lpwstore.com\/wp-content\/uploads\/2020\/12\/MOC-13997-N-1-Starfighter-Minifig-Scale-Star-Wars-by-brickvault-MOC-FACTORY.jpg\" alt=\"MOC-13997 N-1 Starfighter - Minifig Scale Star Wars by brickvault MOC FACTORY\" width=\"800\" height=\"800\" \/><\/a><figcaption id=\"caption-attachment-199461\" class=\"wp-caption-text\">MOC-13997 N-1 Starfighter &#8211; Minifig Scale Star Wars by brickvault MOC FACTORY<\/figcaption><\/figure>\n<p><img decoding=\"async\" class=\"alignnone size-full wp-image-199462 aligncenter\" src=\"https:\/\/pay.lpwstore.com\/wp-content\/uploads\/2020\/12\/MOC-13997-N-1-Starfighter-Minifig-Scale-Star-Wars-by-brickvault-MOC-FACTORY-2.jpg\" alt=\"-\" width=\"800\" height=\"800\" title=\"-\"><\/p>","protected":false},"excerpt":{"rendered":"<ul>\n<li>Tartalmazza<strong> 373+<\/strong> db<\/li>\n<li>Online PDF oktat\u00e1s<\/li>\n<li>Kiv\u00e1l\u00f3 min\u0151s\u00e9g\u0171 ABS blokk<\/li>\n<\/ul>","protected":false},"featured_media":21998,"comment_status":"open","ping_status":"closed","template":"","meta":{"_acf_changed":false},"product_cat":[415],"product_tag":[],"class_list":["product","first","instock","shipping-taxable","purchasable","product-type-simple"],"acf":[],"_links":{"self":[{"href":"https:\/\/mouldking.store\/hu\/wp-json\/wp\/v2\/product\/22000","targetHints":{"allow":["GET"]}}],"collection":[{"href":"https:\/\/mouldking.store\/hu\/wp-json\/wp\/v2\/product"}],"about":[{"href":"https:\/\/mouldking.store\/hu\/wp-json\/wp\/v2\/types\/product"}],"replies":[{"embeddable":true,"href":"https:\/\/mouldking.store\/hu\/wp-json\/wp\/v2\/comments?post=22000"}],"wp:featuredmedia":[{"embeddable":true,"href":"https:\/\/mouldking.store\/hu\/wp-json\/wp\/v2\/media\/21998"}],"wp:attachment":[{"href":"https:\/\/mouldking.store\/hu\/wp-json\/wp\/v2\/media?parent=22000"}],"wp:term":[{"taxonomy":"product_cat","embeddable":true,"href":"https:\/\/mouldking.store\/hu\/wp-json\/wp\/v2\/product_cat?post=22000"},{"taxonomy":"product_tag","embeddable":true,"href":"https:\/\/mouldking.store\/hu\/wp-json\/wp\/v2\/product_tag?post=22000"}],"curies":[{"name":"wp","href":"https:\/\/api.w.org\/{rel}","templated":true}]}}