{"id":22013,"date":"2021-10-09T05:16:13","date_gmt":"2021-10-08T22:16:13","guid":{"rendered":"https:\/\/mouldking.store\/shop\/moc-53670-micro-among-us-the-skeld-space-by-bruxxy-moc-factory\/"},"modified":"2025-12-25T09:23:42","modified_gmt":"2025-12-25T02:23:42","slug":"moc-53670-micro-among-us-the-skeld-space-by-bruxxy-moc-factory","status":"publish","type":"product","link":"https:\/\/mouldking.store\/hu\/shop\/moc-53670-micro-among-us-the-skeld-space-by-bruxxy-moc-factory\/","title":{"rendered":"MOC-53670 Micro K\u00f6zt\u00fcnk \u2013 a Skeld Space a Bruxxy MOC FACTORY-t\u00f3l"},"content":{"rendered":"<p style=\"text-align: left\">MOC-53670 Micro K\u00f6zt\u00fcnkben \u2013 a Bruxxy Skeld Space A MOC FACTORY egy k\u00e9szlet a Space kollekci\u00f3b\u00f3l, amelyet a Bruxxy tervezett. Ehhez a MOC 53670-hez PDF utas\u00edt\u00e1sok tartoznak, amelyek k\u00f6nnyen \u00f6ssze\u00e1ll\u00edthat\u00f3k \u00e9s megtal\u00e1lhatj\u00e1k a hi\u00e1nyz\u00f3 r\u00e9szeket. A k\u00e9szlet 1460 darabot tartalmaz, el\u0151sz\u00f6r 2020-ban adt\u00e1k ki.<\/p>\n<figure id=\"attachment_199490\" aria-describedby=\"caption-attachment-199490\" style=\"width: 800px\" class=\"wp-caption aligncenter\"><a href=\"https:\/\/pay.lpwstore.com\/wp-content\/uploads\/2020\/12\/MOC-53670-Micro-Among-Us-the-Skeld-Space-by-Bruxxy-MOC-FACTORY.jpg\" target=\"_blank\" rel=\"noopener\"><img fetchpriority=\"high\" decoding=\"async\" class=\"wp-image-199490 size-full\" title=\"MOC-53670 Micro K\u00f6zt\u00fcnk \u2013 a Skeld Space, Bruxxy MOC FACTORY\" src=\"https:\/\/pay.lpwstore.com\/wp-content\/uploads\/2020\/12\/MOC-53670-Micro-Among-Us-the-Skeld-Space-by-Bruxxy-MOC-FACTORY.jpg\" alt=\"MOC-53670 Micro Among Us - the Skeld Space by Bruxxy MOC FACTORY\" width=\"800\" height=\"800\" \/><\/a><figcaption id=\"caption-attachment-199490\" class=\"wp-caption-text\">MOC-53670 Micro K\u00f6zt\u00fcnk \u2013 a Skeld Space a Bruxxy MOC FACTORY-t\u00f3l<\/figcaption><\/figure>\n<p><img decoding=\"async\" class=\"alignnone size-full wp-image-199491 aligncenter\" src=\"https:\/\/pay.lpwstore.com\/wp-content\/uploads\/2020\/12\/MOC-53670-Micro-Among-Us-the-Skeld-Space-by-Bruxxy-MOC-FACTORY-2.jpg\" alt=\"-\" width=\"800\" height=\"800\" title=\"-\"> <img decoding=\"async\" class=\"alignnone size-full wp-image-199492 aligncenter\" src=\"https:\/\/pay.lpwstore.com\/wp-content\/uploads\/2020\/12\/MOC-53670-Micro-Among-Us-the-Skeld-Space-by-Bruxxy-MOC-FACTORY-3.jpg\" alt=\"-\" width=\"800\" height=\"800\" title=\"-\"><\/p>","protected":false},"excerpt":{"rendered":"<ul>\n<li>Tartalmazza <strong>1460+<\/strong> db<\/li>\n<li>Online PDF oktat\u00e1s<\/li>\n<li>Kiv\u00e1l\u00f3 min\u0151s\u00e9g\u0171 ABS blokk<\/li>\n<\/ul>","protected":false},"featured_media":22010,"comment_status":"open","ping_status":"closed","template":"","meta":{"_acf_changed":false},"product_cat":[371],"product_tag":[],"class_list":["product","first","instock","shipping-taxable","purchasable","product-type-simple"],"acf":[],"_links":{"self":[{"href":"https:\/\/mouldking.store\/hu\/wp-json\/wp\/v2\/product\/22013","targetHints":{"allow":["GET"]}}],"collection":[{"href":"https:\/\/mouldking.store\/hu\/wp-json\/wp\/v2\/product"}],"about":[{"href":"https:\/\/mouldking.store\/hu\/wp-json\/wp\/v2\/types\/product"}],"replies":[{"embeddable":true,"href":"https:\/\/mouldking.store\/hu\/wp-json\/wp\/v2\/comments?post=22013"}],"wp:featuredmedia":[{"embeddable":true,"href":"https:\/\/mouldking.store\/hu\/wp-json\/wp\/v2\/media\/22010"}],"wp:attachment":[{"href":"https:\/\/mouldking.store\/hu\/wp-json\/wp\/v2\/media?parent=22013"}],"wp:term":[{"taxonomy":"product_cat","embeddable":true,"href":"https:\/\/mouldking.store\/hu\/wp-json\/wp\/v2\/product_cat?post=22013"},{"taxonomy":"product_tag","embeddable":true,"href":"https:\/\/mouldking.store\/hu\/wp-json\/wp\/v2\/product_tag?post=22013"}],"curies":[{"name":"wp","href":"https:\/\/api.w.org\/{rel}","templated":true}]}}