{"id":22022,"date":"2021-10-09T05:16:23","date_gmt":"2021-10-08T22:16:23","guid":{"rendered":"https:\/\/mouldking.store\/shop\/moc-50076-yavin-iv-rebel-base-with-interior-star-wars-by-bruxxy-moc-factory\/"},"modified":"2025-12-25T09:23:39","modified_gmt":"2025-12-25T02:23:39","slug":"moc-50076-yavin-iv-rebel-base-with-interior-star-wars-by-bruxxy-moc-factory","status":"publish","type":"product","link":"https:\/\/mouldking.store\/hu\/shop\/moc-50076-yavin-iv-rebel-base-with-interior-star-wars-by-bruxxy-moc-factory\/","title":{"rendered":"MOC-50076 Yavin IV Rebel Base (bels\u0151vel) Star Wars, Bruxxy MOC FACTORY"},"content":{"rendered":"<ul>\n<li style=\"text-align: left;\">MOC-50076 Yavin IV Rebel Base (bels\u0151vel) A Star Wars by Bruxxy MOC FACTORY a Bruxxy \u00e1ltal tervezett Star Wars kollekci\u00f3 k\u00e9szlete. Ehhez a MOC 50076-hoz PDF utas\u00edt\u00e1sok tartoznak, amelyeket k\u00f6nny\u0171 \u00f6ssze\u00e1ll\u00edtani \u00e9s megtal\u00e1lni a hi\u00e1nyz\u00f3 darabokat. A k\u00e9szlet 2293 darabot tartalmaz, el\u0151sz\u00f6r 2020-ban adt\u00e1k ki.<\/li>\n<li>Rendel\u00e9si id\u0151: 4-7 h\u00e9t<\/li>\n<\/ul>\n<figure id=\"attachment_199500\" class=\"wp-caption aligncenter\" style=\"width: 800px;\" aria-describedby=\"caption-attachment-199500\"><figcaption id=\"caption-attachment-199500\" class=\"wp-caption-text\">\n<figure id=\"attachment_22019\" aria-describedby=\"caption-attachment-22019\" style=\"width: 800px\" class=\"wp-caption aligncenter\"><img fetchpriority=\"high\" decoding=\"async\" class=\"wp-image-22019 size-full\" src=\"https:\/\/mouldking.store\/wp-content\/uploads\/2021\/10\/MOC-50076-Yavin-IV-Rebel-Base-with-interior-Star-Wars-by-Bruxxy-MOC-FACTORY.jpg\" alt=\"MOC-50076 Yavin IV Rebel Base (with interior) Star Wars by Bruxxy MOC FACTORY\" width=\"800\" height=\"800\" title=\"-\" srcset=\"https:\/\/mouldking.store\/wp-content\/uploads\/2021\/10\/MOC-50076-Yavin-IV-Rebel-Base-with-interior-Star-Wars-by-Bruxxy-MOC-FACTORY.jpg 800w, https:\/\/mouldking.store\/wp-content\/uploads\/2021\/10\/MOC-50076-Yavin-IV-Rebel-Base-with-interior-Star-Wars-by-Bruxxy-MOC-FACTORY-300x300.jpg 300w, https:\/\/mouldking.store\/wp-content\/uploads\/2021\/10\/MOC-50076-Yavin-IV-Rebel-Base-with-interior-Star-Wars-by-Bruxxy-MOC-FACTORY-768x768.jpg 768w, https:\/\/mouldking.store\/wp-content\/uploads\/2021\/10\/MOC-50076-Yavin-IV-Rebel-Base-with-interior-Star-Wars-by-Bruxxy-MOC-FACTORY-600x600.jpg 600w, https:\/\/mouldking.store\/wp-content\/uploads\/2021\/10\/MOC-50076-Yavin-IV-Rebel-Base-with-interior-Star-Wars-by-Bruxxy-MOC-FACTORY-150x150.jpg 150w\" sizes=\"(max-width: 800px) 100vw, 800px\" \/><figcaption id=\"caption-attachment-22019\" class=\"wp-caption-text\">MOC-50076 Yavin IV Rebel Base (bels\u0151vel) Star Wars, Bruxxy MOC FACTORY<\/figcaption><\/figure>\n<figure id=\"attachment_22020\" aria-describedby=\"caption-attachment-22020\" style=\"width: 800px\" class=\"wp-caption aligncenter\"><img decoding=\"async\" class=\"wp-image-22020 size-full\" src=\"https:\/\/mouldking.store\/wp-content\/uploads\/2021\/10\/MOC-50076-Yavin-IV-Rebel-Base-with-interior-Star-Wars-by-Bruxxy-MOC-FACTORY-2.jpg\" alt=\"MOC-50076 Yavin IV Rebel Base (with interior) Star Wars by Bruxxy MOC FACTORY\" width=\"800\" height=\"800\" title=\"-\" srcset=\"https:\/\/mouldking.store\/wp-content\/uploads\/2021\/10\/MOC-50076-Yavin-IV-Rebel-Base-with-interior-Star-Wars-by-Bruxxy-MOC-FACTORY-2.jpg 800w, https:\/\/mouldking.store\/wp-content\/uploads\/2021\/10\/MOC-50076-Yavin-IV-Rebel-Base-with-interior-Star-Wars-by-Bruxxy-MOC-FACTORY-2-300x300.jpg 300w, https:\/\/mouldking.store\/wp-content\/uploads\/2021\/10\/MOC-50076-Yavin-IV-Rebel-Base-with-interior-Star-Wars-by-Bruxxy-MOC-FACTORY-2-768x768.jpg 768w, https:\/\/mouldking.store\/wp-content\/uploads\/2021\/10\/MOC-50076-Yavin-IV-Rebel-Base-with-interior-Star-Wars-by-Bruxxy-MOC-FACTORY-2-600x600.jpg 600w, https:\/\/mouldking.store\/wp-content\/uploads\/2021\/10\/MOC-50076-Yavin-IV-Rebel-Base-with-interior-Star-Wars-by-Bruxxy-MOC-FACTORY-2-150x150.jpg 150w\" sizes=\"(max-width: 800px) 100vw, 800px\" \/><figcaption id=\"caption-attachment-22020\" class=\"wp-caption-text\">MOC-50076 Yavin IV Rebel Base (bels\u0151vel) Star Wars, Bruxxy MOC FACTORY<\/figcaption><\/figure>\n<figure id=\"attachment_22021\" aria-describedby=\"caption-attachment-22021\" style=\"width: 800px\" class=\"wp-caption aligncenter\"><img decoding=\"async\" class=\"wp-image-22021 size-full\" src=\"https:\/\/mouldking.store\/wp-content\/uploads\/2021\/10\/MOC-50076-Yavin-IV-Rebel-Base-with-interior-Star-Wars-by-Bruxxy-MOC-FACTORY-3.jpg\" alt=\"MOC-50076 Yavin IV Rebel Base (with interior) Star Wars by Bruxxy MOC FACTORY\" width=\"800\" height=\"800\" title=\"-\" srcset=\"https:\/\/mouldking.store\/wp-content\/uploads\/2021\/10\/MOC-50076-Yavin-IV-Rebel-Base-with-interior-Star-Wars-by-Bruxxy-MOC-FACTORY-3.jpg 800w, https:\/\/mouldking.store\/wp-content\/uploads\/2021\/10\/MOC-50076-Yavin-IV-Rebel-Base-with-interior-Star-Wars-by-Bruxxy-MOC-FACTORY-3-300x300.jpg 300w, https:\/\/mouldking.store\/wp-content\/uploads\/2021\/10\/MOC-50076-Yavin-IV-Rebel-Base-with-interior-Star-Wars-by-Bruxxy-MOC-FACTORY-3-768x768.jpg 768w, https:\/\/mouldking.store\/wp-content\/uploads\/2021\/10\/MOC-50076-Yavin-IV-Rebel-Base-with-interior-Star-Wars-by-Bruxxy-MOC-FACTORY-3-600x600.jpg 600w, https:\/\/mouldking.store\/wp-content\/uploads\/2021\/10\/MOC-50076-Yavin-IV-Rebel-Base-with-interior-Star-Wars-by-Bruxxy-MOC-FACTORY-3-150x150.jpg 150w\" sizes=\"(max-width: 800px) 100vw, 800px\" \/><figcaption id=\"caption-attachment-22021\" class=\"wp-caption-text\">MOC-50076 Yavin IV Rebel Base (bels\u0151vel) Star Wars, Bruxxy MOC FACTORY<\/figcaption><\/figure>\n<\/figcaption><\/figure>\n<p>&nbsp;<\/p>","protected":false},"excerpt":{"rendered":"<ul>\n<li>Tartalmazza\u00a0<strong>2293+<\/strong>\u00a0db<\/li>\n<li>Online PDF oktat\u00e1s<\/li>\n<li>Kiv\u00e1l\u00f3 min\u0151s\u00e9g\u0171 ABS blokk<\/li>\n<\/ul>","protected":false},"featured_media":22019,"comment_status":"open","ping_status":"closed","template":"","meta":{"_acf_changed":false},"product_cat":[415],"product_tag":[5686,5685,5684,5687],"class_list":["product","first","instock","shipping-taxable","purchasable","product-type-simple"],"acf":[],"_links":{"self":[{"href":"https:\/\/mouldking.store\/hu\/wp-json\/wp\/v2\/product\/22022","targetHints":{"allow":["GET"]}}],"collection":[{"href":"https:\/\/mouldking.store\/hu\/wp-json\/wp\/v2\/product"}],"about":[{"href":"https:\/\/mouldking.store\/hu\/wp-json\/wp\/v2\/types\/product"}],"replies":[{"embeddable":true,"href":"https:\/\/mouldking.store\/hu\/wp-json\/wp\/v2\/comments?post=22022"}],"wp:featuredmedia":[{"embeddable":true,"href":"https:\/\/mouldking.store\/hu\/wp-json\/wp\/v2\/media\/22019"}],"wp:attachment":[{"href":"https:\/\/mouldking.store\/hu\/wp-json\/wp\/v2\/media?parent=22022"}],"wp:term":[{"taxonomy":"product_cat","embeddable":true,"href":"https:\/\/mouldking.store\/hu\/wp-json\/wp\/v2\/product_cat?post=22022"},{"taxonomy":"product_tag","embeddable":true,"href":"https:\/\/mouldking.store\/hu\/wp-json\/wp\/v2\/product_tag?post=22022"}],"curies":[{"name":"wp","href":"https:\/\/api.w.org\/{rel}","templated":true}]}}