{"id":22026,"date":"2021-10-09T05:16:26","date_gmt":"2021-10-08T22:16:26","guid":{"rendered":"https:\/\/mouldking.store\/shop\/moc-39220-echo-base-shield-generator-star-wars-by-papaglop-moc-factory\/"},"modified":"2025-12-25T09:23:39","modified_gmt":"2025-12-25T02:23:39","slug":"moc-39220-echo-base-shield-generator-star-wars-by-papaglop-moc-factory","status":"publish","type":"product","link":"https:\/\/mouldking.store\/hu\/shop\/moc-39220-echo-base-shield-generator-star-wars-by-papaglop-moc-factory\/","title":{"rendered":"MOC-39220 Echo Base Shield Generator Star Wars, a papaglop MOC FACTORY"},"content":{"rendered":"<p style=\"text-align: left\">MOC-39220 Echo Base Shield Generator Star Wars by papaglop MOC FACTORY is a set in Star Wars collection, designed by papaglop. This MOC 39220 comes with PDF instruction which is easy to build and find the missing pieces. The set contains 1263 pieces, first released in 2020.<\/p>\n<figure id=\"attachment_199506\" aria-describedby=\"caption-attachment-199506\" style=\"width: 800px\" class=\"wp-caption aligncenter\"><a href=\"https:\/\/pay.lpwstore.com\/wp-content\/uploads\/2020\/12\/MOC-39220-Echo-Base-Shield-Generator-Star-Wars-by-papaglop-MOC-FACTORY.jpg\" target=\"_blank\" rel=\"noopener\"><img fetchpriority=\"high\" decoding=\"async\" class=\"wp-image-199506 size-full\" title=\"MOC-39220 Echo Base Shield Generator Star Wars, a papaglop MOC FACTORY\" src=\"https:\/\/pay.lpwstore.com\/wp-content\/uploads\/2020\/12\/MOC-39220-Echo-Base-Shield-Generator-Star-Wars-by-papaglop-MOC-FACTORY.jpg\" alt=\"MOC-39220 Echo Base Shield Generator Star Wars by papaglop MOC FACTORY\" width=\"800\" height=\"800\" \/><\/a><figcaption id=\"caption-attachment-199506\" class=\"wp-caption-text\">MOC-39220 Echo Base Shield Generator Star Wars, a papaglop MOC FACTORY<\/figcaption><\/figure>\n<p><img decoding=\"async\" class=\"alignnone size-full wp-image-199507 aligncenter\" src=\"https:\/\/pay.lpwstore.com\/wp-content\/uploads\/2020\/12\/MOC-39220-Echo-Base-Shield-Generator-Star-Wars-by-papaglop-MOC-FACTORY-2.jpg\" alt=\"-\" width=\"800\" height=\"800\" title=\"-\"> <img decoding=\"async\" class=\"alignnone size-full wp-image-199508 aligncenter\" src=\"https:\/\/pay.lpwstore.com\/wp-content\/uploads\/2020\/12\/MOC-39220-Echo-Base-Shield-Generator-Star-Wars-by-papaglop-MOC-FACTORY-3.jpg\" alt=\"-\" width=\"800\" height=\"800\" title=\"-\"><\/p>","protected":false},"excerpt":{"rendered":"<ul>\n<li>Tartalmazza\u00a0<strong>1263+<\/strong>\u00a0db<\/li>\n<li>Online PDF oktat\u00e1s<\/li>\n<li>Kiv\u00e1l\u00f3 min\u0151s\u00e9g\u0171 ABS blokk<\/li>\n<\/ul>","protected":false},"featured_media":22023,"comment_status":"open","ping_status":"closed","template":"","meta":{"_acf_changed":false},"product_cat":[415],"product_tag":[],"class_list":["product","first","outofstock","shipping-taxable","purchasable","product-type-simple"],"acf":[],"_links":{"self":[{"href":"https:\/\/mouldking.store\/hu\/wp-json\/wp\/v2\/product\/22026","targetHints":{"allow":["GET"]}}],"collection":[{"href":"https:\/\/mouldking.store\/hu\/wp-json\/wp\/v2\/product"}],"about":[{"href":"https:\/\/mouldking.store\/hu\/wp-json\/wp\/v2\/types\/product"}],"replies":[{"embeddable":true,"href":"https:\/\/mouldking.store\/hu\/wp-json\/wp\/v2\/comments?post=22026"}],"wp:featuredmedia":[{"embeddable":true,"href":"https:\/\/mouldking.store\/hu\/wp-json\/wp\/v2\/media\/22023"}],"wp:attachment":[{"href":"https:\/\/mouldking.store\/hu\/wp-json\/wp\/v2\/media?parent=22026"}],"wp:term":[{"taxonomy":"product_cat","embeddable":true,"href":"https:\/\/mouldking.store\/hu\/wp-json\/wp\/v2\/product_cat?post=22026"},{"taxonomy":"product_tag","embeddable":true,"href":"https:\/\/mouldking.store\/hu\/wp-json\/wp\/v2\/product_tag?post=22026"}],"curies":[{"name":"wp","href":"https:\/\/api.w.org\/{rel}","templated":true}]}}