{"id":22044,"date":"2021-10-09T05:17:24","date_gmt":"2021-10-08T22:17:24","guid":{"rendered":"https:\/\/mouldking.store\/shop\/moc-56231-mandalorian-s2-krykna-spider-star-wars-by-6211-moc-factory\/"},"modified":"2025-12-25T09:23:39","modified_gmt":"2025-12-25T02:23:39","slug":"moc-56231-mandalorian-s2-krykna-spider-star-wars-by-6211-moc-factory","status":"publish","type":"product","link":"https:\/\/mouldking.store\/hu\/shop\/moc-56231-mandalorian-s2-krykna-spider-star-wars-by-6211-moc-factory\/","title":{"rendered":"MOC-56231 Mandalorian S2 Krykna Spider Star Wars, 6211 MOC FACTORY"},"content":{"rendered":"<p>A 6211 MOC FACTORY MOC-56231 Mandalorian S2 Krykna Spider Star Wars k\u00e9szlete a 6211 \u00e1ltal tervezett Star Wars gy\u0171jtem\u00e9nyben. Ehhez a MOC 56231-hez PDF utas\u00edt\u00e1sok tartoznak, amelyek k\u00f6nnyen \u00f6ssze\u00e1ll\u00edthat\u00f3k \u00e9s megtal\u00e1lhatj\u00e1k a hi\u00e1nyz\u00f3 darabokat. A k\u00e9szlet 122 darabot tartalmaz, el\u0151sz\u00f6r 2020-ban adt\u00e1k ki.<\/p>\n<figure id=\"attachment_199586\" aria-describedby=\"caption-attachment-199586\" style=\"width: 800px\" class=\"wp-caption aligncenter\"><a href=\"https:\/\/pay.lpwstore.com\/wp-content\/uploads\/2020\/12\/MOC-56231-Mandalorian-S2-Krykna-Spider-Star-Wars-by-6211-MOC-FACTORY.jpg\" target=\"_blank\" rel=\"noopener\"><img fetchpriority=\"high\" decoding=\"async\" class=\"wp-image-199586 size-full\" title=\"MOC-56231 Mandalorian S2 Krykna Spider Star Wars, 6211 MOC FACTORY\" src=\"https:\/\/pay.lpwstore.com\/wp-content\/uploads\/2020\/12\/MOC-56231-Mandalorian-S2-Krykna-Spider-Star-Wars-by-6211-MOC-FACTORY.jpg\" alt=\"MOC-56231 Mandalorian S2 Krykna Spider Star Wars by 6211 MOC FACTORY\" width=\"800\" height=\"800\" \/><\/a><figcaption id=\"caption-attachment-199586\" class=\"wp-caption-text\">MOC-56231 Mandalorian S2 Krykna Spider Star Wars, 6211 MOC FACTORY<\/figcaption><\/figure>","protected":false},"excerpt":{"rendered":"<ul>\n<li>Tartalmazza <strong>122+<\/strong> db<\/li>\n<li>Online PDF oktat\u00e1s<\/li>\n<li>Kiv\u00e1l\u00f3 min\u0151s\u00e9g\u0171 ABS blokk<\/li>\n<\/ul>","protected":false},"featured_media":22043,"comment_status":"open","ping_status":"closed","template":"","meta":{"_acf_changed":false},"product_cat":[415],"product_tag":[],"class_list":["product","first","outofstock","shipping-taxable","purchasable","product-type-simple"],"acf":[],"_links":{"self":[{"href":"https:\/\/mouldking.store\/hu\/wp-json\/wp\/v2\/product\/22044","targetHints":{"allow":["GET"]}}],"collection":[{"href":"https:\/\/mouldking.store\/hu\/wp-json\/wp\/v2\/product"}],"about":[{"href":"https:\/\/mouldking.store\/hu\/wp-json\/wp\/v2\/types\/product"}],"replies":[{"embeddable":true,"href":"https:\/\/mouldking.store\/hu\/wp-json\/wp\/v2\/comments?post=22044"}],"wp:featuredmedia":[{"embeddable":true,"href":"https:\/\/mouldking.store\/hu\/wp-json\/wp\/v2\/media\/22043"}],"wp:attachment":[{"href":"https:\/\/mouldking.store\/hu\/wp-json\/wp\/v2\/media?parent=22044"}],"wp:term":[{"taxonomy":"product_cat","embeddable":true,"href":"https:\/\/mouldking.store\/hu\/wp-json\/wp\/v2\/product_cat?post=22044"},{"taxonomy":"product_tag","embeddable":true,"href":"https:\/\/mouldking.store\/hu\/wp-json\/wp\/v2\/product_tag?post=22044"}],"curies":[{"name":"wp","href":"https:\/\/api.w.org\/{rel}","templated":true}]}}