{"id":22049,"date":"2021-10-09T05:17:27","date_gmt":"2021-10-09T05:17:27","guid":{"rendered":"https:\/\/mouldking.store\/shop\/moc-35522-stranger-things-demogorgon-moc-brickheadz-creator-by-custominstructions-moc-factory\/"},"modified":"2025-12-25T09:23:39","modified_gmt":"2025-12-25T02:23:39","slug":"moc-35522-stranger-things-demogorgon-moc-brickheadz-creator-by-custominstructions-moc-factory","status":"publish","type":"product","link":"https:\/\/mouldking.store\/hu\/shop\/moc-35522-stranger-things-demogorgon-moc-brickheadz-creator-by-custominstructions-moc-factory\/","title":{"rendered":"MOC-35522 Stranger Things Demogorgon MOC Brickheadz Creator egyedi utas\u00edt\u00e1sok alapj\u00e1n MOC FACTORY"},"content":{"rendered":"<p style=\"text-align: left\">MOC-35522 Stranger Things Demogorgon MOC Brickheadz Creator by custominstructions MOC FACTORY is a set in Creator collection, designed by custominstructions. This MOC 35522 comes with PDF instruction which is easy to build and find the missing pieces. The set contains 158 pieces, first released in 2020.<\/p>\n<figure id=\"attachment_199588\" aria-describedby=\"caption-attachment-199588\" style=\"width: 800px\" class=\"wp-caption aligncenter\"><a href=\"https:\/\/pay.lpwstore.com\/wp-content\/uploads\/2020\/12\/MOC-35522-Stranger-Things-Demogorgon-MOC-Brickheadz-Creator-by-custominstructions-MOC-FACTORY.jpg\" target=\"_blank\" rel=\"noopener\"><img fetchpriority=\"high\" decoding=\"async\" class=\"wp-image-199588 size-full\" title=\"MOC-35522 Stranger Things Demogorgon MOC Brickheadz Creator egyedi utas\u00edt\u00e1sok alapj\u00e1n MOC FACTORY\" src=\"https:\/\/pay.lpwstore.com\/wp-content\/uploads\/2020\/12\/MOC-35522-Stranger-Things-Demogorgon-MOC-Brickheadz-Creator-by-custominstructions-MOC-FACTORY.jpg\" alt=\"MOC-35522 Stranger Things Demogorgon MOC Brickheadz Creator by custominstructions MOC FACTORY\" width=\"800\" height=\"800\" \/><\/a><figcaption id=\"caption-attachment-199588\" class=\"wp-caption-text\">MOC-35522 Stranger Things Demogorgon MOC Brickheadz Creator egyedi utas\u00edt\u00e1sok alapj\u00e1n MOC FACTORY<\/figcaption><\/figure>\n<p><img decoding=\"async\" class=\"alignnone size-full wp-image-199589 aligncenter\" src=\"https:\/\/pay.lpwstore.com\/wp-content\/uploads\/2020\/12\/MOC-35522-Stranger-Things-Demogorgon-MOC-Brickheadz-Creator-by-custominstructions-MOC-FACTORY-2.jpg\" alt=\"-\" width=\"800\" height=\"800\" title=\"-\"> <img decoding=\"async\" class=\"alignnone size-full wp-image-199590 aligncenter\" src=\"https:\/\/pay.lpwstore.com\/wp-content\/uploads\/2020\/12\/MOC-35522-Stranger-Things-Demogorgon-MOC-Brickheadz-Creator-by-custominstructions-MOC-FACTORY-3.jpg\" alt=\"-\" width=\"800\" height=\"800\" title=\"-\"> <img loading=\"lazy\" decoding=\"async\" class=\"alignnone size-full wp-image-199591 aligncenter\" src=\"https:\/\/pay.lpwstore.com\/wp-content\/uploads\/2020\/12\/MOC-35522-Stranger-Things-Demogorgon-MOC-Brickheadz-Creator-by-custominstructions-MOC-FACTORY-4.jpg\" alt=\"-\" width=\"800\" height=\"800\" title=\"-\"><\/p>","protected":false},"excerpt":{"rendered":"<ul>\n<li>Tartalmazza\u00a0<strong>158+<\/strong>\u00a0db<\/li>\n<li>Online PDF oktat\u00e1s<\/li>\n<li>Kiv\u00e1l\u00f3 min\u0151s\u00e9g\u0171 ABS blokk<\/li>\n<\/ul>","protected":false},"featured_media":22045,"comment_status":"open","ping_status":"closed","template":"","meta":{"_acf_changed":false},"product_cat":[371],"product_tag":[],"class_list":["product","first","instock","shipping-taxable","purchasable","product-type-simple"],"acf":[],"_links":{"self":[{"href":"https:\/\/mouldking.store\/hu\/wp-json\/wp\/v2\/product\/22049","targetHints":{"allow":["GET"]}}],"collection":[{"href":"https:\/\/mouldking.store\/hu\/wp-json\/wp\/v2\/product"}],"about":[{"href":"https:\/\/mouldking.store\/hu\/wp-json\/wp\/v2\/types\/product"}],"replies":[{"embeddable":true,"href":"https:\/\/mouldking.store\/hu\/wp-json\/wp\/v2\/comments?post=22049"}],"wp:featuredmedia":[{"embeddable":true,"href":"https:\/\/mouldking.store\/hu\/wp-json\/wp\/v2\/media\/22045"}],"wp:attachment":[{"href":"https:\/\/mouldking.store\/hu\/wp-json\/wp\/v2\/media?parent=22049"}],"wp:term":[{"taxonomy":"product_cat","embeddable":true,"href":"https:\/\/mouldking.store\/hu\/wp-json\/wp\/v2\/product_cat?post=22049"},{"taxonomy":"product_tag","embeddable":true,"href":"https:\/\/mouldking.store\/hu\/wp-json\/wp\/v2\/product_tag?post=22049"}],"curies":[{"name":"wp","href":"https:\/\/api.w.org\/{rel}","templated":true}]}}