{"id":22059,"date":"2021-10-09T05:17:43","date_gmt":"2021-10-08T22:17:43","guid":{"rendered":"https:\/\/mouldking.store\/shop\/moc-56967-mini-set-10256-taj-mahal-creator-by-gabizon-moc-factory\/"},"modified":"2025-12-25T09:23:38","modified_gmt":"2025-12-25T02:23:38","slug":"moc-56967-mini-set-10256-taj-mahal-creator-by-gabizon-moc-factory","status":"publish","type":"product","link":"https:\/\/mouldking.store\/hu\/shop\/moc-56967-mini-set-10256-taj-mahal-creator-by-gabizon-moc-factory\/","title":{"rendered":"MOC-56967 Mini SET 10256 Taj Mahal Creator by gabizon MOC FACTORY"},"content":{"rendered":"<p style=\"text-align: left\">MOC-56967 Mini SET 10256 Taj Mahal Creator by gabizon MOC FACTORY is a set in Creator collection, designed by gabizon. This MOC 56967 comes with PDF instruction which is easy to build and find the missing pieces. The set contains 384 pieces, first released in 2020.<\/p>\n<figure id=\"attachment_199600\" aria-describedby=\"caption-attachment-199600\" style=\"width: 800px\" class=\"wp-caption aligncenter\"><a href=\"https:\/\/pay.lpwstore.com\/wp-content\/uploads\/2020\/12\/MOC-56967-Mini-SET-10256-Taj-Mahal-Creator-by-gabizon-MOC-FACTORY.jpg\" target=\"_blank\" rel=\"noopener\"><img fetchpriority=\"high\" decoding=\"async\" class=\"wp-image-199600 size-full\" title=\"MOC-56967 Mini SET 10256 Taj Mahal Creator by gabizon MOC FACTORY\" src=\"https:\/\/pay.lpwstore.com\/wp-content\/uploads\/2020\/12\/MOC-56967-Mini-SET-10256-Taj-Mahal-Creator-by-gabizon-MOC-FACTORY.jpg\" alt=\"MOC-56967 Mini SET 10256 Taj Mahal Creator by gabizon MOC FACTORY\" width=\"800\" height=\"800\" \/><\/a><figcaption id=\"caption-attachment-199600\" class=\"wp-caption-text\">MOC-56967 Mini SET 10256 Taj Mahal Creator by gabizon MOC FACTORY<\/figcaption><\/figure>\n<p><img decoding=\"async\" class=\"alignnone size-full wp-image-199601 aligncenter\" src=\"https:\/\/pay.lpwstore.com\/wp-content\/uploads\/2020\/12\/MOC-56967-Mini-SET-10256-Taj-Mahal-Creator-by-gabizon-MOC-FACTORY-2.jpg\" alt=\"-\" width=\"800\" height=\"800\" title=\"-\"><\/p>","protected":false},"excerpt":{"rendered":"<ul>\n<li>Tartalmazza\u00a0<strong>384+<\/strong>\u00a0db<\/li>\n<li>Online PDF oktat\u00e1s<\/li>\n<li>Kiv\u00e1l\u00f3 min\u0151s\u00e9g\u0171 ABS blokk<\/li>\n<\/ul>","protected":false},"featured_media":22057,"comment_status":"open","ping_status":"closed","template":"","meta":{"_acf_changed":false},"product_cat":[371],"product_tag":[],"class_list":["product","first","outofstock","shipping-taxable","purchasable","product-type-simple"],"acf":[],"_links":{"self":[{"href":"https:\/\/mouldking.store\/hu\/wp-json\/wp\/v2\/product\/22059","targetHints":{"allow":["GET"]}}],"collection":[{"href":"https:\/\/mouldking.store\/hu\/wp-json\/wp\/v2\/product"}],"about":[{"href":"https:\/\/mouldking.store\/hu\/wp-json\/wp\/v2\/types\/product"}],"replies":[{"embeddable":true,"href":"https:\/\/mouldking.store\/hu\/wp-json\/wp\/v2\/comments?post=22059"}],"wp:featuredmedia":[{"embeddable":true,"href":"https:\/\/mouldking.store\/hu\/wp-json\/wp\/v2\/media\/22057"}],"wp:attachment":[{"href":"https:\/\/mouldking.store\/hu\/wp-json\/wp\/v2\/media?parent=22059"}],"wp:term":[{"taxonomy":"product_cat","embeddable":true,"href":"https:\/\/mouldking.store\/hu\/wp-json\/wp\/v2\/product_cat?post=22059"},{"taxonomy":"product_tag","embeddable":true,"href":"https:\/\/mouldking.store\/hu\/wp-json\/wp\/v2\/product_tag?post=22059"}],"curies":[{"name":"wp","href":"https:\/\/api.w.org\/{rel}","templated":true}]}}