{"id":22071,"date":"2021-10-09T05:18:07","date_gmt":"2021-10-08T22:18:07","guid":{"rendered":"https:\/\/mouldking.store\/shop\/moc-56187-destiny-arcadia-class-jumpship-space-by-legobodgers-moc-factory\/"},"modified":"2025-12-25T09:23:38","modified_gmt":"2025-12-25T02:23:38","slug":"moc-56187-destiny-arcadia-class-jumpship-space-by-legobodgers-moc-factory","status":"publish","type":"product","link":"https:\/\/mouldking.store\/hu\/shop\/moc-56187-destiny-arcadia-class-jumpship-space-by-legobodgers-moc-factory\/","title":{"rendered":"MOC-56187 Destiny Arcadia oszt\u00e1ly\u00fa jumpship Space a legobodgerst\u0151l MOC FACTORY"},"content":{"rendered":"<p style=\"text-align: left\">MOC-56187 Destiny Arcadia-class jumpship Space by legobodgers MOC FACTORY is a set in Space collection, designed by legobodgers. This MOC 56187 comes with PDF instruction which is easy to build and find the missing pieces. The set contains 1007 pieces, first released in 2020.<\/p>\n<figure id=\"attachment_199612\" aria-describedby=\"caption-attachment-199612\" style=\"width: 800px\" class=\"wp-caption aligncenter\"><a href=\"https:\/\/pay.lpwstore.com\/wp-content\/uploads\/2020\/12\/MOC-56187-Destiny-Arcadia-class-jumpship-Space-by-legobodgers-MOC-FACTORY.jpg\" target=\"_blank\" rel=\"noopener\"><img fetchpriority=\"high\" decoding=\"async\" class=\"wp-image-199612 size-full\" title=\"MOC-56187 Destiny Arcadia oszt\u00e1ly\u00fa jumpship Space a legobodgerst\u0151l MOC FACTORY \" src=\"https:\/\/pay.lpwstore.com\/wp-content\/uploads\/2020\/12\/MOC-56187-Destiny-Arcadia-class-jumpship-Space-by-legobodgers-MOC-FACTORY.jpg\" alt=\"MOC-56187 Destiny Arcadia-class jumpship Space by legobodgers MOC FACTORY \" width=\"800\" height=\"800\" \/><\/a><figcaption id=\"caption-attachment-199612\" class=\"wp-caption-text\">MOC-56187 Destiny Arcadia oszt\u00e1ly\u00fa jumpship Space a legobodgerst\u0151l MOC FACTORY<\/figcaption><\/figure>\n<p><img decoding=\"async\" class=\"alignnone size-full wp-image-199613 aligncenter\" src=\"https:\/\/pay.lpwstore.com\/wp-content\/uploads\/2020\/12\/MOC-56187-Destiny-Arcadia-class-jumpship-Space-by-legobodgers-MOC-FACTORY-2.jpg\" alt=\"-\" width=\"800\" height=\"800\" title=\"-\"><\/p>","protected":false},"excerpt":{"rendered":"<ul>\n<li>Tartalmazza\u00a0<strong>1007+<\/strong>\u00a0db<\/li>\n<li>Online PDF oktat\u00e1s<\/li>\n<li>Kiv\u00e1l\u00f3 min\u0151s\u00e9g\u0171 ABS blokk<\/li>\n<\/ul>\n<p>&nbsp;<\/p>","protected":false},"featured_media":22069,"comment_status":"open","ping_status":"closed","template":"","meta":{"_acf_changed":false},"product_cat":[371],"product_tag":[],"class_list":["product","first","instock","shipping-taxable","purchasable","product-type-simple"],"acf":[],"_links":{"self":[{"href":"https:\/\/mouldking.store\/hu\/wp-json\/wp\/v2\/product\/22071","targetHints":{"allow":["GET"]}}],"collection":[{"href":"https:\/\/mouldking.store\/hu\/wp-json\/wp\/v2\/product"}],"about":[{"href":"https:\/\/mouldking.store\/hu\/wp-json\/wp\/v2\/types\/product"}],"replies":[{"embeddable":true,"href":"https:\/\/mouldking.store\/hu\/wp-json\/wp\/v2\/comments?post=22071"}],"wp:featuredmedia":[{"embeddable":true,"href":"https:\/\/mouldking.store\/hu\/wp-json\/wp\/v2\/media\/22069"}],"wp:attachment":[{"href":"https:\/\/mouldking.store\/hu\/wp-json\/wp\/v2\/media?parent=22071"}],"wp:term":[{"taxonomy":"product_cat","embeddable":true,"href":"https:\/\/mouldking.store\/hu\/wp-json\/wp\/v2\/product_cat?post=22071"},{"taxonomy":"product_tag","embeddable":true,"href":"https:\/\/mouldking.store\/hu\/wp-json\/wp\/v2\/product_tag?post=22071"}],"curies":[{"name":"wp","href":"https:\/\/api.w.org\/{rel}","templated":true}]}}