{"id":22108,"date":"2021-10-09T05:19:55","date_gmt":"2021-10-08T22:19:55","guid":{"rendered":"https:\/\/mouldking.store\/shop\/moc-46627-honeydukes-sweet-shop-sp001-movie-by-scarletpatronus-moc-factory\/"},"modified":"2025-12-25T09:23:38","modified_gmt":"2025-12-25T02:23:38","slug":"moc-46627-honeydukes-sweet-shop-sp001-movie-by-scarletpatronus-moc-factory","status":"publish","type":"product","link":"https:\/\/mouldking.store\/hu\/shop\/moc-46627-honeydukes-sweet-shop-sp001-movie-by-scarletpatronus-moc-factory\/","title":{"rendered":"MOC-46627 Honeydukes Sweet Shop &#8211; SP001 Movie by ScarletPatronus MOC FACTORY"},"content":{"rendered":"<p style=\"text-align: left\">MOC-46627 Honeydukes Sweet Shop &#8211; SP001 Movie by ScarletPatronus MOC FACTORY is a set in Star Wars collection, designed by ScarletPatronus. This MOC 46627 comes with PDF instruction which is easy to build and find the missing pieces. The set contains 594 pieces, first released in 2020.<\/p>\n<p>Id\u0151beoszt\u00e1s: 4-8 h\u00e9t<\/p>\n<figure id=\"attachment_28824\" aria-describedby=\"caption-attachment-28824\" style=\"width: 800px\" class=\"wp-caption aligncenter\"><img fetchpriority=\"high\" decoding=\"async\" class=\"wp-image-28824 size-full\" src=\"https:\/\/mocfactory.com\/wp-content\/uploads\/2021\/01\/MOC-46627-Honeydukes-Sweet-Shop-SP001-Movie-by-ScarletPatronus-MOC-FACTORY.jpg\" alt=\"MOC-46627  Movie Honeydukes Sweet Shop \u2013 SP001 Designer ScarletPatronus MOC FACTORY\" width=\"800\" height=\"800\" title=\"-\"><figcaption id=\"caption-attachment-28824\" class=\"wp-caption-text\">MOC-46627 Movie Honeydukes Sweet Shop \u2013 SP001 Designer ScarletPatronus MOC FACTORY<\/figcaption><\/figure>\n<figure id=\"attachment_28823\" aria-describedby=\"caption-attachment-28823\" style=\"width: 800px\" class=\"wp-caption aligncenter\"><img decoding=\"async\" class=\"wp-image-28823 size-full\" src=\"https:\/\/mocfactory.com\/wp-content\/uploads\/2021\/01\/MOC-46627-Honeydukes-Sweet-Shop-SP001-Movie-by-ScarletPatronus-MOC-FACTORY-2.jpg\" alt=\"MOC-46627  Movie Honeydukes Sweet Shop \u2013 SP001 Designer ScarletPatronus MOC FACTORY\" width=\"800\" height=\"800\" title=\"-\"><figcaption id=\"caption-attachment-28823\" class=\"wp-caption-text\">MOC-46627 Movie Honeydukes Sweet Shop \u2013 SP001 Designer ScarletPatronus MOC FACTORY<\/figcaption><\/figure>\n<figure id=\"attachment_28822\" aria-describedby=\"caption-attachment-28822\" style=\"width: 800px\" class=\"wp-caption aligncenter\"><img decoding=\"async\" class=\"wp-image-28822 size-full\" src=\"https:\/\/mocfactory.com\/wp-content\/uploads\/2021\/01\/MOC-46627-Honeydukes-Sweet-Shop-SP001-Movie-by-ScarletPatronus-MOC-FACTORY-3.jpg\" alt=\"MOC-46627  Movie Honeydukes Sweet Shop \u2013 SP001 Designer ScarletPatronus MOC FACTORY\" width=\"800\" height=\"800\" title=\"-\"><figcaption id=\"caption-attachment-28822\" class=\"wp-caption-text\">MOC-46627 Movie Honeydukes Sweet Shop \u2013 SP001 Designer ScarletPatronus MOC FACTORY<\/figcaption><\/figure>\n<figure id=\"attachment_28821\" aria-describedby=\"caption-attachment-28821\" style=\"width: 800px\" class=\"wp-caption aligncenter\"><img loading=\"lazy\" decoding=\"async\" class=\"wp-image-28821 size-full\" src=\"https:\/\/mocfactory.com\/wp-content\/uploads\/2021\/01\/MOC-46627-Honeydukes-Sweet-Shop-SP001-Movie-by-ScarletPatronus-MOC-FACTORY-4.jpg\" alt=\"MOC-46627  Movie Honeydukes Sweet Shop \u2013 SP001 Designer ScarletPatronus MOC FACTORY\" width=\"800\" height=\"800\" title=\"-\"><figcaption id=\"caption-attachment-28821\" class=\"wp-caption-text\">MOC-46627 Movie Honeydukes Sweet Shop \u2013 SP001 Designer ScarletPatronus MOC FACTORY<\/figcaption><\/figure>\n<figure id=\"attachment_28820\" aria-describedby=\"caption-attachment-28820\" style=\"width: 800px\" class=\"wp-caption aligncenter\"><img loading=\"lazy\" decoding=\"async\" class=\"wp-image-28820 size-full\" src=\"https:\/\/mocfactory.com\/wp-content\/uploads\/2021\/01\/MOC-46627-Honeydukes-Sweet-Shop-SP001-Movie-by-ScarletPatronus-MOC-FACTORY-5.jpg\" alt=\"MOC-46627  Movie Honeydukes Sweet Shop \u2013 SP001 Designer ScarletPatronus MOC FACTORY\" width=\"800\" height=\"800\" title=\"-\"><figcaption id=\"caption-attachment-28820\" class=\"wp-caption-text\">MOC-46627 Movie Honeydukes Sweet Shop \u2013 SP001 Designer ScarletPatronus MOC FACTORY<\/figcaption><\/figure>\n<p>&nbsp;<\/p>","protected":false},"excerpt":{"rendered":"<ul>\n<li>Tartalmazza\u00a0<strong>594+<\/strong>\u00a0db<\/li>\n<li>Online PDF oktat\u00e1s<\/li>\n<li>Kiv\u00e1l\u00f3 min\u0151s\u00e9g\u0171 ABS blokk<\/li>\n<\/ul>","protected":false},"featured_media":22102,"comment_status":"open","ping_status":"closed","template":"","meta":{"_acf_changed":false},"product_cat":[581],"product_tag":[],"class_list":["product","first","instock","shipping-taxable","purchasable","product-type-simple"],"acf":[],"_links":{"self":[{"href":"https:\/\/mouldking.store\/hu\/wp-json\/wp\/v2\/product\/22108","targetHints":{"allow":["GET"]}}],"collection":[{"href":"https:\/\/mouldking.store\/hu\/wp-json\/wp\/v2\/product"}],"about":[{"href":"https:\/\/mouldking.store\/hu\/wp-json\/wp\/v2\/types\/product"}],"replies":[{"embeddable":true,"href":"https:\/\/mouldking.store\/hu\/wp-json\/wp\/v2\/comments?post=22108"}],"wp:featuredmedia":[{"embeddable":true,"href":"https:\/\/mouldking.store\/hu\/wp-json\/wp\/v2\/media\/22102"}],"wp:attachment":[{"href":"https:\/\/mouldking.store\/hu\/wp-json\/wp\/v2\/media?parent=22108"}],"wp:term":[{"taxonomy":"product_cat","embeddable":true,"href":"https:\/\/mouldking.store\/hu\/wp-json\/wp\/v2\/product_cat?post=22108"},{"taxonomy":"product_tag","embeddable":true,"href":"https:\/\/mouldking.store\/hu\/wp-json\/wp\/v2\/product_tag?post=22108"}],"curies":[{"name":"wp","href":"https:\/\/api.w.org\/{rel}","templated":true}]}}