{"id":22172,"date":"2021-10-10T04:32:41","date_gmt":"2021-10-09T21:32:41","guid":{"rendered":"https:\/\/mouldking.store\/shop\/moc-90064-jaws-shark-attack-ship-movie-moc-factory\/"},"modified":"2025-12-25T09:23:37","modified_gmt":"2025-12-25T02:23:37","slug":"moc-90064-jaws-shark-attack-ship-movie-moc-factory","status":"publish","type":"product","link":"https:\/\/mouldking.store\/hu\/shop\/moc-90064-jaws-shark-attack-ship-movie-moc-factory\/","title":{"rendered":"MOC-90064 Jaws \u2013 Shark Attack Ship Movie MOC FACTORY"},"content":{"rendered":"<p style=\"text-align: left\">MOC-90064 Jaws \u2013 Shark Attack Ship Movie A MOC FACTORY a Movie kollekci\u00f3 k\u00e9szlete. Ez a MOC 90064 PDF utas\u00edt\u00e1ssal \u00e9rkezik, amely k\u00f6nnyen \u00f6ssze\u00e1ll\u00edthat\u00f3 \u00e9s megtal\u00e1lhatja a hi\u00e1nyz\u00f3 r\u00e9szeket. A k\u00e9szlet 794 darabot tartalmaz, el\u0151sz\u00f6r 2020-ban adt\u00e1k ki.<\/p>\n<figure id=\"attachment_199888\" aria-describedby=\"caption-attachment-199888\" style=\"width: 800px\" class=\"wp-caption aligncenter\"><a href=\"https:\/\/pay.lpwstore.com\/wp-content\/uploads\/2020\/12\/MOC-90064-Jaws-Shark-Attack-Ship-Movie-MOC-FACTORY.jpg\" target=\"_blank\" rel=\"noopener\"><img fetchpriority=\"high\" decoding=\"async\" class=\"wp-image-199888 size-full\" title=\"MOC-90064 Jaws - Shark Attack Ship Movie MOC FACTORY\" src=\"https:\/\/pay.lpwstore.com\/wp-content\/uploads\/2020\/12\/MOC-90064-Jaws-Shark-Attack-Ship-Movie-MOC-FACTORY.jpg\" alt=\"MOC-90064 Jaws - Shark Attack Ship Movie MOC FACTORY\" width=\"800\" height=\"800\" \/><\/a><figcaption id=\"caption-attachment-199888\" class=\"wp-caption-text\">MOC-90064 Jaws \u2013 Shark Attack Ship Movie MOC FACTORY<\/figcaption><\/figure>\n<p><img decoding=\"async\" class=\"alignnone size-full wp-image-199889 aligncenter\" src=\"https:\/\/pay.lpwstore.com\/wp-content\/uploads\/2020\/12\/MOC-90064-Jaws-Shark-Attack-Ship-Movie-MOC-FACTORY-2.jpg\" alt=\"-\" width=\"800\" height=\"800\" title=\"-\"> <img decoding=\"async\" class=\"alignnone size-full wp-image-199891 aligncenter\" src=\"https:\/\/pay.lpwstore.com\/wp-content\/uploads\/2020\/12\/MOC-90064-Jaws-Shark-Attack-Ship-Movie-MOC-FACTORY-3.jpg\" alt=\"-\" width=\"800\" height=\"800\" title=\"-\"> <img loading=\"lazy\" decoding=\"async\" class=\"alignnone size-full wp-image-199892 aligncenter\" src=\"https:\/\/pay.lpwstore.com\/wp-content\/uploads\/2020\/12\/MOC-90064-Jaws-Shark-Attack-Ship-Movie-MOC-FACTORY-4.jpg\" alt=\"-\" width=\"800\" height=\"800\" title=\"-\"> <img loading=\"lazy\" decoding=\"async\" class=\"alignnone size-full wp-image-199893 aligncenter\" src=\"https:\/\/pay.lpwstore.com\/wp-content\/uploads\/2020\/12\/MOC-90064-Jaws-Shark-Attack-Ship-Movie-MOC-FACTORY-5.jpg\" alt=\"-\" width=\"800\" height=\"800\" title=\"-\"> <img loading=\"lazy\" decoding=\"async\" class=\"alignnone size-full wp-image-199894 aligncenter\" src=\"https:\/\/pay.lpwstore.com\/wp-content\/uploads\/2020\/12\/MOC-90064-Jaws-Shark-Attack-Ship-Movie-MOC-FACTORY-6.jpg\" alt=\"-\" width=\"800\" height=\"800\" title=\"-\"> <img loading=\"lazy\" decoding=\"async\" class=\"alignnone size-full wp-image-199895 aligncenter\" src=\"https:\/\/pay.lpwstore.com\/wp-content\/uploads\/2020\/12\/MOC-90064-Jaws-Shark-Attack-Ship-Movie-MOC-FACTORY-7.jpg\" alt=\"-\" width=\"800\" height=\"800\" title=\"-\"><\/p>","protected":false},"excerpt":{"rendered":"<ul>\n<li>Tartalmazza\u00a0<strong>794+<\/strong>\u00a0db<\/li>\n<li>Online PDF oktat\u00e1s<\/li>\n<li>Kiv\u00e1l\u00f3 min\u0151s\u00e9g\u0171 ABS blokk<\/li>\n<\/ul>","protected":false},"featured_media":22165,"comment_status":"open","ping_status":"closed","template":"","meta":{"_acf_changed":false},"product_cat":[581],"product_tag":[],"class_list":["product","first","instock","shipping-taxable","purchasable","product-type-simple"],"acf":[],"_links":{"self":[{"href":"https:\/\/mouldking.store\/hu\/wp-json\/wp\/v2\/product\/22172","targetHints":{"allow":["GET"]}}],"collection":[{"href":"https:\/\/mouldking.store\/hu\/wp-json\/wp\/v2\/product"}],"about":[{"href":"https:\/\/mouldking.store\/hu\/wp-json\/wp\/v2\/types\/product"}],"replies":[{"embeddable":true,"href":"https:\/\/mouldking.store\/hu\/wp-json\/wp\/v2\/comments?post=22172"}],"wp:featuredmedia":[{"embeddable":true,"href":"https:\/\/mouldking.store\/hu\/wp-json\/wp\/v2\/media\/22165"}],"wp:attachment":[{"href":"https:\/\/mouldking.store\/hu\/wp-json\/wp\/v2\/media?parent=22172"}],"wp:term":[{"taxonomy":"product_cat","embeddable":true,"href":"https:\/\/mouldking.store\/hu\/wp-json\/wp\/v2\/product_cat?post=22172"},{"taxonomy":"product_tag","embeddable":true,"href":"https:\/\/mouldking.store\/hu\/wp-json\/wp\/v2\/product_tag?post=22172"}],"curies":[{"name":"wp","href":"https:\/\/api.w.org\/{rel}","templated":true}]}}