{"id":22228,"date":"2021-10-10T04:33:43","date_gmt":"2021-10-09T21:33:43","guid":{"rendered":"https:\/\/mouldking.store\/shop\/moc-14154-subnautica-cyclops-submarine-creator-by-tommystyrvoky-moc-factory\/"},"modified":"2025-12-25T09:21:29","modified_gmt":"2025-12-25T02:21:29","slug":"moc-14154-subnautica-cyclops-submarine-creator-by-tommystyrvoky-moc-factory","status":"publish","type":"product","link":"https:\/\/mouldking.store\/hu\/shop\/moc-14154-subnautica-cyclops-submarine-creator-by-tommystyrvoky-moc-factory\/","title":{"rendered":"MOC-14154 Subnautica Cyclops Submarine Creator, TommyStyrvoky MOC FACTORY"},"content":{"rendered":"<p style=\"text-align: left\">MOC-14154 Subnautica Cyclops Submarine Creator by TommyStyrvoky MOC FACTORY is a set in Creator collection, designed by TommyStyrvoky. This MOC 14154 comes with PDF instruction which is easy to build and find the missing pieces. The set contains 1552 pieces, first released in 2020.<\/p>\n<figure id=\"attachment_200040\" aria-describedby=\"caption-attachment-200040\" style=\"width: 800px\" class=\"wp-caption aligncenter\"><a href=\"https:\/\/pay.lpwstore.com\/wp-content\/uploads\/2020\/12\/MOC-14154-Subnautica-Cyclops-Submarine-Creator-by-TommyStyrvoky-MOC-FACTORY.jpg\" target=\"_blank\" rel=\"noopener\"><img fetchpriority=\"high\" decoding=\"async\" class=\"wp-image-200040 size-full\" title=\"MOC-14154 Subnautica Cyclops Submarine Creator, TommyStyrvoky MOC FACTORY\" src=\"https:\/\/pay.lpwstore.com\/wp-content\/uploads\/2020\/12\/MOC-14154-Subnautica-Cyclops-Submarine-Creator-by-TommyStyrvoky-MOC-FACTORY.jpg\" alt=\"MOC-14154 Subnautica Cyclops Submarine Creator by TommyStyrvoky MOC FACTORY\" width=\"800\" height=\"800\" \/><\/a><figcaption id=\"caption-attachment-200040\" class=\"wp-caption-text\">MOC-14154 Subnautica Cyclops Submarine Creator, TommyStyrvoky MOC FACTORY<\/figcaption><\/figure>\n<p><img decoding=\"async\" class=\"alignnone size-full wp-image-200041 aligncenter\" src=\"https:\/\/pay.lpwstore.com\/wp-content\/uploads\/2020\/12\/MOC-14154-Subnautica-Cyclops-Submarine-Creator-by-TommyStyrvoky-MOC-FACTORY-2.jpg\" alt=\"-\" width=\"800\" height=\"800\" title=\"-\"> <img decoding=\"async\" class=\"alignnone size-full wp-image-200042 aligncenter\" src=\"https:\/\/pay.lpwstore.com\/wp-content\/uploads\/2020\/12\/MOC-14154-Subnautica-Cyclops-Submarine-Creator-by-TommyStyrvoky-MOC-FACTORY-3.jpg\" alt=\"-\" width=\"800\" height=\"800\" title=\"-\"><\/p>","protected":false},"excerpt":{"rendered":"<ul>\n<li>Tartalmazza\u00a0<strong>1552+<\/strong>\u00a0db<\/li>\n<li>Online PDF oktat\u00e1s<\/li>\n<li>Kiv\u00e1l\u00f3 min\u0151s\u00e9g\u0171 ABS blokk<\/li>\n<\/ul>","protected":false},"featured_media":22225,"comment_status":"open","ping_status":"closed","template":"","meta":{"_acf_changed":false},"product_cat":[371],"product_tag":[],"class_list":["product","first","instock","shipping-taxable","purchasable","product-type-simple"],"acf":[],"_links":{"self":[{"href":"https:\/\/mouldking.store\/hu\/wp-json\/wp\/v2\/product\/22228","targetHints":{"allow":["GET"]}}],"collection":[{"href":"https:\/\/mouldking.store\/hu\/wp-json\/wp\/v2\/product"}],"about":[{"href":"https:\/\/mouldking.store\/hu\/wp-json\/wp\/v2\/types\/product"}],"replies":[{"embeddable":true,"href":"https:\/\/mouldking.store\/hu\/wp-json\/wp\/v2\/comments?post=22228"}],"wp:featuredmedia":[{"embeddable":true,"href":"https:\/\/mouldking.store\/hu\/wp-json\/wp\/v2\/media\/22225"}],"wp:attachment":[{"href":"https:\/\/mouldking.store\/hu\/wp-json\/wp\/v2\/media?parent=22228"}],"wp:term":[{"taxonomy":"product_cat","embeddable":true,"href":"https:\/\/mouldking.store\/hu\/wp-json\/wp\/v2\/product_cat?post=22228"},{"taxonomy":"product_tag","embeddable":true,"href":"https:\/\/mouldking.store\/hu\/wp-json\/wp\/v2\/product_tag?post=22228"}],"curies":[{"name":"wp","href":"https:\/\/api.w.org\/{rel}","templated":true}]}}