{"id":22231,"date":"2021-10-10T04:33:47","date_gmt":"2021-10-09T21:33:47","guid":{"rendered":"https:\/\/mouldking.store\/shop\/moc-50114-e-wing-starfighter-star-wars-by-neosephiroth-moc-factory\/"},"modified":"2025-12-25T09:21:29","modified_gmt":"2025-12-25T02:21:29","slug":"moc-50114-e-wing-starfighter-star-wars-by-neosephiroth-moc-factory","status":"publish","type":"product","link":"https:\/\/mouldking.store\/hu\/shop\/moc-50114-e-wing-starfighter-star-wars-by-neosephiroth-moc-factory\/","title":{"rendered":"MOC-50114 E-Wing Starfighter Star Wars by NeoSephiroth MOC FACTORY"},"content":{"rendered":"<p style=\"text-align: left\">MOC-50114 E-Wing Starfighter Star Wars by NeoSephiroth MOC FACTORY is a set in Star Wars collection, designed by NeoSephiroth. This MOC 50114 comes with PDF instruction which is easy to build and find the missing pieces. The set contains 541 pieces, first released in 2020.<\/p>\n<figure id=\"attachment_200044\" aria-describedby=\"caption-attachment-200044\" style=\"width: 800px\" class=\"wp-caption aligncenter\"><a href=\"https:\/\/pay.lpwstore.com\/wp-content\/uploads\/2020\/12\/MOC-50114-E-Wing-Starfighter-Star-Wars-by-NeoSephiroth-MOC-FACTORY.jpg\" target=\"_blank\" rel=\"noopener\"><img fetchpriority=\"high\" decoding=\"async\" class=\"wp-image-200044 size-full\" title=\"MOC-50114 E-Wing Starfighter Star Wars by NeoSephiroth MOC FACTORY\" src=\"https:\/\/pay.lpwstore.com\/wp-content\/uploads\/2020\/12\/MOC-50114-E-Wing-Starfighter-Star-Wars-by-NeoSephiroth-MOC-FACTORY.jpg\" alt=\"MOC-50114 E-Wing Starfighter Star Wars by NeoSephiroth MOC FACTORY\" width=\"800\" height=\"800\" \/><\/a><figcaption id=\"caption-attachment-200044\" class=\"wp-caption-text\">MOC-50114 E-Wing Starfighter Star Wars by NeoSephiroth MOC FACTORY<\/figcaption><\/figure>\n<p><img decoding=\"async\" class=\"alignnone size-full wp-image-200045 aligncenter\" src=\"https:\/\/pay.lpwstore.com\/wp-content\/uploads\/2020\/12\/MOC-50114-E-Wing-Starfighter-Star-Wars-by-NeoSephiroth-MOC-FACTORY-2.jpg\" alt=\"-\" width=\"800\" height=\"800\" title=\"-\"><\/p>","protected":false},"excerpt":{"rendered":"<ul>\n<li>Tartalmazza\u00a0<strong>541+<\/strong>\u00a0db<\/li>\n<li>Online PDF oktat\u00e1s<\/li>\n<li>Kiv\u00e1l\u00f3 min\u0151s\u00e9g\u0171 ABS blokk<\/li>\n<\/ul>","protected":false},"featured_media":22229,"comment_status":"open","ping_status":"closed","template":"","meta":{"_acf_changed":false},"product_cat":[415],"product_tag":[],"class_list":["product","first","instock","shipping-taxable","purchasable","product-type-simple"],"acf":[],"_links":{"self":[{"href":"https:\/\/mouldking.store\/hu\/wp-json\/wp\/v2\/product\/22231","targetHints":{"allow":["GET"]}}],"collection":[{"href":"https:\/\/mouldking.store\/hu\/wp-json\/wp\/v2\/product"}],"about":[{"href":"https:\/\/mouldking.store\/hu\/wp-json\/wp\/v2\/types\/product"}],"replies":[{"embeddable":true,"href":"https:\/\/mouldking.store\/hu\/wp-json\/wp\/v2\/comments?post=22231"}],"wp:featuredmedia":[{"embeddable":true,"href":"https:\/\/mouldking.store\/hu\/wp-json\/wp\/v2\/media\/22229"}],"wp:attachment":[{"href":"https:\/\/mouldking.store\/hu\/wp-json\/wp\/v2\/media?parent=22231"}],"wp:term":[{"taxonomy":"product_cat","embeddable":true,"href":"https:\/\/mouldking.store\/hu\/wp-json\/wp\/v2\/product_cat?post=22231"},{"taxonomy":"product_tag","embeddable":true,"href":"https:\/\/mouldking.store\/hu\/wp-json\/wp\/v2\/product_tag?post=22231"}],"curies":[{"name":"wp","href":"https:\/\/api.w.org\/{rel}","templated":true}]}}