{"id":22249,"date":"2021-10-10T04:34:08","date_gmt":"2021-10-09T21:34:08","guid":{"rendered":"https:\/\/mouldking.store\/shop\/moc-57178-hammerhead-corvette-micro-fleet-scale-star-wars-by-2bricksofficial-moc-factory\/"},"modified":"2025-12-25T09:21:29","modified_gmt":"2025-12-25T02:21:29","slug":"moc-57178-hammerhead-corvette-micro-fleet-scale-star-wars-by-2bricksofficial-moc-factory","status":"publish","type":"product","link":"https:\/\/mouldking.store\/hu\/shop\/moc-57178-hammerhead-corvette-micro-fleet-scale-star-wars-by-2bricksofficial-moc-factory\/","title":{"rendered":"MOC-57178 Hammerhead Corvette (Micro Fleet Scale) Star Wars by 2bricksofficial MOC FACTORY"},"content":{"rendered":"<p style=\"text-align: left\">MOC-57178 Hammerhead Corvette (Micro Fleet Scale) Star Wars by 2bricksofficial MOC FACTORY is a set in Star Wars collection, designed by 2bricksofficial. This MOC 57178 comes with PDF instruction which is easy to build and find the missing pieces. The set contains 621 pieces, first released in 2020.<\/p>\n<figure id=\"attachment_200057\" aria-describedby=\"caption-attachment-200057\" style=\"width: 800px\" class=\"wp-caption aligncenter\"><a href=\"https:\/\/pay.lpwstore.com\/wp-content\/uploads\/2020\/12\/MOC-57178-Hammerhead-Corvette-Micro-Fleet-Scale-Star-Wars-by-2bricksofficial-MOC-FACTORY.jpg\" target=\"_blank\" rel=\"noopener\"><img fetchpriority=\"high\" decoding=\"async\" class=\"wp-image-200057 size-full\" title=\"MOC-57178 Hammerhead Corvette (Micro Fleet Scale) Star Wars by 2bricksofficial MOC FACTORY\" src=\"https:\/\/pay.lpwstore.com\/wp-content\/uploads\/2020\/12\/MOC-57178-Hammerhead-Corvette-Micro-Fleet-Scale-Star-Wars-by-2bricksofficial-MOC-FACTORY.jpg\" alt=\"MOC-57178 Hammerhead Corvette (Micro Fleet Scale) Star Wars by 2bricksofficial MOC FACTORY\" width=\"800\" height=\"800\" \/><\/a><figcaption id=\"caption-attachment-200057\" class=\"wp-caption-text\">MOC-57178 Hammerhead Corvette (Micro Fleet Scale) Star Wars by 2bricksofficial MOC FACTORY<\/figcaption><\/figure>\n<p><img decoding=\"async\" class=\"alignnone size-full wp-image-200058 aligncenter\" src=\"https:\/\/pay.lpwstore.com\/wp-content\/uploads\/2020\/12\/MOC-57178-Hammerhead-Corvette-Micro-Fleet-Scale-Star-Wars-by-2bricksofficial-MOC-FACTORY-2.jpg\" alt=\"-\" width=\"800\" height=\"800\" title=\"-\"> <img decoding=\"async\" class=\"alignnone size-full wp-image-200059 aligncenter\" src=\"https:\/\/pay.lpwstore.com\/wp-content\/uploads\/2020\/12\/MOC-57178-Hammerhead-Corvette-Micro-Fleet-Scale-Star-Wars-by-2bricksofficial-MOC-FACTORY-3.jpg\" alt=\"-\" width=\"800\" height=\"800\" title=\"-\"> <img loading=\"lazy\" decoding=\"async\" class=\"alignnone size-full wp-image-200060 aligncenter\" src=\"https:\/\/pay.lpwstore.com\/wp-content\/uploads\/2020\/12\/MOC-57178-Hammerhead-Corvette-Micro-Fleet-Scale-Star-Wars-by-2bricksofficial-MOC-FACTORY-4.jpg\" alt=\"-\" width=\"800\" height=\"800\" title=\"-\"> <img loading=\"lazy\" decoding=\"async\" class=\"alignnone size-full wp-image-200061 aligncenter\" src=\"https:\/\/pay.lpwstore.com\/wp-content\/uploads\/2020\/12\/MOC-57178-Hammerhead-Corvette-Micro-Fleet-Scale-Star-Wars-by-2bricksofficial-MOC-FACTORY-5.jpg\" alt=\"-\" width=\"800\" height=\"800\" title=\"-\"> <img loading=\"lazy\" decoding=\"async\" class=\"alignnone size-full wp-image-200062 aligncenter\" src=\"https:\/\/pay.lpwstore.com\/wp-content\/uploads\/2020\/12\/MOC-57178-Hammerhead-Corvette-Micro-Fleet-Scale-Star-Wars-by-2bricksofficial-MOC-FACTORY-6.jpg\" alt=\"-\" width=\"800\" height=\"800\" title=\"-\"> <img loading=\"lazy\" decoding=\"async\" class=\"alignnone size-full wp-image-200063 aligncenter\" src=\"https:\/\/pay.lpwstore.com\/wp-content\/uploads\/2020\/12\/MOC-57178-Hammerhead-Corvette-Micro-Fleet-Scale-Star-Wars-by-2bricksofficial-MOC-FACTORY-7.jpg\" alt=\"-\" width=\"800\" height=\"800\" title=\"-\"> <img loading=\"lazy\" decoding=\"async\" class=\"alignnone size-full wp-image-200064 aligncenter\" src=\"https:\/\/pay.lpwstore.com\/wp-content\/uploads\/2020\/12\/MOC-57178-Hammerhead-Corvette-Micro-Fleet-Scale-Star-Wars-by-2bricksofficial-MOC-FACTORY-8.jpg\" alt=\"-\" width=\"800\" height=\"800\" title=\"-\"><\/p>","protected":false},"excerpt":{"rendered":"<ul>\n<li>Tartalmazza\u00a0<strong>621+<\/strong>\u00a0db<\/li>\n<li>Online PDF oktat\u00e1s<\/li>\n<li>Kiv\u00e1l\u00f3 min\u0151s\u00e9g\u0171 ABS blokk<\/li>\n<\/ul>","protected":false},"featured_media":22241,"comment_status":"open","ping_status":"closed","template":"","meta":{"_acf_changed":false},"product_cat":[415],"product_tag":[],"class_list":["product","first","instock","shipping-taxable","purchasable","product-type-simple"],"acf":[],"_links":{"self":[{"href":"https:\/\/mouldking.store\/hu\/wp-json\/wp\/v2\/product\/22249","targetHints":{"allow":["GET"]}}],"collection":[{"href":"https:\/\/mouldking.store\/hu\/wp-json\/wp\/v2\/product"}],"about":[{"href":"https:\/\/mouldking.store\/hu\/wp-json\/wp\/v2\/types\/product"}],"replies":[{"embeddable":true,"href":"https:\/\/mouldking.store\/hu\/wp-json\/wp\/v2\/comments?post=22249"}],"wp:featuredmedia":[{"embeddable":true,"href":"https:\/\/mouldking.store\/hu\/wp-json\/wp\/v2\/media\/22241"}],"wp:attachment":[{"href":"https:\/\/mouldking.store\/hu\/wp-json\/wp\/v2\/media?parent=22249"}],"wp:term":[{"taxonomy":"product_cat","embeddable":true,"href":"https:\/\/mouldking.store\/hu\/wp-json\/wp\/v2\/product_cat?post=22249"},{"taxonomy":"product_tag","embeddable":true,"href":"https:\/\/mouldking.store\/hu\/wp-json\/wp\/v2\/product_tag?post=22249"}],"curies":[{"name":"wp","href":"https:\/\/api.w.org\/{rel}","templated":true}]}}