{"id":22282,"date":"2021-10-10T04:34:37","date_gmt":"2021-10-10T04:34:37","guid":{"rendered":"https:\/\/mouldking.store\/shop\/moc-55797-the-marshalls-swoop-bike-from-the-mandalorian-version-2-1-star-wars-by-thomin-moc-factory\/"},"modified":"2025-12-25T09:21:28","modified_gmt":"2025-12-25T02:21:28","slug":"moc-55797-the-marshalls-swoop-bike-from-the-mandalorian-version-2-1-star-wars-by-thomin-moc-factory","status":"publish","type":"product","link":"https:\/\/mouldking.store\/hu\/shop\/moc-55797-the-marshalls-swoop-bike-from-the-mandalorian-version-2-1-star-wars-by-thomin-moc-factory\/","title":{"rendered":"MOC-55797 The Marshall&#8217;s Swoop Bike (from &#8220;The Mandalorian&#8221;) &#8211; Version 2.1 Star Wars by thomin MOC FACTORY"},"content":{"rendered":"<p style=\"text-align: left\">MOC-55797 The Marshall&#8217;s Swoop Bike (from &#8220;The Mandalorian&#8221;) &#8211; Version 2.1 Star Wars by thomin MOC FACTORY is a set in Star Wars collection, designed by thomin. This MOC 55797 comes with PDF instruction which is easy to build and find the missing pieces. The set contains 137 pieces, first released in 2020.<\/p>\n<p><a href=\"https:\/\/pay.lpwstore.com\/wp-content\/uploads\/2020\/12\/MOC-55797-The-Marshalls-Swoop-Bike-from-The-Mandalorian-Version-2.1-Star-Wars-by-thomin-MOC-FACTORY.jpg\" target=\"_blank\" rel=\"noopener\"><img fetchpriority=\"high\" decoding=\"async\" class=\"aligncenter wp-image-200200 size-full\" title=\"MOC-55797 The Marshall&#039;s Swoop Bike (a &quot;The Mandalorian&quot;-b\u00f3l) - Star Wars 2.1-es verzi\u00f3, szerz\u0151: thomin MOC FACTORY\" src=\"https:\/\/pay.lpwstore.com\/wp-content\/uploads\/2020\/12\/MOC-55797-The-Marshalls-Swoop-Bike-from-The-Mandalorian-Version-2.1-Star-Wars-by-thomin-MOC-FACTORY.jpg\" alt=\"MOC-55797 The Marshall's Swoop Bike (from &quot;The Mandalorian&quot;) - Version 2.1 Star Wars by thomin MOC FACTORY\" width=\"800\" height=\"800\" \/><\/a> <img decoding=\"async\" class=\"alignnone size-full wp-image-200201 aligncenter\" src=\"https:\/\/pay.lpwstore.com\/wp-content\/uploads\/2020\/12\/MOC-55797-The-Marshalls-Swoop-Bike-from-The-Mandalorian-Version-2-v2.jpg\" alt=\"-\" width=\"800\" height=\"800\" title=\"-\"> <img decoding=\"async\" class=\"alignnone size-full wp-image-200202 aligncenter\" src=\"https:\/\/pay.lpwstore.com\/wp-content\/uploads\/2020\/12\/MOC-55797-The-Marshalls-Swoop-Bike-from-The-Mandalorian-Version-2-v3.jpg\" alt=\"-\" width=\"800\" height=\"800\" title=\"-\"> <img loading=\"lazy\" decoding=\"async\" class=\"alignnone size-full wp-image-200203 aligncenter\" src=\"https:\/\/pay.lpwstore.com\/wp-content\/uploads\/2020\/12\/MOC-55797-The-Marshalls-Swoop-Bike-from-The-Mandalorian-Version-2-v4.jpg\" alt=\"-\" width=\"800\" height=\"800\" title=\"-\"> <img loading=\"lazy\" decoding=\"async\" class=\"alignnone size-full wp-image-200204 aligncenter\" src=\"https:\/\/pay.lpwstore.com\/wp-content\/uploads\/2020\/12\/MOC-55797-The-Marshalls-Swoop-Bike-from-The-Mandalorian-Version-2-v5.jpg\" alt=\"-\" width=\"800\" height=\"800\" title=\"-\"> <img loading=\"lazy\" decoding=\"async\" class=\"alignnone size-full wp-image-200205 aligncenter\" src=\"https:\/\/pay.lpwstore.com\/wp-content\/uploads\/2020\/12\/MOC-55797-The-Marshalls-Swoop-Bike-from-The-Mandalorian-Version-2-v6.jpg\" alt=\"-\" width=\"800\" height=\"800\" title=\"-\"><\/p>","protected":false},"excerpt":{"rendered":"<ul>\n<li>Tartalmazza\u00a0<strong>137+<\/strong>\u00a0db<\/li>\n<li>Online PDF oktat\u00e1s<\/li>\n<li>Kiv\u00e1l\u00f3 min\u0151s\u00e9g\u0171 ABS blokk<\/li>\n<\/ul>","protected":false},"featured_media":22276,"comment_status":"open","ping_status":"closed","template":"","meta":{"_acf_changed":false},"product_cat":[415],"product_tag":[],"class_list":["product","first","instock","shipping-taxable","purchasable","product-type-simple"],"acf":[],"_links":{"self":[{"href":"https:\/\/mouldking.store\/hu\/wp-json\/wp\/v2\/product\/22282","targetHints":{"allow":["GET"]}}],"collection":[{"href":"https:\/\/mouldking.store\/hu\/wp-json\/wp\/v2\/product"}],"about":[{"href":"https:\/\/mouldking.store\/hu\/wp-json\/wp\/v2\/types\/product"}],"replies":[{"embeddable":true,"href":"https:\/\/mouldking.store\/hu\/wp-json\/wp\/v2\/comments?post=22282"}],"wp:featuredmedia":[{"embeddable":true,"href":"https:\/\/mouldking.store\/hu\/wp-json\/wp\/v2\/media\/22276"}],"wp:attachment":[{"href":"https:\/\/mouldking.store\/hu\/wp-json\/wp\/v2\/media?parent=22282"}],"wp:term":[{"taxonomy":"product_cat","embeddable":true,"href":"https:\/\/mouldking.store\/hu\/wp-json\/wp\/v2\/product_cat?post=22282"},{"taxonomy":"product_tag","embeddable":true,"href":"https:\/\/mouldking.store\/hu\/wp-json\/wp\/v2\/product_tag?post=22282"}],"curies":[{"name":"wp","href":"https:\/\/api.w.org\/{rel}","templated":true}]}}