{"id":22335,"date":"2021-10-10T04:35:35","date_gmt":"2021-10-09T21:35:35","guid":{"rendered":"https:\/\/mouldking.store\/shop\/moc-48856-hp-castle-common-room-bookend-display-stand-movie-by-iscreamclone-moc-factory\/"},"modified":"2025-12-25T09:21:25","modified_gmt":"2025-12-25T02:21:25","slug":"moc-48856-hp-castle-common-room-bookend-display-stand-movie-by-iscreamclone-moc-factory","status":"publish","type":"product","link":"https:\/\/mouldking.store\/hu\/shop\/moc-48856-hp-castle-common-room-bookend-display-stand-movie-by-iscreamclone-moc-factory\/","title":{"rendered":"MOC-48856 HP Castle Common Room k\u00f6nyvtart\u00f3\/kijelz\u0151\u00e1llv\u00e1ny film, k\u00e9sz\u00edtette: IScreamClone MOC FACTORY"},"content":{"rendered":"<p>MOC-48856 HP Castle Common Room Bookend\/Display Stand Movie, IScreamClone A MOC FACTORY az IScreamClone \u00e1ltal tervezett Movie kollekci\u00f3 k\u00e9szlete. Ez a MOC 48856 PDF utas\u00edt\u00e1ssal \u00e9rkezik, amely k\u00f6nnyen \u00f6ssze\u00e1ll\u00edthat\u00f3 \u00e9s megtal\u00e1lhatja a hi\u00e1nyz\u00f3 darabokat. A k\u00e9szlet 942 darabot tartalmaz, el\u0151sz\u00f6r 2020-ban adt\u00e1k ki.<\/p>\n<figure id=\"attachment_200288\" aria-describedby=\"caption-attachment-200288\" style=\"width: 800px\" class=\"wp-caption aligncenter\"><a href=\"https:\/\/pay.lpwstore.com\/wp-content\/uploads\/2021\/01\/MOC-48856-HP-Castle-Common-Room-BookendDisplay-Stand-Movie-by-IScreamClone-MOC-FACTORY.jpg\" target=\"_blank\" rel=\"noopener\"><img fetchpriority=\"high\" decoding=\"async\" class=\"wp-image-200288 size-full\" title=\"MOC-48856 HP Castle Common Room k\u00f6nyvtart\u00f3\/kijelz\u0151\u00e1llv\u00e1ny film, k\u00e9sz\u00edtette: IScreamClone MOC FACTORY\" src=\"https:\/\/pay.lpwstore.com\/wp-content\/uploads\/2021\/01\/MOC-48856-HP-Castle-Common-Room-BookendDisplay-Stand-Movie-by-IScreamClone-MOC-FACTORY.jpg\" alt=\"MOC-48856 HP Castle Common Room Bookend\/Display Stand Movie by IScreamClone MOC FACTORY\" width=\"800\" height=\"800\" \/><\/a><figcaption id=\"caption-attachment-200288\" class=\"wp-caption-text\">MOC-48856 HP Castle Common Room k\u00f6nyvtart\u00f3\/kijelz\u0151\u00e1llv\u00e1ny film, k\u00e9sz\u00edtette: IScreamClone MOC FACTORY<\/figcaption><\/figure>","protected":false},"excerpt":{"rendered":"<ul>\n<li>Tartalmazza\u00a0<b>942<\/b><strong>+<\/strong>\u00a0db<\/li>\n<li>Online PDF oktat\u00e1s<\/li>\n<li>Kiv\u00e1l\u00f3 min\u0151s\u00e9g\u0171 ABS blokk<\/li>\n<\/ul>","protected":false},"featured_media":22334,"comment_status":"open","ping_status":"closed","template":"","meta":{"_acf_changed":false},"product_cat":[581],"product_tag":[],"class_list":["product","first","instock","shipping-taxable","purchasable","product-type-simple"],"acf":[],"_links":{"self":[{"href":"https:\/\/mouldking.store\/hu\/wp-json\/wp\/v2\/product\/22335","targetHints":{"allow":["GET"]}}],"collection":[{"href":"https:\/\/mouldking.store\/hu\/wp-json\/wp\/v2\/product"}],"about":[{"href":"https:\/\/mouldking.store\/hu\/wp-json\/wp\/v2\/types\/product"}],"replies":[{"embeddable":true,"href":"https:\/\/mouldking.store\/hu\/wp-json\/wp\/v2\/comments?post=22335"}],"wp:featuredmedia":[{"embeddable":true,"href":"https:\/\/mouldking.store\/hu\/wp-json\/wp\/v2\/media\/22334"}],"wp:attachment":[{"href":"https:\/\/mouldking.store\/hu\/wp-json\/wp\/v2\/media?parent=22335"}],"wp:term":[{"taxonomy":"product_cat","embeddable":true,"href":"https:\/\/mouldking.store\/hu\/wp-json\/wp\/v2\/product_cat?post=22335"},{"taxonomy":"product_tag","embeddable":true,"href":"https:\/\/mouldking.store\/hu\/wp-json\/wp\/v2\/product_tag?post=22335"}],"curies":[{"name":"wp","href":"https:\/\/api.w.org\/{rel}","templated":true}]}}