{"id":22342,"date":"2021-10-10T04:35:39","date_gmt":"2021-10-09T21:35:39","guid":{"rendered":"https:\/\/mouldking.store\/shop\/moc-58042-the-three-broomsticks-hogsmeade-winter-village-modular-building-by-benbuildslego-moc-factory\/"},"modified":"2025-12-25T09:21:25","modified_gmt":"2025-12-25T02:21:25","slug":"moc-58042-the-three-broomsticks-hogsmeade-winter-village-modular-building-by-benbuildslego-moc-factory","status":"publish","type":"product","link":"https:\/\/mouldking.store\/hu\/shop\/moc-58042-the-three-broomsticks-hogsmeade-winter-village-modular-building-by-benbuildslego-moc-factory\/","title":{"rendered":"MOC-58042 A h\u00e1rom sepr\u0171ny\u00e9l (Hogsmeade Winter Village) modul\u00e1ris \u00e9p\u00fclet, benbuildslego MOC FACTORY"},"content":{"rendered":"<p style=\"text-align: left\">MOC-58042 The Three Broomsticks (Hogsmeade Winter Village) Modular Building by benbuildslego MOC FACTORY is a set in Modular Buildinge collection, designed by benbuildslego. This MOC 58042 comes with PDF instruction which is easy to build and find the missing pieces. The set contains 1180 pieces, first released in 2020.<\/p>\n<figure id=\"attachment_28526\" aria-describedby=\"caption-attachment-28526\" style=\"width: 800px\" class=\"wp-caption aligncenter\"><img fetchpriority=\"high\" decoding=\"async\" class=\"wp-image-28526 size-full\" src=\"https:\/\/mocfactory.com\/wp-content\/uploads\/2021\/01\/MOC-58042-The-Three-Broomsticks-Hogsmeade-Winter-Village-Modular-Building-by-benbuildslego-MOC-FACTORY.jpg\" alt=\"MOC-58042 Modular Building The Three Broomsticks (Hogsmeade Winter Village) Designer benbuildslego MOC FACTORY\" width=\"800\" height=\"800\" title=\"-\"><figcaption id=\"caption-attachment-28526\" class=\"wp-caption-text\">MOC-58042 Modular Building The Three Broomsticks (Hogsmeade Winter Village) Designer benbuildslego MOC FACTORY<\/figcaption><\/figure>\n<figure id=\"attachment_28525\" aria-describedby=\"caption-attachment-28525\" style=\"width: 800px\" class=\"wp-caption aligncenter\"><img decoding=\"async\" class=\"wp-image-28525 size-full\" src=\"https:\/\/mocfactory.com\/wp-content\/uploads\/2021\/01\/MOC-58042-The-Three-Broomsticks-Hogsmeade-Winter-Village-Modular-Building-by-benbuildslego-MOC-FACTORY-2.jpg\" alt=\"MOC-58042 Modular Building The Three Broomsticks (Hogsmeade Winter Village) Designer benbuildslego MOC FACTORY\" width=\"800\" height=\"800\" title=\"-\"><figcaption id=\"caption-attachment-28525\" class=\"wp-caption-text\">MOC-58042 Modular Building The Three Broomsticks (Hogsmeade Winter Village) Designer benbuildslego MOC FACTORY<\/figcaption><\/figure>\n<figure id=\"attachment_28524\" aria-describedby=\"caption-attachment-28524\" style=\"width: 800px\" class=\"wp-caption aligncenter\"><img decoding=\"async\" class=\"wp-image-28524 size-full\" src=\"https:\/\/mocfactory.com\/wp-content\/uploads\/2021\/01\/MOC-58042-The-Three-Broomsticks-Hogsmeade-Winter-Village-Modular-Building-by-benbuildslego-MOC-FACTORY-3.jpg\" alt=\"MOC-58042 Modular Building The Three Broomsticks (Hogsmeade Winter Village) Designer benbuildslego MOC FACTORY\" width=\"800\" height=\"800\" title=\"-\"><figcaption id=\"caption-attachment-28524\" class=\"wp-caption-text\">MOC-58042 Modular Building The Three Broomsticks (Hogsmeade Winter Village) Designer benbuildslego MOC FACTORY<\/figcaption><\/figure>\n<figure id=\"attachment_28523\" aria-describedby=\"caption-attachment-28523\" style=\"width: 800px\" class=\"wp-caption aligncenter\"><img loading=\"lazy\" decoding=\"async\" class=\"wp-image-28523 size-full\" src=\"https:\/\/mocfactory.com\/wp-content\/uploads\/2021\/01\/MOC-58042-The-Three-Broomsticks-Hogsmeade-Winter-Village-Modular-Building-by-benbuildslego-MOC-FACTORY-4.jpg\" alt=\"MOC-58042 Modular Building The Three Broomsticks (Hogsmeade Winter Village) Designer benbuildslego MOC FACTORY\" width=\"800\" height=\"800\" title=\"-\"><figcaption id=\"caption-attachment-28523\" class=\"wp-caption-text\">MOC-58042 Modular Building The Three Broomsticks (Hogsmeade Winter Village) Designer benbuildslego MOC FACTORY<\/figcaption><\/figure>","protected":false},"excerpt":{"rendered":"<ul>\n<li>Tartalmazza\u00a0<b>1180<\/b><strong>+<\/strong>\u00a0db<\/li>\n<li>Online PDF oktat\u00e1s<\/li>\n<li>Kiv\u00e1l\u00f3 min\u0151s\u00e9g\u0171 ABS blokk<\/li>\n<li>Rendel\u00e9si id\u0151: 4-8 h\u00e9t<\/li>\n<\/ul>","protected":false},"featured_media":22338,"comment_status":"open","ping_status":"closed","template":"","meta":{"_acf_changed":false},"product_cat":[390],"product_tag":[10508,10510,3687,430,461,10507,10514,10506,392,10509,10512,10513,6373,10511],"class_list":["product","first","instock","shipping-taxable","purchasable","product-type-simple"],"acf":[],"_links":{"self":[{"href":"https:\/\/mouldking.store\/hu\/wp-json\/wp\/v2\/product\/22342","targetHints":{"allow":["GET"]}}],"collection":[{"href":"https:\/\/mouldking.store\/hu\/wp-json\/wp\/v2\/product"}],"about":[{"href":"https:\/\/mouldking.store\/hu\/wp-json\/wp\/v2\/types\/product"}],"replies":[{"embeddable":true,"href":"https:\/\/mouldking.store\/hu\/wp-json\/wp\/v2\/comments?post=22342"}],"wp:featuredmedia":[{"embeddable":true,"href":"https:\/\/mouldking.store\/hu\/wp-json\/wp\/v2\/media\/22338"}],"wp:attachment":[{"href":"https:\/\/mouldking.store\/hu\/wp-json\/wp\/v2\/media?parent=22342"}],"wp:term":[{"taxonomy":"product_cat","embeddable":true,"href":"https:\/\/mouldking.store\/hu\/wp-json\/wp\/v2\/product_cat?post=22342"},{"taxonomy":"product_tag","embeddable":true,"href":"https:\/\/mouldking.store\/hu\/wp-json\/wp\/v2\/product_tag?post=22342"}],"curies":[{"name":"wp","href":"https:\/\/api.w.org\/{rel}","templated":true}]}}