{"id":22366,"date":"2021-10-10T04:36:00","date_gmt":"2021-10-09T21:36:00","guid":{"rendered":"https:\/\/mouldking.store\/shop\/moc-37282-free-imperial-probe-droid-star-wars-by-clydechestnut-moc-factory\/"},"modified":"2025-12-25T09:21:24","modified_gmt":"2025-12-25T02:21:24","slug":"moc-37282-free-imperial-probe-droid-star-wars-by-clydechestnut-moc-factory","status":"publish","type":"product","link":"https:\/\/mouldking.store\/hu\/shop\/moc-37282-free-imperial-probe-droid-star-wars-by-clydechestnut-moc-factory\/","title":{"rendered":"MOC-37282 INGYENES \u2013 Imperial Probe Droid Star Wars, ClydeChestnut MOC FACTORY"},"content":{"rendered":"<p>MOC-37282 INGYENES \u2013 ClydeChestnut Imperial Probe Droid Star Wars A MOC FACTORY a ClydeChestnut \u00e1ltal tervezett Star Wars kollekci\u00f3 k\u00e9szlete. Ehhez a MOC 37282-hez PDF utas\u00edt\u00e1sok tartoznak, amelyeket k\u00f6nny\u0171 \u00f6ssze\u00e1ll\u00edtani \u00e9s megtal\u00e1lni a hi\u00e1nyz\u00f3 r\u00e9szeket. A k\u00e9szlet 61 darabot tartalmaz, el\u0151sz\u00f6r 2020-ban adt\u00e1k ki.<\/p>\n<p><a href=\"https:\/\/pay.lpwstore.com\/wp-content\/uploads\/2021\/01\/MOC-37282-FREE-Imperial-Probe-Droid-Star-Wars-by-ClydeChestnut-MOC-FACTORY.jpg\" target=\"_blank\" rel=\"noopener\"><img fetchpriority=\"high\" decoding=\"async\" class=\"aligncenter wp-image-200417 size-full\" src=\"https:\/\/pay.lpwstore.com\/wp-content\/uploads\/2021\/01\/MOC-37282-FREE-Imperial-Probe-Droid-Star-Wars-by-ClydeChestnut-MOC-FACTORY.jpg\" alt=\"MOC-37282-FREE---Imperial-Probe-Droid-Star-Wars-by-ClydeChestnut-MOC-FACTORY\" width=\"800\" height=\"800\" title=\"-\"><\/a><\/p>","protected":false},"excerpt":{"rendered":"<ul>\n<li>Tartalmazza\u00a0<strong>61+<\/strong>\u00a0db<\/li>\n<li>Online PDF oktat\u00e1s<\/li>\n<li>Kiv\u00e1l\u00f3 min\u0151s\u00e9g\u0171 ABS blokk<\/li>\n<\/ul>","protected":false},"featured_media":22365,"comment_status":"open","ping_status":"closed","template":"","meta":{"_acf_changed":false},"product_cat":[415],"product_tag":[],"class_list":["product","first","instock","shipping-taxable","purchasable","product-type-simple"],"acf":[],"_links":{"self":[{"href":"https:\/\/mouldking.store\/hu\/wp-json\/wp\/v2\/product\/22366","targetHints":{"allow":["GET"]}}],"collection":[{"href":"https:\/\/mouldking.store\/hu\/wp-json\/wp\/v2\/product"}],"about":[{"href":"https:\/\/mouldking.store\/hu\/wp-json\/wp\/v2\/types\/product"}],"replies":[{"embeddable":true,"href":"https:\/\/mouldking.store\/hu\/wp-json\/wp\/v2\/comments?post=22366"}],"wp:featuredmedia":[{"embeddable":true,"href":"https:\/\/mouldking.store\/hu\/wp-json\/wp\/v2\/media\/22365"}],"wp:attachment":[{"href":"https:\/\/mouldking.store\/hu\/wp-json\/wp\/v2\/media?parent=22366"}],"wp:term":[{"taxonomy":"product_cat","embeddable":true,"href":"https:\/\/mouldking.store\/hu\/wp-json\/wp\/v2\/product_cat?post=22366"},{"taxonomy":"product_tag","embeddable":true,"href":"https:\/\/mouldking.store\/hu\/wp-json\/wp\/v2\/product_tag?post=22366"}],"curies":[{"name":"wp","href":"https:\/\/api.w.org\/{rel}","templated":true}]}}