{"id":22371,"date":"2021-10-10T04:36:03","date_gmt":"2021-10-09T21:36:03","guid":{"rendered":"https:\/\/mouldking.store\/shop\/moc-53318-tantive-iv-rebel-blockade-runner-micro-scale-star-wars-by-xigphir-moc-factory\/"},"modified":"2025-12-25T09:21:24","modified_gmt":"2025-12-25T02:21:24","slug":"moc-53318-tantive-iv-rebel-blockade-runner-micro-scale-star-wars-by-xigphir-moc-factory","status":"publish","type":"product","link":"https:\/\/mouldking.store\/hu\/shop\/moc-53318-tantive-iv-rebel-blockade-runner-micro-scale-star-wars-by-xigphir-moc-factory\/","title":{"rendered":"MOC-53318 Tantive IV \u2013 Rebel Blockade Runner [mikro l\u00e9pt\u00e9k\u0171] Star Wars, Xigphir MOC FACTORY"},"content":{"rendered":"<p style=\"text-align: left\">MOC-53318 Tantive IV &#8211; Rebel Blockade Runner [Micro Scale] Star Wars by Xigphir MOC FACTORY is a set in Star Wars collection, designed by Xigphir. This MOC 53318 comes with PDF instruction which is easy to build and find the missing pieces. The set contains 164 pieces, first released in 2020.<\/p>\n<p><a href=\"https:\/\/pay.lpwstore.com\/wp-content\/uploads\/2021\/01\/MOC-53318-Tantive-IV-Rebel-Blockade-Runner-Micro-Scale-Star-Wars-by-Xigphir-MOC-FACTORY.jpg\" target=\"_blank\" rel=\"noopener\"><img fetchpriority=\"high\" decoding=\"async\" class=\"aligncenter wp-image-200421 size-full\" src=\"https:\/\/pay.lpwstore.com\/wp-content\/uploads\/2021\/01\/MOC-53318-Tantive-IV-Rebel-Blockade-Runner-Micro-Scale-Star-Wars-by-Xigphir-MOC-FACTORY.jpg\" alt=\"MOC-53318-Tantive-IV---Rebel-Blockade-Runner-[Micro-Scale]-Star-Wars-by-Xigphir-MOC-FACTORY\" width=\"800\" height=\"800\" title=\"-\"><\/a> <img decoding=\"async\" class=\"alignnone size-full wp-image-200424 aligncenter\" src=\"https:\/\/pay.lpwstore.com\/wp-content\/uploads\/2021\/01\/MOC-53318-Tantive-IV-Rebel-Blockade-Runner-Micro-Scale-Star-Wars-by-Xigphir-MOC-FACTORY-4.jpg\" alt=\"-\" width=\"800\" height=\"800\" title=\"-\"> <img decoding=\"async\" class=\"alignnone size-full wp-image-200423 aligncenter\" src=\"https:\/\/pay.lpwstore.com\/wp-content\/uploads\/2021\/01\/MOC-53318-Tantive-IV-Rebel-Blockade-Runner-Micro-Scale-Star-Wars-by-Xigphir-MOC-FACTORY-3.jpg\" alt=\"-\" width=\"800\" height=\"800\" title=\"-\"> <img loading=\"lazy\" decoding=\"async\" class=\"alignnone size-full wp-image-200422 aligncenter\" src=\"https:\/\/pay.lpwstore.com\/wp-content\/uploads\/2021\/01\/MOC-53318-Tantive-IV-Rebel-Blockade-Runner-Micro-Scale-Star-Wars-by-Xigphir-MOC-FACTORY-2.jpg\" alt=\"-\" width=\"800\" height=\"800\" title=\"-\"><\/p>","protected":false},"excerpt":{"rendered":"<ul>\n<li>Tartalmazza\u00a0<strong>164+<\/strong>\u00a0db<\/li>\n<li>Online PDF oktat\u00e1s<\/li>\n<li>Kiv\u00e1l\u00f3 min\u0151s\u00e9g\u0171 ABS blokk<\/li>\n<\/ul>","protected":false},"featured_media":22367,"comment_status":"open","ping_status":"closed","template":"","meta":{"_acf_changed":false},"product_cat":[415],"product_tag":[],"class_list":["product","first","instock","shipping-taxable","purchasable","product-type-simple"],"acf":[],"_links":{"self":[{"href":"https:\/\/mouldking.store\/hu\/wp-json\/wp\/v2\/product\/22371","targetHints":{"allow":["GET"]}}],"collection":[{"href":"https:\/\/mouldking.store\/hu\/wp-json\/wp\/v2\/product"}],"about":[{"href":"https:\/\/mouldking.store\/hu\/wp-json\/wp\/v2\/types\/product"}],"replies":[{"embeddable":true,"href":"https:\/\/mouldking.store\/hu\/wp-json\/wp\/v2\/comments?post=22371"}],"wp:featuredmedia":[{"embeddable":true,"href":"https:\/\/mouldking.store\/hu\/wp-json\/wp\/v2\/media\/22367"}],"wp:attachment":[{"href":"https:\/\/mouldking.store\/hu\/wp-json\/wp\/v2\/media?parent=22371"}],"wp:term":[{"taxonomy":"product_cat","embeddable":true,"href":"https:\/\/mouldking.store\/hu\/wp-json\/wp\/v2\/product_cat?post=22371"},{"taxonomy":"product_tag","embeddable":true,"href":"https:\/\/mouldking.store\/hu\/wp-json\/wp\/v2\/product_tag?post=22371"}],"curies":[{"name":"wp","href":"https:\/\/api.w.org\/{rel}","templated":true}]}}