{"id":22422,"date":"2021-10-10T04:36:52","date_gmt":"2021-10-10T04:36:52","guid":{"rendered":"https:\/\/mouldking.store\/shop\/moc-50568-car-pack-2-155-scale-creator-by-mobilbenja-factory\/"},"modified":"2025-12-25T09:21:23","modified_gmt":"2025-12-25T02:21:23","slug":"moc-50568-car-pack-2-155-scale-creator-by-mobilbenja-factory","status":"publish","type":"product","link":"https:\/\/mouldking.store\/hu\/shop\/moc-50568-car-pack-2-155-scale-creator-by-mobilbenja-factory\/","title":{"rendered":"MOC-50568 aut\u00f3s csomag #2 (1:55 m\u00e9retar\u00e1ny) K\u00e9sz\u00edt\u0151: Mobilbenja FACTORY"},"content":{"rendered":"<p style=\"text-align: left\">MOC-50568 Aut\u00f3s csomag #2 (1:55 m\u00e9retar\u00e1ny) A Creator a Mobilbenja FACTORY-t\u00f3l a Mobilbenja \u00e1ltal tervezett Creator kollekci\u00f3 k\u00e9szlete. Ehhez a MOC 50568-hoz PDF \u00fatmutat\u00f3 tartozik, amely k\u00f6nnyen \u00f6ssze\u00e1ll\u00edthat\u00f3 \u00e9s megtal\u00e1lhatja a hi\u00e1nyz\u00f3 darabokat. A k\u00e9szlet 285 darabot tartalmaz, el\u0151sz\u00f6r 2020-ban adt\u00e1k ki.<\/p>\n<p><a href=\"https:\/\/pay.lpwstore.com\/wp-content\/uploads\/2021\/01\/MOC-50568-Car-pack-2-155-scale-Creator-by-Mobilbenja-FACTORY.jpg\" target=\"_blank\" rel=\"noopener\"><img fetchpriority=\"high\" decoding=\"async\" class=\"aligncenter wp-image-200606 size-full\" src=\"https:\/\/pay.lpwstore.com\/wp-content\/uploads\/2021\/01\/MOC-50568-Car-pack-2-155-scale-Creator-by-Mobilbenja-FACTORY.jpg\" alt=\"MOC-50568-Car-pack-#2-(155-scale)-Creator-by-Mobilbenja-FACTORY\" width=\"800\" height=\"800\" title=\"-\"><\/a> <img decoding=\"async\" class=\"alignnone size-full wp-image-200607 aligncenter\" src=\"https:\/\/pay.lpwstore.com\/wp-content\/uploads\/2021\/01\/MOC-50568-Car-pack-2-155-scale-Creator-by-Mobilbenja-FACTORY-2.jpg\" alt=\"-\" width=\"800\" height=\"800\" title=\"-\"><\/p>","protected":false},"excerpt":{"rendered":"<ul>\n<li>Tartalmazza\u00a0<strong>285+<\/strong>\u00a0db<\/li>\n<li>Online PDF oktat\u00e1s<\/li>\n<li>Kiv\u00e1l\u00f3 min\u0151s\u00e9g\u0171 ABS blokk<\/li>\n<\/ul>","protected":false},"featured_media":22420,"comment_status":"open","ping_status":"closed","template":"","meta":{"_acf_changed":false},"product_cat":[371],"product_tag":[],"class_list":["product","first","instock","shipping-taxable","purchasable","product-type-simple"],"acf":[],"_links":{"self":[{"href":"https:\/\/mouldking.store\/hu\/wp-json\/wp\/v2\/product\/22422","targetHints":{"allow":["GET"]}}],"collection":[{"href":"https:\/\/mouldking.store\/hu\/wp-json\/wp\/v2\/product"}],"about":[{"href":"https:\/\/mouldking.store\/hu\/wp-json\/wp\/v2\/types\/product"}],"replies":[{"embeddable":true,"href":"https:\/\/mouldking.store\/hu\/wp-json\/wp\/v2\/comments?post=22422"}],"wp:featuredmedia":[{"embeddable":true,"href":"https:\/\/mouldking.store\/hu\/wp-json\/wp\/v2\/media\/22420"}],"wp:attachment":[{"href":"https:\/\/mouldking.store\/hu\/wp-json\/wp\/v2\/media?parent=22422"}],"wp:term":[{"taxonomy":"product_cat","embeddable":true,"href":"https:\/\/mouldking.store\/hu\/wp-json\/wp\/v2\/product_cat?post=22422"},{"taxonomy":"product_tag","embeddable":true,"href":"https:\/\/mouldking.store\/hu\/wp-json\/wp\/v2\/product_tag?post=22422"}],"curies":[{"name":"wp","href":"https:\/\/api.w.org\/{rel}","templated":true}]}}