{"id":22442,"date":"2021-10-10T04:37:07","date_gmt":"2021-10-09T21:37:07","guid":{"rendered":"https:\/\/mouldking.store\/shop\/moc-50018-interstellar-ranger-space-by-plan-moc-factory\/"},"modified":"2025-12-25T09:21:23","modified_gmt":"2025-12-25T02:21:23","slug":"moc-50018-interstellar-ranger-space-by-plan-moc-factory","status":"publish","type":"product","link":"https:\/\/mouldking.store\/hu\/shop\/moc-50018-interstellar-ranger-space-by-plan-moc-factory\/","title":{"rendered":"MOC-50018 CSILLAGK\u00d6ZI RANGER T\u00e9r a MOC FACTORY terv szerint"},"content":{"rendered":"<p>MOC-50018 INTERSTELLAR RANGER Space by plan MOC FACTORY is a set in Space collection, designed by plan. This MOC 50018 comes with PDF instruction which is easy to build and find the missing pieces. The set contains 472 pieces, first released in 2020.<\/p>\n<p><a href=\"https:\/\/pay.lpwstore.com\/wp-content\/uploads\/2021\/01\/MOC-50018-INTERSTELLAR-RANGER-Space-by-plan-MOC-FACTORY.jpg\" target=\"_blank\" rel=\"noopener\"><img fetchpriority=\"high\" decoding=\"async\" class=\"aligncenter wp-image-200647 size-full\" src=\"https:\/\/pay.lpwstore.com\/wp-content\/uploads\/2021\/01\/MOC-50018-INTERSTELLAR-RANGER-Space-by-plan-MOC-FACTORY.jpg\" alt=\"MOC-50018-INTERSTELLAR-RANGER-Space-by-plan-MOC-FACTORY\" width=\"800\" height=\"800\" title=\"-\"><\/a><\/p>","protected":false},"excerpt":{"rendered":"<ul>\n<li>Tartalmazza\u00a0<strong>472+<\/strong>\u00a0db<\/li>\n<li>Online PDF oktat\u00e1s<\/li>\n<li>Kiv\u00e1l\u00f3 min\u0151s\u00e9g\u0171 ABS blokk<\/li>\n<\/ul>","protected":false},"featured_media":22441,"comment_status":"open","ping_status":"closed","template":"","meta":{"_acf_changed":false},"product_cat":[371],"product_tag":[],"class_list":["product","first","instock","shipping-taxable","purchasable","product-type-simple"],"acf":[],"_links":{"self":[{"href":"https:\/\/mouldking.store\/hu\/wp-json\/wp\/v2\/product\/22442","targetHints":{"allow":["GET"]}}],"collection":[{"href":"https:\/\/mouldking.store\/hu\/wp-json\/wp\/v2\/product"}],"about":[{"href":"https:\/\/mouldking.store\/hu\/wp-json\/wp\/v2\/types\/product"}],"replies":[{"embeddable":true,"href":"https:\/\/mouldking.store\/hu\/wp-json\/wp\/v2\/comments?post=22442"}],"wp:featuredmedia":[{"embeddable":true,"href":"https:\/\/mouldking.store\/hu\/wp-json\/wp\/v2\/media\/22441"}],"wp:attachment":[{"href":"https:\/\/mouldking.store\/hu\/wp-json\/wp\/v2\/media?parent=22442"}],"wp:term":[{"taxonomy":"product_cat","embeddable":true,"href":"https:\/\/mouldking.store\/hu\/wp-json\/wp\/v2\/product_cat?post=22442"},{"taxonomy":"product_tag","embeddable":true,"href":"https:\/\/mouldking.store\/hu\/wp-json\/wp\/v2\/product_tag?post=22442"}],"curies":[{"name":"wp","href":"https:\/\/api.w.org\/{rel}","templated":true}]}}