{"id":22472,"date":"2021-10-10T04:37:43","date_gmt":"2021-10-09T21:37:43","guid":{"rendered":"https:\/\/mouldking.store\/shop\/moc-45950-harry-potter-hogwarts-castle-epic-detailed-build-movie-by-citizenfive-moc-factory\/"},"modified":"2025-12-25T09:21:22","modified_gmt":"2025-12-25T02:21:22","slug":"moc-45950-harry-potter-hogwarts-castle-epic-detailed-build-movie-by-citizenfive-moc-factory","status":"publish","type":"product","link":"https:\/\/mouldking.store\/hu\/shop\/moc-45950-harry-potter-hogwarts-castle-epic-detailed-build-movie-by-citizenfive-moc-factory\/","title":{"rendered":"MOC-45950 Harry Potter Roxfort Castle Epic r\u00e9szletes \u00e9p\u00edt\u00e9si film, k\u00e9sz\u00edtette: Citizenfive MOC FACTORY"},"content":{"rendered":"<p style=\"text-align: center\">MOC-45950 Harry Potter Roxfort Castle Epic Detailed Build Movie, citizenfive A MOC FACTORY a Citizenfive \u00e1ltal tervezett Movie kollekci\u00f3 k\u00e9szlete. Ehhez a MOC 45950-hez 3D-s f\u00e1jl utas\u00edt\u00e1sok tartoznak, amelyek k\u00f6nnyen \u00f6ssze\u00e1ll\u00edthat\u00f3k \u00e9s megtal\u00e1lj\u00e1k a hi\u00e1nyz\u00f3 r\u00e9szeket. A k\u00e9szlet 11726 darabot tartalmaz, el\u0151sz\u00f6r 2020-ban adt\u00e1k ki.<\/p>\n<p><a href=\"https:\/\/pay.lpwstore.com\/wp-content\/uploads\/2021\/01\/MOC-45950-Harry-Potter-Hogwarts-Castle-Epic-Detailed-Build-Movie-by-citizenfive-MOC-FACTORY.jpg\" target=\"_blank\" rel=\"noopener\"><img fetchpriority=\"high\" decoding=\"async\" class=\"aligncenter wp-image-200690 size-full\" src=\"https:\/\/pay.lpwstore.com\/wp-content\/uploads\/2021\/01\/MOC-45950-Harry-Potter-Hogwarts-Castle-Epic-Detailed-Build-Movie-by-citizenfive-MOC-FACTORY.jpg\" alt=\"MOC-45950-Harry-Potter-Hogwarts-Castle-Epic-Detailed-Build-Movie-by-citizenfive-MOC-FACTORY\" width=\"800\" height=\"800\" title=\"-\"><\/a> <img decoding=\"async\" class=\"alignnone size-full wp-image-200691 aligncenter\" src=\"https:\/\/pay.lpwstore.com\/wp-content\/uploads\/2021\/01\/MOC-45950-Harry-Potter-Hogwarts-Castle-Epic-Detailed-Build-Movie-by-citizenfive-MOC-FACTORY-2.jpg\" alt=\"-\" width=\"800\" height=\"800\" title=\"-\"> <img decoding=\"async\" class=\"alignnone size-full wp-image-200692 aligncenter\" src=\"https:\/\/pay.lpwstore.com\/wp-content\/uploads\/2021\/01\/MOC-45950-Harry-Potter-Hogwarts-Castle-Epic-Detailed-Build-Movie-by-citizenfive-MOC-FACTORY-3.jpg\" alt=\"-\" width=\"800\" height=\"800\" title=\"-\"> <img loading=\"lazy\" decoding=\"async\" class=\"alignnone size-full wp-image-200693 aligncenter\" src=\"https:\/\/pay.lpwstore.com\/wp-content\/uploads\/2021\/01\/MOC-45950-Harry-Potter-Hogwarts-Castle-Epic-Detailed-Build-Movie-by-citizenfive-MOC-FACTORY-4.jpg\" alt=\"-\" width=\"800\" height=\"800\" title=\"-\"> <img loading=\"lazy\" decoding=\"async\" class=\"alignnone size-full wp-image-200694 aligncenter\" src=\"https:\/\/pay.lpwstore.com\/wp-content\/uploads\/2021\/01\/MOC-45950-Harry-Potter-Hogwarts-Castle-Epic-Detailed-Build-Movie-by-citizenfive-MOC-FACTORY-5.jpg\" alt=\"-\" width=\"800\" height=\"800\" title=\"-\"><\/p>","protected":false},"excerpt":{"rendered":"<ul>\n<li>Tartalmazza\u00a0<strong>11726<\/strong><strong>+<\/strong>\u00a0db<\/li>\n<li>3D f\u00e1jl utas\u00edt\u00e1s<\/li>\n<li>Kiv\u00e1l\u00f3 min\u0151s\u00e9g\u0171 ABS blokk<\/li>\n<\/ul>","protected":false},"featured_media":22471,"comment_status":"open","ping_status":"closed","template":"","meta":{"_acf_changed":false},"product_cat":[581],"product_tag":[],"class_list":["product","first","instock","shipping-taxable","purchasable","product-type-simple"],"acf":[],"_links":{"self":[{"href":"https:\/\/mouldking.store\/hu\/wp-json\/wp\/v2\/product\/22472","targetHints":{"allow":["GET"]}}],"collection":[{"href":"https:\/\/mouldking.store\/hu\/wp-json\/wp\/v2\/product"}],"about":[{"href":"https:\/\/mouldking.store\/hu\/wp-json\/wp\/v2\/types\/product"}],"replies":[{"embeddable":true,"href":"https:\/\/mouldking.store\/hu\/wp-json\/wp\/v2\/comments?post=22472"}],"wp:featuredmedia":[{"embeddable":true,"href":"https:\/\/mouldking.store\/hu\/wp-json\/wp\/v2\/media\/22471"}],"wp:attachment":[{"href":"https:\/\/mouldking.store\/hu\/wp-json\/wp\/v2\/media?parent=22472"}],"wp:term":[{"taxonomy":"product_cat","embeddable":true,"href":"https:\/\/mouldking.store\/hu\/wp-json\/wp\/v2\/product_cat?post=22472"},{"taxonomy":"product_tag","embeddable":true,"href":"https:\/\/mouldking.store\/hu\/wp-json\/wp\/v2\/product_tag?post=22472"}],"curies":[{"name":"wp","href":"https:\/\/api.w.org\/{rel}","templated":true}]}}