{"id":22502,"date":"2021-10-10T04:38:09","date_gmt":"2021-10-10T04:38:09","guid":{"rendered":"https:\/\/mouldking.store\/shop\/moc-60088-launch-tower-mk-i-for-saturn-v-21309-92176-with-crawler-space-by-janotechnic-moc-factory\/"},"modified":"2025-12-25T09:21:17","modified_gmt":"2025-12-25T02:21:17","slug":"moc-60088-launch-tower-mk-i-for-saturn-v-21309-92176-with-crawler-space-by-janotechnic-moc-factory","status":"publish","type":"product","link":"https:\/\/mouldking.store\/hu\/shop\/moc-60088-launch-tower-mk-i-for-saturn-v-21309-92176-with-crawler-space-by-janotechnic-moc-factory\/","title":{"rendered":"MOC-60088 Mk I kil\u00f6v\u0151torony Saturn V (21309\/92176) l\u00e1nctalpas t\u00e9rrel a Janotechnic MOC FACTORY-t\u00f3l"},"content":{"rendered":"<p style=\"text-align: left\">MOC-60088 Launch Tower Mk I for Saturn V (21309\/92176) Crawler Space-vel, a Janotechnic MOC FACTORY k\u00e9szlete a Space kollekci\u00f3ban, a Janotechnic tervezte. Ehhez a MOC 60088-hoz PDF \u00fatmutat\u00f3 tartozik, amely k\u00f6nnyen \u00f6ssze\u00e1ll\u00edthat\u00f3 \u00e9s megtal\u00e1lhatja a hi\u00e1nyz\u00f3 r\u00e9szeket. A k\u00e9szlet 7702 darabot tartalmaz, el\u0151sz\u00f6r 2021-ben adt\u00e1k ki.<\/p>\n<p><a href=\"https:\/\/pay.lpwstore.com\/wp-content\/uploads\/2021\/01\/MOC-60088-Launch-Tower-Mk-I-for-Saturn-V-2130992176-with-Crawler-Space-by-Janotechnic-MOC-FACTORY-3.jpg\" target=\"_blank\" rel=\"noopener\"><img fetchpriority=\"high\" decoding=\"async\" class=\"aligncenter wp-image-200883 size-full\" title=\"MOC-60088-Kibocs\u00e1t\u00f3-torony-Mk-I-for-Saturn-V-(2130992176)-Crawler-Space-by-Janotechnic-MOC-FACTORY-3\" src=\"https:\/\/pay.lpwstore.com\/wp-content\/uploads\/2021\/01\/MOC-60088-Launch-Tower-Mk-I-for-Saturn-V-2130992176-with-Crawler-Space-by-Janotechnic-MOC-FACTORY-3.jpg\" alt=\"MOC-60088-Launch-Tower-Mk-I-for-Saturn-V-(2130992176)-with-Crawler-Space-by-Janotechnic-MOC-FACTORY-3\" width=\"800\" height=\"800\" \/><\/a> <img decoding=\"async\" class=\"alignnone size-full wp-image-200884 aligncenter\" src=\"https:\/\/pay.lpwstore.com\/wp-content\/uploads\/2021\/01\/MOC-60088-Launch-Tower-Mk-I-for-Saturn-V-2130992176-with-Crawler-Space-by-Janotechnic-MOC-FACTORY-4.jpg\" alt=\"-\" width=\"800\" height=\"800\" title=\"-\"> <img decoding=\"async\" class=\"alignnone size-full wp-image-200885 aligncenter\" src=\"https:\/\/pay.lpwstore.com\/wp-content\/uploads\/2021\/01\/MOC-60088-Launch-Tower-Mk-I-for-Saturn-V-2130992176-with-Crawler-Space-by-Janotechnic-MOC-FACTORY-5.jpg\" alt=\"-\" width=\"800\" height=\"800\" title=\"-\"> <img loading=\"lazy\" decoding=\"async\" class=\"alignnone size-full wp-image-200886 aligncenter\" src=\"https:\/\/pay.lpwstore.com\/wp-content\/uploads\/2021\/01\/MOC-60088-Launch-Tower-Mk-I-for-Saturn-V-2130992176-with-Crawler-Space-by-Janotechnic-MOC-FACTORY-6.jpg\" alt=\"-\" width=\"800\" height=\"800\" title=\"-\"> <img loading=\"lazy\" decoding=\"async\" class=\"alignnone size-full wp-image-200887 aligncenter\" src=\"https:\/\/pay.lpwstore.com\/wp-content\/uploads\/2021\/01\/MOC-60088-Launch-Tower-Mk-I-for-Saturn-V-2130992176-with-Crawler-Space-by-Janotechnic-MOC-FACTORY-7.jpg\" alt=\"-\" width=\"800\" height=\"800\" title=\"-\"><\/p>","protected":false},"excerpt":{"rendered":"<ul>\n<li>Tartalmazza <strong>7702+<\/strong> db<\/li>\n<li>Online PDF oktat\u00e1s<\/li>\n<li>Kiv\u00e1l\u00f3 min\u0151s\u00e9g\u0171 ABS blokk<\/li>\n<li>Ne tartalmazza az \u0171rhaj\u00f3t<\/li>\n<\/ul>","protected":false},"featured_media":22497,"comment_status":"open","ping_status":"closed","template":"","meta":{"_acf_changed":false},"product_cat":[364],"product_tag":[],"class_list":["product","first","instock","shipping-taxable","purchasable","product-type-simple"],"acf":[],"_links":{"self":[{"href":"https:\/\/mouldking.store\/hu\/wp-json\/wp\/v2\/product\/22502","targetHints":{"allow":["GET"]}}],"collection":[{"href":"https:\/\/mouldking.store\/hu\/wp-json\/wp\/v2\/product"}],"about":[{"href":"https:\/\/mouldking.store\/hu\/wp-json\/wp\/v2\/types\/product"}],"replies":[{"embeddable":true,"href":"https:\/\/mouldking.store\/hu\/wp-json\/wp\/v2\/comments?post=22502"}],"wp:featuredmedia":[{"embeddable":true,"href":"https:\/\/mouldking.store\/hu\/wp-json\/wp\/v2\/media\/22497"}],"wp:attachment":[{"href":"https:\/\/mouldking.store\/hu\/wp-json\/wp\/v2\/media?parent=22502"}],"wp:term":[{"taxonomy":"product_cat","embeddable":true,"href":"https:\/\/mouldking.store\/hu\/wp-json\/wp\/v2\/product_cat?post=22502"},{"taxonomy":"product_tag","embeddable":true,"href":"https:\/\/mouldking.store\/hu\/wp-json\/wp\/v2\/product_tag?post=22502"}],"curies":[{"name":"wp","href":"https:\/\/api.w.org\/{rel}","templated":true}]}}