{"id":22544,"date":"2021-10-10T04:39:10","date_gmt":"2021-10-09T21:39:10","guid":{"rendered":"https:\/\/mouldking.store\/shop\/moc-29535-ultramarine-primaris-redemptor-dreadnought-creator-by-dave-moc-factory\/"},"modified":"2025-12-25T09:21:16","modified_gmt":"2025-12-25T02:21:16","slug":"moc-29535-ultramarine-primaris-redemptor-dreadnought-creator-by-dave-moc-factory","status":"publish","type":"product","link":"https:\/\/mouldking.store\/hu\/shop\/moc-29535-ultramarine-primaris-redemptor-dreadnought-creator-by-dave-moc-factory\/","title":{"rendered":"MOC-29535 Ultramarine Primaris Redemptor Dreadnought Creator, Dave. MOC GY\u00c1R"},"content":{"rendered":"<p style=\"text-align: left\">MOC-29535 Ultramarine Primaris Redemptor Dreadnought Creator by Dave. MOC FACTORY is a set in Creator collection, designed by Dave.. This MOC 29535 comes with PDF instruction which is easy to build and find the missing pieces. The set contains 1252 pieces, first released in 2021.<\/p>\n<p><a href=\"https:\/\/pay.lpwstore.com\/wp-content\/uploads\/2021\/01\/MOC-29535-Ultramarine-Primaris-Redemptor-Dreadnought-Creator-by-Dave.jpg\" target=\"_blank\" rel=\"noopener\"><img fetchpriority=\"high\" decoding=\"async\" class=\"aligncenter wp-image-200961 size-full\" title=\"MOC-29535 Ultramarine Primaris Redemptor Dreadnought Creator, Dave. MOC GY\u00c1R\" src=\"https:\/\/pay.lpwstore.com\/wp-content\/uploads\/2021\/01\/MOC-29535-Ultramarine-Primaris-Redemptor-Dreadnought-Creator-by-Dave.jpg\" alt=\"MOC-29535-Ultramarine-Primaris-Redemptor-DrMOC-29535 Ultramarine Primaris Redemptor Dreadnought Creator by Dave. MOC FACTORYeadnought-Creator-by-Dave\" width=\"800\" height=\"800\" \/><\/a> <img decoding=\"async\" class=\"alignnone size-full wp-image-200962 aligncenter\" src=\"https:\/\/pay.lpwstore.com\/wp-content\/uploads\/2021\/01\/MOC-29535-Ultramarine-Primaris-Redemptor-Dreadnought-Creator-by-Dave-2.jpg\" alt=\"-\" width=\"800\" height=\"800\" title=\"-\"> <img decoding=\"async\" class=\"alignnone size-full wp-image-200963 aligncenter\" src=\"https:\/\/pay.lpwstore.com\/wp-content\/uploads\/2021\/01\/MOC-29535-Ultramarine-Primaris-Redemptor-Dreadnought-Creator-by-Dave-3.jpg\" alt=\"-\" width=\"800\" height=\"800\" title=\"-\"><\/p>","protected":false},"excerpt":{"rendered":"<ul>\n<li>Tartalmazza <strong>1252+<\/strong> db<\/li>\n<li>Online PDF oktat\u00e1s<\/li>\n<li>Kiv\u00e1l\u00f3 min\u0151s\u00e9g\u0171 ABS blokk<\/li>\n<\/ul>","protected":false},"featured_media":22541,"comment_status":"open","ping_status":"closed","template":"","meta":{"_acf_changed":false},"product_cat":[371],"product_tag":[],"class_list":["product","first","instock","shipping-taxable","purchasable","product-type-simple"],"acf":[],"_links":{"self":[{"href":"https:\/\/mouldking.store\/hu\/wp-json\/wp\/v2\/product\/22544","targetHints":{"allow":["GET"]}}],"collection":[{"href":"https:\/\/mouldking.store\/hu\/wp-json\/wp\/v2\/product"}],"about":[{"href":"https:\/\/mouldking.store\/hu\/wp-json\/wp\/v2\/types\/product"}],"replies":[{"embeddable":true,"href":"https:\/\/mouldking.store\/hu\/wp-json\/wp\/v2\/comments?post=22544"}],"wp:featuredmedia":[{"embeddable":true,"href":"https:\/\/mouldking.store\/hu\/wp-json\/wp\/v2\/media\/22541"}],"wp:attachment":[{"href":"https:\/\/mouldking.store\/hu\/wp-json\/wp\/v2\/media?parent=22544"}],"wp:term":[{"taxonomy":"product_cat","embeddable":true,"href":"https:\/\/mouldking.store\/hu\/wp-json\/wp\/v2\/product_cat?post=22544"},{"taxonomy":"product_tag","embeddable":true,"href":"https:\/\/mouldking.store\/hu\/wp-json\/wp\/v2\/product_tag?post=22544"}],"curies":[{"name":"wp","href":"https:\/\/api.w.org\/{rel}","templated":true}]}}