{"id":22551,"date":"2021-10-10T04:39:18","date_gmt":"2021-10-10T04:39:18","guid":{"rendered":"https:\/\/mouldking.store\/?post_type=product&#038;p=22551"},"modified":"2025-12-25T09:21:18","modified_gmt":"2025-12-25T02:21:18","slug":"moc-57779-lamborghini-countach-lp5000-qv-technic-by-rastacoco-moc-factory","status":"publish","type":"product","link":"https:\/\/mouldking.store\/hu\/shop\/moc-57779-lamborghini-countach-lp5000-qv-technic-by-rastacoco-moc-factory\/","title":{"rendered":"MOC-57779 Lamborghini Countach LP5000 QV Technic, Rastacoco MOC FACTORY"},"content":{"rendered":"<p style=\"text-align: left\">MOC-57779 Lamborghini Countach LP5000 QV Technic by Rastacoco MOC FACTORY is a set in Technic collection, designed by Rastacoco. This MOC 57779 comes with PDF instruction which is easy to build and find the missing pieces. The set contains 1308 pieces, first released in 2021.<\/p>\n<figure id=\"attachment_201136\" class=\"wp-caption aligncenter\" style=\"width: 800px\" aria-describedby=\"caption-attachment-201136\"><a href=\"https:\/\/pay.lpwstore.com\/wp-content\/uploads\/2021\/01\/MOC-57779-Lamborghini-Countach-LP5000-QV-Technic-by-Rastacoco-MOC-FACTORY.jpg\" target=\"_blank\" rel=\"noopener\"><img fetchpriority=\"high\" decoding=\"async\" class=\"wp-image-201136 size-full\" title=\"MOC-57779 Lamborghini Countach LP5000 QV Technic, Rastacoco MOC FACTORY\" src=\"https:\/\/pay.lpwstore.com\/wp-content\/uploads\/2021\/01\/MOC-57779-Lamborghini-Countach-LP5000-QV-Technic-by-Rastacoco-MOC-FACTORY.jpg\" alt=\"MOC-57779 Lamborghini Countach LP5000 QV Technic by Rastacoco MOC FACTORY\" width=\"800\" height=\"800\" \/><\/a><figcaption id=\"caption-attachment-201136\" class=\"wp-caption-text\">MOC-57779 Lamborghini Countach LP5000 QV Technic, Rastacoco MOC FACTORY<\/figcaption><\/figure>\n<p><img decoding=\"async\" class=\"alignnone size-full wp-image-201137 aligncenter\" src=\"https:\/\/pay.lpwstore.com\/wp-content\/uploads\/2021\/01\/MOC-57779-Lamborghini-Countach-LP5000-QV-Technic-by-Rastacoco-MOC-FACTORY-2.jpg\" alt=\"-\" width=\"800\" height=\"800\" title=\"-\"> <img decoding=\"async\" class=\"alignnone size-full wp-image-201138 aligncenter\" src=\"https:\/\/pay.lpwstore.com\/wp-content\/uploads\/2021\/01\/MOC-57779-Lamborghini-Countach-LP5000-QV-Technic-by-Rastacoco-MOC-FACTORY-3.jpg\" alt=\"-\" width=\"800\" height=\"800\" title=\"-\"> <img loading=\"lazy\" decoding=\"async\" class=\"alignnone size-full wp-image-201139 aligncenter\" src=\"https:\/\/pay.lpwstore.com\/wp-content\/uploads\/2021\/01\/MOC-57779-Lamborghini-Countach-LP5000-QV-Technic-by-Rastacoco-MOC-FACTORY-4.jpg\" alt=\"-\" width=\"800\" height=\"800\" title=\"-\"><\/p>","protected":false},"excerpt":{"rendered":"<ul>\n<li>Tartalmazza\u00a0<strong>1308+<\/strong>\u00a0db<\/li>\n<li>Online PDF oktat\u00e1s<\/li>\n<li>Kiv\u00e1l\u00f3 min\u0151s\u00e9g\u0171 ABS blokk<\/li>\n<\/ul>","protected":false},"featured_media":22632,"comment_status":"open","ping_status":"closed","template":"","meta":{"_acf_changed":false},"product_cat":[364],"product_tag":[],"class_list":["product","first","instock","shipping-taxable","purchasable","product-type-variable"],"acf":[],"_links":{"self":[{"href":"https:\/\/mouldking.store\/hu\/wp-json\/wp\/v2\/product\/22551","targetHints":{"allow":["GET"]}}],"collection":[{"href":"https:\/\/mouldking.store\/hu\/wp-json\/wp\/v2\/product"}],"about":[{"href":"https:\/\/mouldking.store\/hu\/wp-json\/wp\/v2\/types\/product"}],"replies":[{"embeddable":true,"href":"https:\/\/mouldking.store\/hu\/wp-json\/wp\/v2\/comments?post=22551"}],"wp:featuredmedia":[{"embeddable":true,"href":"https:\/\/mouldking.store\/hu\/wp-json\/wp\/v2\/media\/22632"}],"wp:attachment":[{"href":"https:\/\/mouldking.store\/hu\/wp-json\/wp\/v2\/media?parent=22551"}],"wp:term":[{"taxonomy":"product_cat","embeddable":true,"href":"https:\/\/mouldking.store\/hu\/wp-json\/wp\/v2\/product_cat?post=22551"},{"taxonomy":"product_tag","embeddable":true,"href":"https:\/\/mouldking.store\/hu\/wp-json\/wp\/v2\/product_tag?post=22551"}],"curies":[{"name":"wp","href":"https:\/\/api.w.org\/{rel}","templated":true}]}}