{"id":22618,"date":"2021-10-10T04:40:41","date_gmt":"2021-10-09T21:40:41","guid":{"rendered":"https:\/\/mouldking.store\/shop\/moc-53448-31109-sky-pirates-skeleton-ship-creator-by-madmocs-moc-factory\/"},"modified":"2025-12-25T09:21:15","modified_gmt":"2025-12-25T02:21:15","slug":"moc-53448-31109-sky-pirates-skeleton-ship-creator-by-madmocs-moc-factory","status":"publish","type":"product","link":"https:\/\/mouldking.store\/hu\/shop\/moc-53448-31109-sky-pirates-skeleton-ship-creator-by-madmocs-moc-factory\/","title":{"rendered":"MOC-53448 31109 Sky Pirates Skeleton Ship Creator \u2013 MadMocs MOC FACTORY"},"content":{"rendered":"<p style=\"text-align: left\">MOC-53448 31109 Sky Pirates Skeleton Ship Creator a MadMocst\u00f3l A MOC FACTORY a MadMocs \u00e1ltal tervezett Creator kollekci\u00f3 k\u00e9szlete. Ehhez a MOC 53448-hoz PDF \u00fatmutat\u00f3 tartozik, amely k\u00f6nnyen \u00f6ssze\u00e1ll\u00edthat\u00f3 \u00e9s megtal\u00e1lhatja a hi\u00e1nyz\u00f3 darabokat. A k\u00e9szlet 662 darabot tartalmaz, el\u0151sz\u00f6r 2021-ben adt\u00e1k ki.<\/p>\n<p><a href=\"https:\/\/pay.lpwstore.com\/wp-content\/uploads\/2021\/01\/MOC-53448-31109-Sky-Pirates-Skeleton-Ship-Creator-by-MadMocs-MOC-FACTORY.jpg\" target=\"_blank\" rel=\"noopener\"><img fetchpriority=\"high\" decoding=\"async\" class=\"aligncenter wp-image-201051 size-full\" title=\"MOC-53448 31109 Sky Pirates Skeleton Ship Creator \u2013 MadMocs MOC FACTORY\" src=\"https:\/\/pay.lpwstore.com\/wp-content\/uploads\/2021\/01\/MOC-53448-31109-Sky-Pirates-Skeleton-Ship-Creator-by-MadMocs-MOC-FACTORY.jpg\" alt=\"MOC-53448 31109 Sky Pirates Skeleton Ship Creator by MadMocs MOC FACTORY\" width=\"800\" height=\"800\" \/><\/a> <img decoding=\"async\" class=\"alignnone size-full wp-image-201052 aligncenter\" src=\"https:\/\/pay.lpwstore.com\/wp-content\/uploads\/2021\/01\/MOC-53448-31109-Sky-Pirates-Skeleton-Ship-Creator-by-MadMocs-MOC-FACTORY-2.jpg\" alt=\"-\" width=\"800\" height=\"800\" title=\"-\"> <img decoding=\"async\" class=\"alignnone size-full wp-image-201053 aligncenter\" src=\"https:\/\/pay.lpwstore.com\/wp-content\/uploads\/2021\/01\/MOC-53448-31109-Sky-Pirates-Skeleton-Ship-Creator-by-MadMocs-MOC-FACTORY-3.jpg\" alt=\"-\" width=\"800\" height=\"800\" title=\"-\"> <img loading=\"lazy\" decoding=\"async\" class=\"alignnone size-full wp-image-201054 aligncenter\" src=\"https:\/\/pay.lpwstore.com\/wp-content\/uploads\/2021\/01\/MOC-53448-31109-Sky-Pirates-Skeleton-Ship-Creator-by-MadMocs-MOC-FACTORY-4.jpg\" alt=\"-\" width=\"800\" height=\"800\" title=\"-\"> <img loading=\"lazy\" decoding=\"async\" class=\"alignnone size-full wp-image-201055 aligncenter\" src=\"https:\/\/pay.lpwstore.com\/wp-content\/uploads\/2021\/01\/MOC-53448-31109-Sky-Pirates-Skeleton-Ship-Creator-by-MadMocs-MOC-FACTORY-5.jpg\" alt=\"-\" width=\"800\" height=\"800\" title=\"-\"> <img loading=\"lazy\" decoding=\"async\" class=\"alignnone size-full wp-image-201056 aligncenter\" src=\"https:\/\/pay.lpwstore.com\/wp-content\/uploads\/2021\/01\/MOC-53448-31109-Sky-Pirates-Skeleton-Ship-Creator-by-MadMocs-MOC-FACTORY-6.jpg\" alt=\"-\" width=\"800\" height=\"800\" title=\"-\"><\/p>","protected":false},"excerpt":{"rendered":"<ul>\n<li>Tartalmazza\u00a0<strong>662+<\/strong>\u00a0db<\/li>\n<li>Online PDF oktat\u00e1s<\/li>\n<li>Kiv\u00e1l\u00f3 min\u0151s\u00e9g\u0171 ABS blokk<\/li>\n<\/ul>","protected":false},"featured_media":22612,"comment_status":"open","ping_status":"closed","template":"","meta":{"_acf_changed":false},"product_cat":[371],"product_tag":[],"class_list":["product","first","instock","shipping-taxable","purchasable","product-type-simple"],"acf":[],"_links":{"self":[{"href":"https:\/\/mouldking.store\/hu\/wp-json\/wp\/v2\/product\/22618","targetHints":{"allow":["GET"]}}],"collection":[{"href":"https:\/\/mouldking.store\/hu\/wp-json\/wp\/v2\/product"}],"about":[{"href":"https:\/\/mouldking.store\/hu\/wp-json\/wp\/v2\/types\/product"}],"replies":[{"embeddable":true,"href":"https:\/\/mouldking.store\/hu\/wp-json\/wp\/v2\/comments?post=22618"}],"wp:featuredmedia":[{"embeddable":true,"href":"https:\/\/mouldking.store\/hu\/wp-json\/wp\/v2\/media\/22612"}],"wp:attachment":[{"href":"https:\/\/mouldking.store\/hu\/wp-json\/wp\/v2\/media?parent=22618"}],"wp:term":[{"taxonomy":"product_cat","embeddable":true,"href":"https:\/\/mouldking.store\/hu\/wp-json\/wp\/v2\/product_cat?post=22618"},{"taxonomy":"product_tag","embeddable":true,"href":"https:\/\/mouldking.store\/hu\/wp-json\/wp\/v2\/product_tag?post=22618"}],"curies":[{"name":"wp","href":"https:\/\/api.w.org\/{rel}","templated":true}]}}