{"id":22638,"date":"2021-10-10T04:41:03","date_gmt":"2021-10-09T21:41:03","guid":{"rendered":"https:\/\/mouldking.store\/shop\/moc-51796-tmnt-teenage-mutant-ninja-turtles-movie-by-allouryuen-moc-factory\/"},"modified":"2025-12-25T09:21:15","modified_gmt":"2025-12-25T02:21:15","slug":"moc-51796-tmnt-teenage-mutant-ninja-turtles-movie-by-allouryuen-moc-factory","status":"publish","type":"product","link":"https:\/\/mouldking.store\/hu\/shop\/moc-51796-tmnt-teenage-mutant-ninja-turtles-movie-by-allouryuen-moc-factory\/","title":{"rendered":"MOC-51796 TMNT Teenage Mutant Ninja Turtles Film, k\u00e9sz\u00edtette: Alloryuen MOC FACTORY"},"content":{"rendered":"<p style=\"text-align: left\">MOC-51796 TMNT Teenage Mutant Ninja Turtles Movie by Allouryuen MOC FACTORY is a set in Movie collection, designed by Allouryuen. This MOC 51796 comes with PDF instruction which is easy to build and find the missing pieces. The set contains 3613 pieces, first released in 2021.<\/p>\n<figure id=\"attachment_201168\" aria-describedby=\"caption-attachment-201168\" style=\"width: 800px\" class=\"wp-caption aligncenter\"><a href=\"https:\/\/pay.lpwstore.com\/wp-content\/uploads\/2021\/01\/MOC-51796-TMNT-Teenage-Mutant-Ninja-Turtles-Movie-by-Allouryuen-MOC-FACTORY.jpg\" target=\"_blank\" rel=\"noopener\"><img fetchpriority=\"high\" decoding=\"async\" class=\"wp-image-201168 size-full\" title=\"MOC-51796 TMNT Teenage Mutant Ninja Turtles Film, k\u00e9sz\u00edtette: Alloryuen MOC FACTORY\" src=\"https:\/\/pay.lpwstore.com\/wp-content\/uploads\/2021\/01\/MOC-51796-TMNT-Teenage-Mutant-Ninja-Turtles-Movie-by-Allouryuen-MOC-FACTORY.jpg\" alt=\"MOC-51796 TMNT Teenage Mutant Ninja Turtles Movie by Allouryuen MOC FACTORY\" width=\"800\" height=\"800\" \/><\/a><figcaption id=\"caption-attachment-201168\" class=\"wp-caption-text\">MOC-51796 TMNT Teenage Mutant Ninja Turtles Film, k\u00e9sz\u00edtette: Alloryuen MOC FACTORY<\/figcaption><\/figure>\n<p><img decoding=\"async\" class=\"alignnone size-full wp-image-201169 aligncenter\" src=\"https:\/\/pay.lpwstore.com\/wp-content\/uploads\/2021\/01\/MOC-51796-TMNT-Teenage-Mutant-Ninja-Turtles-Movie-by-Allouryuen-MOC-FACTORY-2.jpg\" alt=\"MOC-51796-TMNT-Teenage-Mutant-Ninja-Turtles-Movie-by-Allouryuen-MOC-FACTORY-2\" width=\"800\" height=\"800\" title=\"-\"><\/p>","protected":false},"excerpt":{"rendered":"<ul>\n<li>Tartalmazza <strong>3613+<\/strong> db<\/li>\n<li>Online PDF oktat\u00e1s<\/li>\n<li>Kiv\u00e1l\u00f3 min\u0151s\u00e9g\u0171 ABS blokk<\/li>\n<\/ul>","protected":false},"featured_media":22636,"comment_status":"open","ping_status":"closed","template":"","meta":{"_acf_changed":false},"product_cat":[581],"product_tag":[],"class_list":["product","first","instock","shipping-taxable","purchasable","product-type-simple"],"acf":[],"_links":{"self":[{"href":"https:\/\/mouldking.store\/hu\/wp-json\/wp\/v2\/product\/22638","targetHints":{"allow":["GET"]}}],"collection":[{"href":"https:\/\/mouldking.store\/hu\/wp-json\/wp\/v2\/product"}],"about":[{"href":"https:\/\/mouldking.store\/hu\/wp-json\/wp\/v2\/types\/product"}],"replies":[{"embeddable":true,"href":"https:\/\/mouldking.store\/hu\/wp-json\/wp\/v2\/comments?post=22638"}],"wp:featuredmedia":[{"embeddable":true,"href":"https:\/\/mouldking.store\/hu\/wp-json\/wp\/v2\/media\/22636"}],"wp:attachment":[{"href":"https:\/\/mouldking.store\/hu\/wp-json\/wp\/v2\/media?parent=22638"}],"wp:term":[{"taxonomy":"product_cat","embeddable":true,"href":"https:\/\/mouldking.store\/hu\/wp-json\/wp\/v2\/product_cat?post=22638"},{"taxonomy":"product_tag","embeddable":true,"href":"https:\/\/mouldking.store\/hu\/wp-json\/wp\/v2\/product_tag?post=22638"}],"curies":[{"name":"wp","href":"https:\/\/api.w.org\/{rel}","templated":true}]}}