{"id":22648,"date":"2021-10-10T04:41:15","date_gmt":"2021-10-09T21:41:15","guid":{"rendered":"https:\/\/mouldking.store\/shop\/moc-55403-babylon-5-ucs-scale-movie-by-manglegrat-moc-factory\/"},"modified":"2025-12-25T09:21:15","modified_gmt":"2025-12-25T02:21:15","slug":"moc-55403-babylon-5-ucs-scale-movie-by-manglegrat-moc-factory","status":"publish","type":"product","link":"https:\/\/mouldking.store\/hu\/shop\/moc-55403-babylon-5-ucs-scale-movie-by-manglegrat-moc-factory\/","title":{"rendered":"MOC-55403 Babylon 5 &#8211; UCS Scale Movie by manglegrat MOC FACTORY"},"content":{"rendered":"<p style=\"text-align: left\">MOC-55403 Babylon 5 &#8211; UCS Scale Movie by manglegrat MOC FACTORY is a set in Movie collection, designed by manglegrat. This MOC 55403 comes with PDF instruction which is easy to build and find the missing pieces. The set contains 6735 pieces, first released in 2021.<\/p>\n<figure id=\"attachment_201176\" aria-describedby=\"caption-attachment-201176\" style=\"width: 800px\" class=\"wp-caption aligncenter\"><a href=\"https:\/\/pay.lpwstore.com\/wp-content\/uploads\/2021\/01\/MOC-55403-Babylon-5-UCS-Scale-Movie-by-manglegrat-MOC-FACTORY.jpg\" target=\"_blank\" rel=\"noopener\"><img fetchpriority=\"high\" decoding=\"async\" class=\"wp-image-201176 size-full\" title=\"MOC-55403 Babylon 5 - UCS Scale Movie, manglegrat MOC FACTORY\" src=\"https:\/\/pay.lpwstore.com\/wp-content\/uploads\/2021\/01\/MOC-55403-Babylon-5-UCS-Scale-Movie-by-manglegrat-MOC-FACTORY.jpg\" alt=\"MOC-55403 Babylon 5 - UCS Scale Movie by manglegrat MOC FACTORY\" width=\"800\" height=\"800\" \/><\/a><figcaption id=\"caption-attachment-201176\" class=\"wp-caption-text\">MOC-55403 Babylon 5 &#8211; UCS Scale Movie by manglegrat MOC FACTORY<\/figcaption><\/figure>\n<p><img decoding=\"async\" class=\"alignnone size-full wp-image-201177 aligncenter\" src=\"https:\/\/pay.lpwstore.com\/wp-content\/uploads\/2021\/01\/MOC-55403-Babylon-5-UCS-Scale-Movie-by-manglegrat-MOC-FACTORY-2.jpg\" alt=\"-\" width=\"800\" height=\"800\" title=\"-\"> <img decoding=\"async\" class=\"alignnone size-full wp-image-201178 aligncenter\" src=\"https:\/\/pay.lpwstore.com\/wp-content\/uploads\/2021\/01\/MOC-55403-Babylon-5-UCS-Scale-Movie-by-manglegrat-MOC-FACTORY-3.jpg\" alt=\"-\" width=\"800\" height=\"800\" title=\"-\"> <img loading=\"lazy\" decoding=\"async\" class=\"alignnone size-full wp-image-201179 aligncenter\" src=\"https:\/\/pay.lpwstore.com\/wp-content\/uploads\/2021\/01\/MOC-55403-Babylon-5-UCS-Scale-Movie-by-manglegrat-MOC-FACTORY-4.jpg\" alt=\"-\" width=\"800\" height=\"800\" title=\"-\"><\/p>","protected":false},"excerpt":{"rendered":"<ul>\n<li>Tartalmazza\u00a0<strong>6735+<\/strong>\u00a0db<\/li>\n<li>Online PDF oktat\u00e1s<\/li>\n<li>Kiv\u00e1l\u00f3 min\u0151s\u00e9g\u0171 ABS blokk<\/li>\n<\/ul>","protected":false},"featured_media":22644,"comment_status":"open","ping_status":"closed","template":"","meta":{"_acf_changed":false},"product_cat":[581],"product_tag":[],"class_list":["product","first","instock","shipping-taxable","purchasable","product-type-simple"],"acf":[],"_links":{"self":[{"href":"https:\/\/mouldking.store\/hu\/wp-json\/wp\/v2\/product\/22648","targetHints":{"allow":["GET"]}}],"collection":[{"href":"https:\/\/mouldking.store\/hu\/wp-json\/wp\/v2\/product"}],"about":[{"href":"https:\/\/mouldking.store\/hu\/wp-json\/wp\/v2\/types\/product"}],"replies":[{"embeddable":true,"href":"https:\/\/mouldking.store\/hu\/wp-json\/wp\/v2\/comments?post=22648"}],"wp:featuredmedia":[{"embeddable":true,"href":"https:\/\/mouldking.store\/hu\/wp-json\/wp\/v2\/media\/22644"}],"wp:attachment":[{"href":"https:\/\/mouldking.store\/hu\/wp-json\/wp\/v2\/media?parent=22648"}],"wp:term":[{"taxonomy":"product_cat","embeddable":true,"href":"https:\/\/mouldking.store\/hu\/wp-json\/wp\/v2\/product_cat?post=22648"},{"taxonomy":"product_tag","embeddable":true,"href":"https:\/\/mouldking.store\/hu\/wp-json\/wp\/v2\/product_tag?post=22648"}],"curies":[{"name":"wp","href":"https:\/\/api.w.org\/{rel}","templated":true}]}}