{"id":22683,"date":"2021-10-10T04:42:11","date_gmt":"2021-10-10T04:42:11","guid":{"rendered":"https:\/\/mouldking.store\/shop\/moc-48717-movie-accurate-clone-turbo-tank-microfighter-star-wars-by-unlockthebrick-moc-factory\/"},"modified":"2025-12-25T09:21:14","modified_gmt":"2025-12-25T02:21:14","slug":"moc-48717-movie-accurate-clone-turbo-tank-microfighter-star-wars-by-unlockthebrick-moc-factory","status":"publish","type":"product","link":"https:\/\/mouldking.store\/hu\/shop\/moc-48717-movie-accurate-clone-turbo-tank-microfighter-star-wars-by-unlockthebrick-moc-factory\/","title":{"rendered":"MOC-48717 Film Accurate Clone Turbo Tank Microfighter Star Wars, UnlocktheBrick MOC FACTORY"},"content":{"rendered":"<p style=\"text-align: left\">MOC-48717 Movie Accurate Clone Turbo Tank Microfighter Star Wars by UnlocktheBrick MOC FACTORY is a set in Star Wars collection, designed by UnlocktheBrick. This MOC 48717 comes with PDF instruction which is easy to build and find the missing pieces. The set contains 86 pieces, first released in 2021.<\/p>\n<figure id=\"attachment_201217\" aria-describedby=\"caption-attachment-201217\" style=\"width: 800px\" class=\"wp-caption aligncenter\"><a href=\"https:\/\/pay.lpwstore.com\/wp-content\/uploads\/2021\/01\/MOC-48717-Movie-Accurate-Clone-Turbo-Tank-Microfighter-Star-Wars-by-UnlocktheBrick-MOC-FACTORY.jpg\" target=\"_blank\" rel=\"noopener\"><img fetchpriority=\"high\" decoding=\"async\" class=\"wp-image-201217 size-full\" title=\"MOC-48717 Film Accurate Clone Turbo Tank Microfighter Star Wars, UnlocktheBrick MOC FACTORY\" src=\"https:\/\/pay.lpwstore.com\/wp-content\/uploads\/2021\/01\/MOC-48717-Movie-Accurate-Clone-Turbo-Tank-Microfighter-Star-Wars-by-UnlocktheBrick-MOC-FACTORY.jpg\" alt=\"MOC-48717 Movie Accurate Clone Turbo Tank Microfighter Star Wars by UnlocktheBrick MOC FACTORY\" width=\"800\" height=\"800\" \/><\/a><figcaption id=\"caption-attachment-201217\" class=\"wp-caption-text\">MOC-48717 Film Accurate Clone Turbo Tank Microfighter Star Wars, UnlocktheBrick MOC FACTORY<\/figcaption><\/figure>\n<p><img decoding=\"async\" class=\"alignnone size-full wp-image-201218 aligncenter\" src=\"https:\/\/pay.lpwstore.com\/wp-content\/uploads\/2021\/01\/MOC-48717-Movie-Accurate-Clone-Turbo-Tank-Microfighter-Star-Wars-by-UnlocktheBrick-MOC-FACTORY-2.jpg\" alt=\"-\" width=\"800\" height=\"800\" title=\"-\"><\/p>","protected":false},"excerpt":{"rendered":"<ul>\n<li>Tartalmazza\u00a0<strong>86+<\/strong>\u00a0db<\/li>\n<li>Online PDF oktat\u00e1s<\/li>\n<li>Kiv\u00e1l\u00f3 min\u0151s\u00e9g\u0171 ABS blokk<\/li>\n<\/ul>","protected":false},"featured_media":22681,"comment_status":"open","ping_status":"closed","template":"","meta":{"_acf_changed":false},"product_cat":[415],"product_tag":[],"class_list":["product","first","instock","shipping-taxable","purchasable","product-type-simple"],"acf":[],"_links":{"self":[{"href":"https:\/\/mouldking.store\/hu\/wp-json\/wp\/v2\/product\/22683","targetHints":{"allow":["GET"]}}],"collection":[{"href":"https:\/\/mouldking.store\/hu\/wp-json\/wp\/v2\/product"}],"about":[{"href":"https:\/\/mouldking.store\/hu\/wp-json\/wp\/v2\/types\/product"}],"replies":[{"embeddable":true,"href":"https:\/\/mouldking.store\/hu\/wp-json\/wp\/v2\/comments?post=22683"}],"wp:featuredmedia":[{"embeddable":true,"href":"https:\/\/mouldking.store\/hu\/wp-json\/wp\/v2\/media\/22681"}],"wp:attachment":[{"href":"https:\/\/mouldking.store\/hu\/wp-json\/wp\/v2\/media?parent=22683"}],"wp:term":[{"taxonomy":"product_cat","embeddable":true,"href":"https:\/\/mouldking.store\/hu\/wp-json\/wp\/v2\/product_cat?post=22683"},{"taxonomy":"product_tag","embeddable":true,"href":"https:\/\/mouldking.store\/hu\/wp-json\/wp\/v2\/product_tag?post=22683"}],"curies":[{"name":"wp","href":"https:\/\/api.w.org\/{rel}","templated":true}]}}