{"id":22726,"date":"2021-10-10T04:43:22","date_gmt":"2021-10-10T04:43:22","guid":{"rendered":"https:\/\/mouldking.store\/shop\/moc-43615-micro-tatooine-a-new-hope-20th-anniversary-style-star-wars-by-brick-a-brack-moc-factory\/"},"modified":"2025-12-25T09:21:07","modified_gmt":"2025-12-25T02:21:07","slug":"moc-43615-micro-tatooine-a-new-hope-20th-anniversary-style-star-wars-by-brick-a-brack-moc-factory","status":"publish","type":"product","link":"https:\/\/mouldking.store\/hu\/shop\/moc-43615-micro-tatooine-a-new-hope-20th-anniversary-style-star-wars-by-brick-a-brack-moc-factory\/","title":{"rendered":"MOC-43615 Micro Tatooine A New Hope (20th Anniversary Style) Star Wars, Brick-a-Brack MOC FACTORY"},"content":{"rendered":"<p style=\"text-align: left\">MOC-43615 Micro Tatooine A New Hope (20th Anniversary Style) Star Wars by Brick-a-Brack MOC FACTORY egy k\u00e9szlet a Star Wars kollekci\u00f3ban, amelyet Brick-a-Brack tervezett. Ez a MOC 43615 PDF utas\u00edt\u00e1ssal \u00e9rkezik, amely k\u00f6nnyen \u00f6ssze\u00e1ll\u00edthat\u00f3 \u00e9s megtal\u00e1lhatja a hi\u00e1nyz\u00f3 r\u00e9szeket. A k\u00e9szlet 346 darabot tartalmaz, el\u0151sz\u00f6r 2021-ben adt\u00e1k ki.<\/p>\n<p><a href=\"https:\/\/pay.lpwstore.com\/wp-content\/uploads\/2021\/01\/MOC-43615-Micro-Tatooine-A-New-Hope-20th-Anniversary-Style-Star-Wars-by-Brick-a-Brack-MOC-FACTORY-2.jpg\" target=\"_blank\" rel=\"noopener\"><img fetchpriority=\"high\" decoding=\"async\" class=\"aligncenter wp-image-201271 size-full\" title=\"MOC-43615 Micro Tatooine A New Hope (20th Anniversary Style) Star Wars, Brick-a-Brack MOC FACTORY\" src=\"https:\/\/pay.lpwstore.com\/wp-content\/uploads\/2021\/01\/MOC-43615-Micro-Tatooine-A-New-Hope-20th-Anniversary-Style-Star-Wars-by-Brick-a-Brack-MOC-FACTORY-2.jpg\" alt=\"MOC-43615 Micro Tatooine A New Hope (20th Anniversary Style) Star Wars by Brick-a-Brack MOC FACTORY\" width=\"800\" height=\"800\" \/><\/a> <img decoding=\"async\" class=\"alignnone size-full wp-image-201272 aligncenter\" src=\"https:\/\/pay.lpwstore.com\/wp-content\/uploads\/2021\/01\/MOC-43615-Micro-Tatooine-A-New-Hope-20th-Anniversary-Style-Star-Wars-by-Brick-a-Brack-MOC-FACTORY-3.jpg\" alt=\"MOC-43615-Micro-Tatooine-A-New-Hope-(20th-Anniversary-Style)-Star-Wars-by-Brick-a-Brack-MOC-FACTORY-3\" width=\"800\" height=\"800\" title=\"-\"><\/p>","protected":false},"excerpt":{"rendered":"<ul>\n<li>Tartalmazza\u00a0<strong>346<\/strong>+ db<\/li>\n<li>Online PDF oktat\u00e1s<\/li>\n<li>Kiv\u00e1l\u00f3 min\u0151s\u00e9g\u0171 ABS blokk<\/li>\n<\/ul>","protected":false},"featured_media":22724,"comment_status":"open","ping_status":"closed","template":"","meta":{"_acf_changed":false},"product_cat":[415],"product_tag":[],"class_list":["product","first","instock","shipping-taxable","purchasable","product-type-simple"],"acf":[],"_links":{"self":[{"href":"https:\/\/mouldking.store\/hu\/wp-json\/wp\/v2\/product\/22726","targetHints":{"allow":["GET"]}}],"collection":[{"href":"https:\/\/mouldking.store\/hu\/wp-json\/wp\/v2\/product"}],"about":[{"href":"https:\/\/mouldking.store\/hu\/wp-json\/wp\/v2\/types\/product"}],"replies":[{"embeddable":true,"href":"https:\/\/mouldking.store\/hu\/wp-json\/wp\/v2\/comments?post=22726"}],"wp:featuredmedia":[{"embeddable":true,"href":"https:\/\/mouldking.store\/hu\/wp-json\/wp\/v2\/media\/22724"}],"wp:attachment":[{"href":"https:\/\/mouldking.store\/hu\/wp-json\/wp\/v2\/media?parent=22726"}],"wp:term":[{"taxonomy":"product_cat","embeddable":true,"href":"https:\/\/mouldking.store\/hu\/wp-json\/wp\/v2\/product_cat?post=22726"},{"taxonomy":"product_tag","embeddable":true,"href":"https:\/\/mouldking.store\/hu\/wp-json\/wp\/v2\/product_tag?post=22726"}],"curies":[{"name":"wp","href":"https:\/\/api.w.org\/{rel}","templated":true}]}}