{"id":22749,"date":"2021-10-10T04:43:51","date_gmt":"2021-10-09T21:43:51","guid":{"rendered":"https:\/\/mouldking.store\/shop\/moc-48106-imperial-star-destroyer-star-wars-by-red5-leader-moc-factory\/"},"modified":"2025-12-25T09:21:07","modified_gmt":"2025-12-25T02:21:07","slug":"moc-48106-imperial-star-destroyer-star-wars-by-red5-leader-moc-factory","status":"publish","type":"product","link":"https:\/\/mouldking.store\/hu\/shop\/moc-48106-imperial-star-destroyer-star-wars-by-red5-leader-moc-factory\/","title":{"rendered":"MOC-48106 birodalmi csillagrombol\u00f3 Star Wars, Red5-vez\u00e9r MOC FACTORY"},"content":{"rendered":"<p style=\"text-align: left\">MOC-48106 Imperial Star-Destroyer Star Wars by Red5-Leader MOC FACTORY is a set in Star Wars collection, designed by Red5-Leader. This MOC 48106 comes with PDF instruction which is easy to build and find the missing pieces. The set contains 1459 pieces, first released in 2021.<\/p>\n<figure id=\"attachment_201355\" aria-describedby=\"caption-attachment-201355\" style=\"width: 800px\" class=\"wp-caption aligncenter\"><a href=\"https:\/\/pay.lpwstore.com\/wp-content\/uploads\/2021\/01\/MOC-48106-Imperial-Star-Destroyer-Star-Wars-by-Red5-Leader-MOC-FACTORY.jpg\" target=\"_blank\" rel=\"noopener\"><img fetchpriority=\"high\" decoding=\"async\" class=\"wp-image-201355 size-full\" title=\"MOC-48106 birodalmi csillagrombol\u00f3 Star Wars, Red5-vez\u00e9r MOC FACTORY\" src=\"https:\/\/pay.lpwstore.com\/wp-content\/uploads\/2021\/01\/MOC-48106-Imperial-Star-Destroyer-Star-Wars-by-Red5-Leader-MOC-FACTORY.jpg\" alt=\"MOC-48106 Imperial Star-Destroyer Star Wars by Red5-Leader MOC FACTORY\" width=\"800\" height=\"800\" \/><\/a><figcaption id=\"caption-attachment-201355\" class=\"wp-caption-text\">MOC-48106 birodalmi csillagrombol\u00f3 Star Wars, Red5-vez\u00e9r MOC FACTORY<\/figcaption><\/figure>\n<p><img decoding=\"async\" class=\"alignnone size-full wp-image-201356 aligncenter\" src=\"https:\/\/pay.lpwstore.com\/wp-content\/uploads\/2021\/01\/MOC-48106-Imperial-Star-Destroyer-Star-Wars-by-Red5-Leader-MOC-FACTORY-2.jpg\" alt=\"-\" width=\"800\" height=\"800\" title=\"-\"> <img decoding=\"async\" class=\"alignnone size-full wp-image-201357 aligncenter\" src=\"https:\/\/pay.lpwstore.com\/wp-content\/uploads\/2021\/01\/MOC-48106-Imperial-Star-Destroyer-Star-Wars-by-Red5-Leader-MOC-FACTORY-3.jpg\" alt=\"-\" width=\"800\" height=\"800\" title=\"-\"><\/p>","protected":false},"excerpt":{"rendered":"<ul>\n<li>Tartalmazza\u00a0<strong>1459+<\/strong>\u00a0db<\/li>\n<li>Online PDF oktat\u00e1s<\/li>\n<li>Kiv\u00e1l\u00f3 min\u0151s\u00e9g\u0171 ABS blokk<\/li>\n<\/ul>","protected":false},"featured_media":22746,"comment_status":"open","ping_status":"closed","template":"","meta":{"_acf_changed":false},"product_cat":[415],"product_tag":[],"class_list":["product","first","instock","shipping-taxable","purchasable","product-type-simple"],"acf":[],"_links":{"self":[{"href":"https:\/\/mouldking.store\/hu\/wp-json\/wp\/v2\/product\/22749","targetHints":{"allow":["GET"]}}],"collection":[{"href":"https:\/\/mouldking.store\/hu\/wp-json\/wp\/v2\/product"}],"about":[{"href":"https:\/\/mouldking.store\/hu\/wp-json\/wp\/v2\/types\/product"}],"replies":[{"embeddable":true,"href":"https:\/\/mouldking.store\/hu\/wp-json\/wp\/v2\/comments?post=22749"}],"wp:featuredmedia":[{"embeddable":true,"href":"https:\/\/mouldking.store\/hu\/wp-json\/wp\/v2\/media\/22746"}],"wp:attachment":[{"href":"https:\/\/mouldking.store\/hu\/wp-json\/wp\/v2\/media?parent=22749"}],"wp:term":[{"taxonomy":"product_cat","embeddable":true,"href":"https:\/\/mouldking.store\/hu\/wp-json\/wp\/v2\/product_cat?post=22749"},{"taxonomy":"product_tag","embeddable":true,"href":"https:\/\/mouldking.store\/hu\/wp-json\/wp\/v2\/product_tag?post=22749"}],"curies":[{"name":"wp","href":"https:\/\/api.w.org\/{rel}","templated":true}]}}