{"id":22767,"date":"2021-10-10T04:44:09","date_gmt":"2021-10-09T21:44:09","guid":{"rendered":"https:\/\/mouldking.store\/shop\/moc-40304-dexs-diner-episode-ii-star-wars-by-6211-moc-factory\/"},"modified":"2025-12-25T09:21:07","modified_gmt":"2025-12-25T02:21:07","slug":"moc-40304-dexs-diner-episode-ii-star-wars-by-6211-moc-factory","status":"publish","type":"product","link":"https:\/\/mouldking.store\/hu\/shop\/moc-40304-dexs-diner-episode-ii-star-wars-by-6211-moc-factory\/","title":{"rendered":"MOC-40304 Dex&#8217;s Diner &#8211; Episode II Star Wars by 6211 MOC FACTORY"},"content":{"rendered":"<p style=\"text-align: left\">MOC-40304 Dex&#8217;s Diner &#8211; Episode II Star Wars by 6211 MOC FACTORY is a set in Star Wars collection, designed by 6211. This MOC 40304 comes with PDF instruction which is easy to build and find the missing pieces. The set contains 1819 pieces, first released in 2021.<\/p>\n<p>&nbsp;<\/p>\n<p><img fetchpriority=\"high\" decoding=\"async\" class=\"alignnone size-full wp-image-29617\" src=\"https:\/\/mocfactory.com\/wp-content\/uploads\/2021\/01\/MOC-40304-Dexs-Diner-Episode-II-Star-Wars-by-6211-MOC-FACTORY.jpg\" alt=\"-\" width=\"800\" height=\"800\" title=\"-\"> <img decoding=\"async\" class=\"alignnone size-full wp-image-29616\" src=\"https:\/\/mocfactory.com\/wp-content\/uploads\/2021\/01\/MOC-40304-Dexs-Diner-Episode-II-Star-Wars-by-6211-MOC-FACTORY-2.jpg\" alt=\"-\" width=\"800\" height=\"800\" title=\"-\"> <img decoding=\"async\" class=\"alignnone size-full wp-image-29615\" src=\"https:\/\/mocfactory.com\/wp-content\/uploads\/2021\/01\/MOC-40304-Dexs-Diner-Episode-II-Star-Wars-by-6211-MOC-FACTORY-3.jpg\" alt=\"-\" width=\"800\" height=\"800\" title=\"-\"> <img loading=\"lazy\" decoding=\"async\" class=\"alignnone size-full wp-image-29614\" src=\"https:\/\/mocfactory.com\/wp-content\/uploads\/2021\/01\/MOC-40304-Dexs-Diner-Episode-II-Star-Wars-by-6211-MOC-FACTORY-4.jpg\" alt=\"-\" width=\"800\" height=\"800\" title=\"-\"> <img loading=\"lazy\" decoding=\"async\" class=\"alignnone size-full wp-image-29613\" src=\"https:\/\/mocfactory.com\/wp-content\/uploads\/2021\/01\/MOC-40304-Dexs-Diner-Episode-II-Star-Wars-by-6211-MOC-FACTORY-5.jpg\" alt=\"-\" width=\"800\" height=\"800\" title=\"-\"><\/p>\n<p>&nbsp;<\/p>\n<p>&nbsp;<\/p>","protected":false},"excerpt":{"rendered":"<ul>\n<li>Tartalmazza\u00a0<strong>1819+<\/strong>\u00a0db<\/li>\n<li>Online PDF oktat\u00e1s<\/li>\n<li>Kiv\u00e1l\u00f3 min\u0151s\u00e9g\u0171 ABS blokk<\/li>\n<li>Id\u0151beoszt\u00e1s: 4-8 h\u00e9t<\/li>\n<\/ul>","protected":false},"featured_media":22762,"comment_status":"open","ping_status":"closed","template":"","meta":{"_acf_changed":false},"product_cat":[415],"product_tag":[],"class_list":["product","first","instock","shipping-taxable","purchasable","product-type-simple"],"acf":[],"_links":{"self":[{"href":"https:\/\/mouldking.store\/hu\/wp-json\/wp\/v2\/product\/22767","targetHints":{"allow":["GET"]}}],"collection":[{"href":"https:\/\/mouldking.store\/hu\/wp-json\/wp\/v2\/product"}],"about":[{"href":"https:\/\/mouldking.store\/hu\/wp-json\/wp\/v2\/types\/product"}],"replies":[{"embeddable":true,"href":"https:\/\/mouldking.store\/hu\/wp-json\/wp\/v2\/comments?post=22767"}],"wp:featuredmedia":[{"embeddable":true,"href":"https:\/\/mouldking.store\/hu\/wp-json\/wp\/v2\/media\/22762"}],"wp:attachment":[{"href":"https:\/\/mouldking.store\/hu\/wp-json\/wp\/v2\/media?parent=22767"}],"wp:term":[{"taxonomy":"product_cat","embeddable":true,"href":"https:\/\/mouldking.store\/hu\/wp-json\/wp\/v2\/product_cat?post=22767"},{"taxonomy":"product_tag","embeddable":true,"href":"https:\/\/mouldking.store\/hu\/wp-json\/wp\/v2\/product_tag?post=22767"}],"curies":[{"name":"wp","href":"https:\/\/api.w.org\/{rel}","templated":true}]}}