{"id":22783,"date":"2021-10-10T04:44:19","date_gmt":"2021-10-10T04:44:19","guid":{"rendered":"https:\/\/mouldking.store\/shop\/moc-34496-imperial-shuttle-mini-star-wars-by-bas_solo_bricks1988-moc-factory\/"},"modified":"2025-12-25T09:21:06","modified_gmt":"2025-12-25T02:21:06","slug":"moc-34496-imperial-shuttle-mini-star-wars-by-bas_solo_bricks1988-moc-factory","status":"publish","type":"product","link":"https:\/\/mouldking.store\/hu\/shop\/moc-34496-imperial-shuttle-mini-star-wars-by-bas_solo_bricks1988-moc-factory\/","title":{"rendered":"MOC-34496 Imperial Shuttle Mini Star Wars, @Bas_Solo_Bricks1988 MOC FACTORY"},"content":{"rendered":"<p style=\"text-align: left\">MOC-34496 Imperial Shuttle Mini Star Wars by @Bas_Solo_Bricks1988 MOC FACTORY is a set in Star Wars collection, designed by @Bas_Solo_Bricks1988. This MOC 34496 comes with PDF instruction which is easy to build and find the missing pieces. The set contains 332 pieces, first released in 2021.<\/p>\n<p><img fetchpriority=\"high\" decoding=\"async\" class=\"alignnone size-full wp-image-30568\" src=\"https:\/\/mocfactory.com\/wp-content\/uploads\/2020\/12\/MOC-34496-Imperial-Shuttle-Mini-Star-Wars-by-@Bas_Solo_Bricks1988-MOC-FACTORY.jpg\" alt=\"-\" width=\"800\" height=\"800\" title=\"-\"> <img decoding=\"async\" class=\"alignnone size-full wp-image-30567\" src=\"https:\/\/mocfactory.com\/wp-content\/uploads\/2020\/12\/MOC-34496-Imperial-Shuttle-Mini-Star-Wars-by-@Bas_Solo_Bricks1988-MOC-FACTORY-2.jpg\" alt=\"-\" width=\"800\" height=\"800\" title=\"-\"> <img decoding=\"async\" class=\"alignnone size-full wp-image-30566\" src=\"https:\/\/mocfactory.com\/wp-content\/uploads\/2020\/12\/MOC-34496-Imperial-Shuttle-Mini-Star-Wars-by-@Bas_Solo_Bricks1988-MOC-FACTORY-3.jpg\" alt=\"-\" width=\"800\" height=\"800\" title=\"-\"> <img loading=\"lazy\" decoding=\"async\" class=\"alignnone size-full wp-image-30565\" src=\"https:\/\/mocfactory.com\/wp-content\/uploads\/2020\/12\/MOC-34496-Imperial-Shuttle-Mini-Star-Wars-by-@Bas_Solo_Bricks1988-MOC-FACTORY-4.jpg\" alt=\"-\" width=\"800\" height=\"800\" title=\"-\"><\/p>\n<p>&nbsp;<\/p>\n<figure id=\"attachment_201404\" class=\"wp-caption aligncenter\" style=\"width: 800px\" aria-describedby=\"caption-attachment-201404\"><figcaption id=\"caption-attachment-201404\" class=\"wp-caption-text\"><\/figcaption><\/figure>","protected":false},"excerpt":{"rendered":"<ul>\n<li>Tartalmazza\u00a0<strong>332+<\/strong>\u00a0db<\/li>\n<li>Online PDF oktat\u00e1s<\/li>\n<li>Kiv\u00e1l\u00f3 min\u0151s\u00e9g\u0171 ABS blokk<\/li>\n<li>Id\u0151beoszt\u00e1s: 4-8 h\u00e9t<\/li>\n<\/ul>","protected":false},"featured_media":22779,"comment_status":"open","ping_status":"closed","template":"","meta":{"_acf_changed":false},"product_cat":[415],"product_tag":[8443,9237,9238,9236,430,461,9234,9239,9233,9235],"class_list":["product","first","instock","shipping-taxable","purchasable","product-type-simple"],"acf":[],"_links":{"self":[{"href":"https:\/\/mouldking.store\/hu\/wp-json\/wp\/v2\/product\/22783","targetHints":{"allow":["GET"]}}],"collection":[{"href":"https:\/\/mouldking.store\/hu\/wp-json\/wp\/v2\/product"}],"about":[{"href":"https:\/\/mouldking.store\/hu\/wp-json\/wp\/v2\/types\/product"}],"replies":[{"embeddable":true,"href":"https:\/\/mouldking.store\/hu\/wp-json\/wp\/v2\/comments?post=22783"}],"wp:featuredmedia":[{"embeddable":true,"href":"https:\/\/mouldking.store\/hu\/wp-json\/wp\/v2\/media\/22779"}],"wp:attachment":[{"href":"https:\/\/mouldking.store\/hu\/wp-json\/wp\/v2\/media?parent=22783"}],"wp:term":[{"taxonomy":"product_cat","embeddable":true,"href":"https:\/\/mouldking.store\/hu\/wp-json\/wp\/v2\/product_cat?post=22783"},{"taxonomy":"product_tag","embeddable":true,"href":"https:\/\/mouldking.store\/hu\/wp-json\/wp\/v2\/product_tag?post=22783"}],"curies":[{"name":"wp","href":"https:\/\/api.w.org\/{rel}","templated":true}]}}