{"id":22796,"date":"2021-10-10T04:44:31","date_gmt":"2021-10-09T21:44:31","guid":{"rendered":"https:\/\/mouldking.store\/shop\/moc-55035-leaky-cauldron-wiseacres-wizarding-equipment-diagon-alley-movie-by-jl-bricks-moc-factory\/"},"modified":"2025-12-25T09:21:06","modified_gmt":"2025-12-25T02:21:06","slug":"moc-55035-leaky-cauldron-wiseacres-wizarding-equipment-diagon-alley-movie-by-jl-bricks-moc-factory","status":"publish","type":"product","link":"https:\/\/mouldking.store\/hu\/shop\/moc-55035-leaky-cauldron-wiseacres-wizarding-equipment-diagon-alley-movie-by-jl-bricks-moc-factory\/","title":{"rendered":"MOC-55035 sziv\u00e1rg\u00f3 \u00fcst \u00e9s Wiseacre var\u00e1zsl\u00f3 felszerel\u00e9se (Diagon Alley) JL.Bricks MOC FACTORY filmje"},"content":{"rendered":"<p style=\"text-align: left\">MOC-55035 Leaky Cauldron &amp; Wiseacre&#8217;s Wizarding Equipment (Diagon Alley) Movie by JL.Bricks MOC FACTORY is a set in Movie collection, designed by JL.Bricks. This MOC 55035 comes with PDF instruction which is easy to build and find the missing pieces. The set contains 2098 pieces, first released in 2021.<\/p>\n<figure id=\"attachment_201416\" aria-describedby=\"caption-attachment-201416\" style=\"width: 800px\" class=\"wp-caption aligncenter\"><a href=\"https:\/\/pay.lpwstore.com\/wp-content\/uploads\/2021\/01\/MOC-55035-Leaky-Cauldron-Wiseacres-Wizarding-Equipment-Diagon-Alley-Movie-by-JL.Bricks-MOC-FACTORY.jpg\" target=\"_blank\" rel=\"noopener\"><img fetchpriority=\"high\" decoding=\"async\" class=\"wp-image-201416 size-full\" title=\"MOC-55035 Leaky Cauldron &amp; Wiseacre's Wizarding Equipment (Diagon Alley) Movie by JL.Bricks MOC FACTORY \" src=\"https:\/\/pay.lpwstore.com\/wp-content\/uploads\/2021\/01\/MOC-55035-Leaky-Cauldron-Wiseacres-Wizarding-Equipment-Diagon-Alley-Movie-by-JL.Bricks-MOC-FACTORY.jpg\" alt=\"MOC-55035 Leaky Cauldron &amp; Wiseacre's Wizarding Equipment (Diagon Alley) Movie by JL.Bricks MOC FACTORY \" width=\"800\" height=\"800\" \/><\/a><figcaption id=\"caption-attachment-201416\" class=\"wp-caption-text\">MOC-55035 sziv\u00e1rg\u00f3 \u00fcst \u00e9s Wiseacre var\u00e1zsl\u00f3 felszerel\u00e9se (Diagon Alley) JL.Bricks MOC FACTORY filmje<\/figcaption><\/figure>\n<p><img decoding=\"async\" class=\"alignnone size-full wp-image-201415 aligncenter\" src=\"https:\/\/pay.lpwstore.com\/wp-content\/uploads\/2021\/01\/MOC-55035-Leaky-Cauldron-Wiseacres-Wizarding-Equipment-Diagon-Alley-Movie-by-JL.-2jpg.jpg\" alt=\"-\" width=\"800\" height=\"800\" title=\"-\"> <img decoding=\"async\" class=\"alignnone size-full wp-image-201417 aligncenter\" src=\"https:\/\/pay.lpwstore.com\/wp-content\/uploads\/2021\/01\/MOC-55035-Leaky-Cauldron-Wiseacres-Wizarding-Equipment-Diagon-Alley-Movie-by-JL-2.jpg\" alt=\"-\" width=\"800\" height=\"800\" title=\"-\"> <img loading=\"lazy\" decoding=\"async\" class=\"alignnone size-full wp-image-201418 aligncenter\" src=\"https:\/\/pay.lpwstore.com\/wp-content\/uploads\/2021\/01\/MOC-55035-Leaky-Cauldron-Wiseacres-Wizarding-Equipment-Diagon-Alley-Movie-by-JL-3.jpg\" alt=\"-\" width=\"800\" height=\"800\" title=\"-\"> <img loading=\"lazy\" decoding=\"async\" class=\"alignnone size-full wp-image-201419 aligncenter\" src=\"https:\/\/pay.lpwstore.com\/wp-content\/uploads\/2021\/01\/MOC-55035-Leaky-Cauldron-Wiseacres-Wizarding-Equipment-Diagon-Alley-Movie-by-JL-4.jpg\" alt=\"-\" width=\"800\" height=\"800\" title=\"-\"> <img loading=\"lazy\" decoding=\"async\" class=\"alignnone size-full wp-image-201420 aligncenter\" src=\"https:\/\/pay.lpwstore.com\/wp-content\/uploads\/2021\/01\/MOC-55035-Leaky-Cauldron-Wiseacres-Wizarding-Equipment-Diagon-Alley-Movie-by-JL-5.jpg\" alt=\"-\" width=\"800\" height=\"800\" title=\"-\"><\/p>","protected":false},"excerpt":{"rendered":"<ul>\n<li>Tartalmazza\u00a0<strong>2098+<\/strong>\u00a0db<\/li>\n<li>Online PDF oktat\u00e1s<\/li>\n<li>Kiv\u00e1l\u00f3 min\u0151s\u00e9g\u0171 ABS blokk<\/li>\n<\/ul>","protected":false},"featured_media":22790,"comment_status":"open","ping_status":"closed","template":"","meta":{"_acf_changed":false},"product_cat":[581],"product_tag":[],"class_list":["product","first","instock","shipping-taxable","purchasable","product-type-simple"],"acf":[],"_links":{"self":[{"href":"https:\/\/mouldking.store\/hu\/wp-json\/wp\/v2\/product\/22796","targetHints":{"allow":["GET"]}}],"collection":[{"href":"https:\/\/mouldking.store\/hu\/wp-json\/wp\/v2\/product"}],"about":[{"href":"https:\/\/mouldking.store\/hu\/wp-json\/wp\/v2\/types\/product"}],"replies":[{"embeddable":true,"href":"https:\/\/mouldking.store\/hu\/wp-json\/wp\/v2\/comments?post=22796"}],"wp:featuredmedia":[{"embeddable":true,"href":"https:\/\/mouldking.store\/hu\/wp-json\/wp\/v2\/media\/22790"}],"wp:attachment":[{"href":"https:\/\/mouldking.store\/hu\/wp-json\/wp\/v2\/media?parent=22796"}],"wp:term":[{"taxonomy":"product_cat","embeddable":true,"href":"https:\/\/mouldking.store\/hu\/wp-json\/wp\/v2\/product_cat?post=22796"},{"taxonomy":"product_tag","embeddable":true,"href":"https:\/\/mouldking.store\/hu\/wp-json\/wp\/v2\/product_tag?post=22796"}],"curies":[{"name":"wp","href":"https:\/\/api.w.org\/{rel}","templated":true}]}}