{"id":22811,"date":"2021-10-10T04:44:43","date_gmt":"2021-10-10T04:44:43","guid":{"rendered":"https:\/\/mouldking.store\/shop\/moc-34801-the-little-mermaid-movie-by-benbuildslego-moc-factory\/"},"modified":"2025-12-25T09:21:06","modified_gmt":"2025-12-25T02:21:06","slug":"moc-34801-the-little-mermaid-movie-by-benbuildslego-moc-factory","status":"publish","type":"product","link":"https:\/\/mouldking.store\/hu\/shop\/moc-34801-the-little-mermaid-movie-by-benbuildslego-moc-factory\/","title":{"rendered":"MOC-34801 A kis hable\u00e1ny film, k\u00e9sz\u00edtette: benbuildslego MOC FACTORY"},"content":{"rendered":"<p style=\"text-align: left\">MOC-34801 The Little Mermaid Movie by benbuildslego MOC FACTORY is a set in Movie collection, designed by benbuildslego. This MOC 34801 comes with PDF instruction which is easy to build and find the missing pieces. The set contains 433 pieces, first released in 2021.<\/p>\n<figure id=\"attachment_201436\" aria-describedby=\"caption-attachment-201436\" style=\"width: 800px\" class=\"wp-caption aligncenter\"><a href=\"https:\/\/pay.lpwstore.com\/wp-content\/uploads\/2021\/01\/MOC-34801-The-Little-Mermaid-Movie-by-benbuildslego-MOC-FACTORY.jpg\" target=\"_blank\" rel=\"noopener\"><img fetchpriority=\"high\" decoding=\"async\" class=\"wp-image-201436 size-full\" title=\"MOC-34801 A kis hable\u00e1ny film, k\u00e9sz\u00edtette: benbuildslego MOC FACTORY\" src=\"https:\/\/pay.lpwstore.com\/wp-content\/uploads\/2021\/01\/MOC-34801-The-Little-Mermaid-Movie-by-benbuildslego-MOC-FACTORY.jpg\" alt=\"MOC-34801 The Little Mermaid Movie by benbuildslego MOC FACTORY\" width=\"800\" height=\"800\" \/><\/a><figcaption id=\"caption-attachment-201436\" class=\"wp-caption-text\">MOC-34801 A kis hable\u00e1ny film, k\u00e9sz\u00edtette: benbuildslego MOC FACTORY<\/figcaption><\/figure>\n<p><img decoding=\"async\" class=\"alignnone size-full wp-image-201437 aligncenter\" src=\"https:\/\/pay.lpwstore.com\/wp-content\/uploads\/2021\/01\/MOC-34801-The-Little-Mermaid-Movie-by-benbuildslego-MOC-FACTORY-2.jpg\" alt=\"-\" width=\"800\" height=\"800\" title=\"-\"><\/p>","protected":false},"excerpt":{"rendered":"<ul>\n<li>Tartalmazza\u00a0<strong>433+<\/strong>\u00a0db<\/li>\n<li>Online PDF oktat\u00e1s<\/li>\n<li>Kiv\u00e1l\u00f3 min\u0151s\u00e9g\u0171 ABS blokk<\/li>\n<\/ul>","protected":false},"featured_media":22809,"comment_status":"open","ping_status":"closed","template":"","meta":{"_acf_changed":false},"product_cat":[581],"product_tag":[],"class_list":["product","first","instock","shipping-taxable","purchasable","product-type-simple"],"acf":[],"_links":{"self":[{"href":"https:\/\/mouldking.store\/hu\/wp-json\/wp\/v2\/product\/22811","targetHints":{"allow":["GET"]}}],"collection":[{"href":"https:\/\/mouldking.store\/hu\/wp-json\/wp\/v2\/product"}],"about":[{"href":"https:\/\/mouldking.store\/hu\/wp-json\/wp\/v2\/types\/product"}],"replies":[{"embeddable":true,"href":"https:\/\/mouldking.store\/hu\/wp-json\/wp\/v2\/comments?post=22811"}],"wp:featuredmedia":[{"embeddable":true,"href":"https:\/\/mouldking.store\/hu\/wp-json\/wp\/v2\/media\/22809"}],"wp:attachment":[{"href":"https:\/\/mouldking.store\/hu\/wp-json\/wp\/v2\/media?parent=22811"}],"wp:term":[{"taxonomy":"product_cat","embeddable":true,"href":"https:\/\/mouldking.store\/hu\/wp-json\/wp\/v2\/product_cat?post=22811"},{"taxonomy":"product_tag","embeddable":true,"href":"https:\/\/mouldking.store\/hu\/wp-json\/wp\/v2\/product_tag?post=22811"}],"curies":[{"name":"wp","href":"https:\/\/api.w.org\/{rel}","templated":true}]}}