{"id":22820,"date":"2021-10-10T04:45:11","date_gmt":"2021-10-09T21:45:11","guid":{"rendered":"https:\/\/mouldking.store\/shop\/moc-58489-little-drummer-boy-creator-by-jkbrickworks-moc-factory\/"},"modified":"2025-12-25T09:21:05","modified_gmt":"2025-12-25T02:21:05","slug":"moc-58489-little-drummer-boy-creator-by-jkbrickworks-moc-factory","status":"publish","type":"product","link":"https:\/\/mouldking.store\/hu\/shop\/moc-58489-little-drummer-boy-creator-by-jkbrickworks-moc-factory\/","title":{"rendered":"MOC-58489 Little Drummer Boy Creator, JKBrickworks MOC FACTORY"},"content":{"rendered":"<p style=\"text-align: left\">MOC-58489 Little Drummer Boy Creator a JKBrickworkst\u0151l A MOC FACTORY a JKBrickworks \u00e1ltal tervezett Creator kollekci\u00f3 k\u00e9szlete. Ez a MOC 58489 PDF utas\u00edt\u00e1ssal \u00e9rkezik, amely k\u00f6nnyen \u00f6ssze\u00e1ll\u00edthat\u00f3 \u00e9s megtal\u00e1lhatja a hi\u00e1nyz\u00f3 r\u00e9szeket. A k\u00e9szlet 526 darabot tartalmaz, el\u0151sz\u00f6r 2021-ben adt\u00e1k ki.<\/p>\n<figure id=\"attachment_201449\" aria-describedby=\"caption-attachment-201449\" style=\"width: 800px\" class=\"wp-caption aligncenter\"><a href=\"https:\/\/pay.lpwstore.com\/wp-content\/uploads\/2021\/01\/MOC-58489-Little-Drummer-Boy-Creator-by-JKBrickworks-MOC-FACTORY.jpg\" target=\"_blank\" rel=\"noopener\"><img fetchpriority=\"high\" decoding=\"async\" class=\"wp-image-201449 size-full\" title=\"MOC-58489 Little Drummer Boy Creator, JKBrickworks MOC FACTORY\" src=\"https:\/\/pay.lpwstore.com\/wp-content\/uploads\/2021\/01\/MOC-58489-Little-Drummer-Boy-Creator-by-JKBrickworks-MOC-FACTORY.jpg\" alt=\"MOC-58489 Little Drummer Boy Creator by JKBrickworks MOC FACTORY\" width=\"800\" height=\"800\" \/><\/a><figcaption id=\"caption-attachment-201449\" class=\"wp-caption-text\">MOC-58489 Little Drummer Boy Creator, JKBrickworks MOC FACTORY<\/figcaption><\/figure>\n<p><img decoding=\"async\" class=\"alignnone size-full wp-image-201450 aligncenter\" src=\"https:\/\/pay.lpwstore.com\/wp-content\/uploads\/2021\/01\/MOC-58489-Little-Drummer-Boy-Creator-by-JKBrickworks-MOC-FACTORY-2.jpg\" alt=\"-\" width=\"800\" height=\"800\" title=\"-\"><\/p>","protected":false},"excerpt":{"rendered":"<ul>\n<li>Tartalmazza\u00a0<strong>526+<\/strong>\u00a0db<\/li>\n<li>Online PDF oktat\u00e1s<\/li>\n<li>Kiv\u00e1l\u00f3 min\u0151s\u00e9g\u0171 ABS blokk<\/li>\n<\/ul>","protected":false},"featured_media":22818,"comment_status":"open","ping_status":"closed","template":"","meta":{"_acf_changed":false},"product_cat":[371],"product_tag":[],"class_list":["product","first","outofstock","shipping-taxable","purchasable","product-type-simple"],"acf":[],"_links":{"self":[{"href":"https:\/\/mouldking.store\/hu\/wp-json\/wp\/v2\/product\/22820","targetHints":{"allow":["GET"]}}],"collection":[{"href":"https:\/\/mouldking.store\/hu\/wp-json\/wp\/v2\/product"}],"about":[{"href":"https:\/\/mouldking.store\/hu\/wp-json\/wp\/v2\/types\/product"}],"replies":[{"embeddable":true,"href":"https:\/\/mouldking.store\/hu\/wp-json\/wp\/v2\/comments?post=22820"}],"wp:featuredmedia":[{"embeddable":true,"href":"https:\/\/mouldking.store\/hu\/wp-json\/wp\/v2\/media\/22818"}],"wp:attachment":[{"href":"https:\/\/mouldking.store\/hu\/wp-json\/wp\/v2\/media?parent=22820"}],"wp:term":[{"taxonomy":"product_cat","embeddable":true,"href":"https:\/\/mouldking.store\/hu\/wp-json\/wp\/v2\/product_cat?post=22820"},{"taxonomy":"product_tag","embeddable":true,"href":"https:\/\/mouldking.store\/hu\/wp-json\/wp\/v2\/product_tag?post=22820"}],"curies":[{"name":"wp","href":"https:\/\/api.w.org\/{rel}","templated":true}]}}