{"id":22876,"date":"2021-10-10T04:46:08","date_gmt":"2021-10-09T21:46:08","guid":{"rendered":"https:\/\/mouldking.store\/shop\/moc-0160-chopped-hot-rod-technic-by-crowkillers-moc-factory\/"},"modified":"2025-12-25T09:21:03","modified_gmt":"2025-12-25T02:21:03","slug":"moc-0160-chopped-hot-rod-technic-by-crowkillers-moc-factory","status":"publish","type":"product","link":"https:\/\/mouldking.store\/hu\/shop\/moc-0160-chopped-hot-rod-technic-by-crowkillers-moc-factory\/","title":{"rendered":"MOC-0160 Chopped Hot Rod Technic, Crowkillers MOC FACTORY"},"content":{"rendered":"<p>MOC-0160 Chopped Hot Rod Technic by Crowkillers MOC FACTORY is a set in Technic collection, designed by Crowkillers. This MOC 0160 comes with PDF instruction which is easy to build and find the missing pieces. The set contains 619 pieces, first released in 2021.<\/p>\n<figure id=\"attachment_202214\" aria-describedby=\"caption-attachment-202214\" style=\"width: 800px\" class=\"wp-caption aligncenter\"><a href=\"https:\/\/pay.lpwstore.com\/wp-content\/uploads\/2021\/02\/MOC-0160-Chopped-Hot-Rod-Technic-by-Crowkillers-MOC-FACTORY.jpg\" target=\"_blank\" rel=\"noopener\"><img fetchpriority=\"high\" decoding=\"async\" class=\"wp-image-202214 size-full\" title=\"MOC-0160 Chopped Hot Rod Technic, Crowkillers MOC FACTORY\" src=\"https:\/\/pay.lpwstore.com\/wp-content\/uploads\/2021\/02\/MOC-0160-Chopped-Hot-Rod-Technic-by-Crowkillers-MOC-FACTORY.jpg\" alt=\"MOC-0160 Chopped Hot Rod Technic by Crowkillers MOC FACTORY\" width=\"800\" height=\"800\" \/><\/a><figcaption id=\"caption-attachment-202214\" class=\"wp-caption-text\">MOC-0160 Chopped Hot Rod Technic, Crowkillers MOC FACTORY<\/figcaption><\/figure>\n<p><img decoding=\"async\" class=\"size-full wp-image-202215 aligncenter\" src=\"https:\/\/pay.lpwstore.com\/wp-content\/uploads\/2021\/02\/MOC-0160-Chopped-Hot-Rod-Technic-by-Crowkillers-MOC-FACTORY-2.jpg\" alt=\"MOC-0160-Chopped-Hot-Rod-Technic-by-Crowkillers-MOC-FACTORY-2\" width=\"800\" height=\"800\" title=\"-\"><\/p>","protected":false},"excerpt":{"rendered":"<ul>\n<li>Tartalmazza <strong>619+<\/strong> db<\/li>\n<li>Online PDF oktat\u00e1s<\/li>\n<li>Kiv\u00e1l\u00f3 min\u0151s\u00e9g\u0171 ABS blokk<\/li>\n<\/ul>","protected":false},"featured_media":22874,"comment_status":"open","ping_status":"closed","template":"","meta":{"_acf_changed":false},"product_cat":[364],"product_tag":[],"class_list":["product","first","instock","shipping-taxable","purchasable","product-type-simple"],"acf":[],"_links":{"self":[{"href":"https:\/\/mouldking.store\/hu\/wp-json\/wp\/v2\/product\/22876","targetHints":{"allow":["GET"]}}],"collection":[{"href":"https:\/\/mouldking.store\/hu\/wp-json\/wp\/v2\/product"}],"about":[{"href":"https:\/\/mouldking.store\/hu\/wp-json\/wp\/v2\/types\/product"}],"replies":[{"embeddable":true,"href":"https:\/\/mouldking.store\/hu\/wp-json\/wp\/v2\/comments?post=22876"}],"wp:featuredmedia":[{"embeddable":true,"href":"https:\/\/mouldking.store\/hu\/wp-json\/wp\/v2\/media\/22874"}],"wp:attachment":[{"href":"https:\/\/mouldking.store\/hu\/wp-json\/wp\/v2\/media?parent=22876"}],"wp:term":[{"taxonomy":"product_cat","embeddable":true,"href":"https:\/\/mouldking.store\/hu\/wp-json\/wp\/v2\/product_cat?post=22876"},{"taxonomy":"product_tag","embeddable":true,"href":"https:\/\/mouldking.store\/hu\/wp-json\/wp\/v2\/product_tag?post=22876"}],"curies":[{"name":"wp","href":"https:\/\/api.w.org\/{rel}","templated":true}]}}