{"id":22893,"date":"2021-10-10T04:46:35","date_gmt":"2021-10-10T04:46:35","guid":{"rendered":"https:\/\/mouldking.store\/shop\/moc-factory-50021-three-wheeled-motorcycle-bombardier-f3s\/"},"modified":"2025-12-25T09:21:03","modified_gmt":"2025-12-25T02:21:03","slug":"moc-factory-50021-three-wheeled-motorcycle-bombardier-f3s","status":"publish","type":"product","link":"https:\/\/mouldking.store\/hu\/shop\/moc-factory-50021-three-wheeled-motorcycle-bombardier-f3s\/","title":{"rendered":"MOC FACTORY 50021 Three-Wheeled Motorcycle Bombardier F3S"},"content":{"rendered":"<p style=\"text-align: left\"><span>MOC FACTORY 50021 Three-Wheeled Motorcycle Bombardier F3S belongs to the mechanical group series building block set, the whole set contains 903 building block particles. <\/span><span>El\u0151sz\u00f6r 2021-ben jelent meg.<\/span><\/p>\n<figure id=\"attachment_202453\" aria-describedby=\"caption-attachment-202453\" style=\"width: 800px\" class=\"wp-caption aligncenter\"><a href=\"https:\/\/pay.lpwstore.com\/wp-content\/uploads\/2021\/02\/MOC-FACTORY-50021-Three-Wheeled-Motorcycle-Bombardier-F3S.jpg\" target=\"_blank\" rel=\"noopener\"><img fetchpriority=\"high\" decoding=\"async\" class=\"wp-image-202453 size-full\" title=\"MOC FACTORY 50021 Three-Wheeled Motorcycle Bombardier F3S\" src=\"https:\/\/pay.lpwstore.com\/wp-content\/uploads\/2021\/02\/MOC-FACTORY-50021-Three-Wheeled-Motorcycle-Bombardier-F3S.jpg\" alt=\"MOC FACTORY 50021 Three-Wheeled Motorcycle Bombardier F3S\" width=\"800\" height=\"800\" \/><\/a><figcaption id=\"caption-attachment-202453\" class=\"wp-caption-text\">MOC FACTORY 50021 Three-Wheeled Motorcycle Bombardier F3S<\/figcaption><\/figure>\n<p><img decoding=\"async\" class=\"alignnone size-full wp-image-202454 aligncenter\" src=\"https:\/\/pay.lpwstore.com\/wp-content\/uploads\/2021\/02\/MOC-FACTORY-50021-Three-Wheeled-Motorcycle-Bombardier-F3S-v2.jpg\" alt=\"-\" width=\"800\" height=\"800\" title=\"-\"> <img decoding=\"async\" class=\"alignnone size-full wp-image-202455 aligncenter\" src=\"https:\/\/pay.lpwstore.com\/wp-content\/uploads\/2021\/02\/MOC-FACTORY-50021-Three-Wheeled-Motorcycle-Bombardier-F3S-v3.jpg\" alt=\"-\" width=\"800\" height=\"800\" title=\"-\"> <img loading=\"lazy\" decoding=\"async\" class=\"alignnone size-full wp-image-202456 aligncenter\" src=\"https:\/\/pay.lpwstore.com\/wp-content\/uploads\/2021\/02\/MOC-FACTORY-50021-Three-Wheeled-Motorcycle-Bombardier-F3S-v4.jpg\" alt=\"-\" width=\"800\" height=\"800\" title=\"-\"><\/p>","protected":false},"excerpt":{"rendered":"<ul>\n<li>Tartalmazza\u00a0<strong>903+<\/strong>\u00a0db<\/li>\n<li>K\u00e9zi haszn\u00e1lati \u00fatmutat\u00f3<\/li>\n<li>Kiv\u00e1l\u00f3 min\u0151s\u00e9g\u0171 ABS blokk<\/li>\n<li>Eredeti doboza nincs<\/li>\n<\/ul>","protected":false},"featured_media":22889,"comment_status":"open","ping_status":"closed","template":"","meta":{"_acf_changed":false},"product_cat":[15],"product_tag":[],"class_list":["product","first","instock","shipping-taxable","purchasable","product-type-simple"],"acf":[],"_links":{"self":[{"href":"https:\/\/mouldking.store\/hu\/wp-json\/wp\/v2\/product\/22893","targetHints":{"allow":["GET"]}}],"collection":[{"href":"https:\/\/mouldking.store\/hu\/wp-json\/wp\/v2\/product"}],"about":[{"href":"https:\/\/mouldking.store\/hu\/wp-json\/wp\/v2\/types\/product"}],"replies":[{"embeddable":true,"href":"https:\/\/mouldking.store\/hu\/wp-json\/wp\/v2\/comments?post=22893"}],"wp:featuredmedia":[{"embeddable":true,"href":"https:\/\/mouldking.store\/hu\/wp-json\/wp\/v2\/media\/22889"}],"wp:attachment":[{"href":"https:\/\/mouldking.store\/hu\/wp-json\/wp\/v2\/media?parent=22893"}],"wp:term":[{"taxonomy":"product_cat","embeddable":true,"href":"https:\/\/mouldking.store\/hu\/wp-json\/wp\/v2\/product_cat?post=22893"},{"taxonomy":"product_tag","embeddable":true,"href":"https:\/\/mouldking.store\/hu\/wp-json\/wp\/v2\/product_tag?post=22893"}],"curies":[{"name":"wp","href":"https:\/\/api.w.org\/{rel}","templated":true}]}}