{"id":22900,"date":"2021-10-10T04:46:50","date_gmt":"2021-10-10T04:46:50","guid":{"rendered":"https:\/\/mouldking.store\/shop\/moc-9880-42033-42034-42035-motorized-technic-by-racingbrick-moc-factory\/"},"modified":"2025-12-25T09:21:02","modified_gmt":"2025-12-25T02:21:02","slug":"moc-9880-42033-42034-42035-motorized-technic-by-racingbrick-moc-factory","status":"publish","type":"product","link":"https:\/\/mouldking.store\/hu\/shop\/moc-9880-42033-42034-42035-motorized-technic-by-racingbrick-moc-factory\/","title":{"rendered":"MOC-9880 42033 + 42034 + 42035 motoriz\u00e1lt Technic, RacingBrick MOC FACTORY"},"content":{"rendered":"<figure id=\"attachment_202659\" aria-describedby=\"caption-attachment-202659\" style=\"width: 800px\" class=\"wp-caption aligncenter\"><a href=\"https:\/\/pay.lpwstore.com\/wp-content\/uploads\/2021\/02\/MOC-9880-42033-42034-42035-motorized-Technic-by-RacingBrick-MOC-FACTORY.jpg\" target=\"_blank\" rel=\"noopener\"><img fetchpriority=\"high\" decoding=\"async\" class=\"wp-image-202659 size-full\" title=\"MOC-9880 42033 + 42034 + 42035 motoriz\u00e1lt Technic, RacingBrick MOC FACTORY\" src=\"https:\/\/pay.lpwstore.com\/wp-content\/uploads\/2021\/02\/MOC-9880-42033-42034-42035-motorized-Technic-by-RacingBrick-MOC-FACTORY.jpg\" alt=\"MOC-9880 42033 + 42034 + 42035 motorized Technic by RacingBrick MOC FACTORY\" width=\"800\" height=\"800\" \/><\/a><figcaption id=\"caption-attachment-202659\" class=\"wp-caption-text\">MOC-9880 42033 + 42034 + 42035 motoriz\u00e1lt Technic, RacingBrick MOC FACTORY<\/figcaption><\/figure>\n<p>A MOC-9880 42033 + 42034 + 42035 motoriz\u00e1lt Technic by RacingBrick A MOC FACTORY a RacingBrick \u00e1ltal tervezett Space kollekci\u00f3 k\u00e9szlete. Ehhez a MOC 9880-hoz PDF \u00fatmutat\u00f3 tartozik, amely k\u00f6nnyen \u00f6ssze\u00e1ll\u00edthat\u00f3 \u00e9s megtal\u00e1lhatja a hi\u00e1nyz\u00f3 r\u00e9szeket. A k\u00e9szlet 313 darabot tartalmaz, el\u0151sz\u00f6r 2021-ben adt\u00e1k ki.<\/p>\n<p>&nbsp;<\/p>","protected":false},"excerpt":{"rendered":"<ul>\n<li>Tartalmazza <strong>313+<\/strong> db<\/li>\n<li>Online PDF oktat\u00f3k\u00f6nyv<\/li>\n<li>Kiv\u00e1l\u00f3 min\u0151s\u00e9g\u0171 ABS blokk<\/li>\n<\/ul>","protected":false},"featured_media":22899,"comment_status":"open","ping_status":"closed","template":"","meta":{"_acf_changed":false},"product_cat":[364],"product_tag":[],"class_list":["product","first","instock","shipping-taxable","purchasable","product-type-simple"],"acf":[],"_links":{"self":[{"href":"https:\/\/mouldking.store\/hu\/wp-json\/wp\/v2\/product\/22900","targetHints":{"allow":["GET"]}}],"collection":[{"href":"https:\/\/mouldking.store\/hu\/wp-json\/wp\/v2\/product"}],"about":[{"href":"https:\/\/mouldking.store\/hu\/wp-json\/wp\/v2\/types\/product"}],"replies":[{"embeddable":true,"href":"https:\/\/mouldking.store\/hu\/wp-json\/wp\/v2\/comments?post=22900"}],"wp:featuredmedia":[{"embeddable":true,"href":"https:\/\/mouldking.store\/hu\/wp-json\/wp\/v2\/media\/22899"}],"wp:attachment":[{"href":"https:\/\/mouldking.store\/hu\/wp-json\/wp\/v2\/media?parent=22900"}],"wp:term":[{"taxonomy":"product_cat","embeddable":true,"href":"https:\/\/mouldking.store\/hu\/wp-json\/wp\/v2\/product_cat?post=22900"},{"taxonomy":"product_tag","embeddable":true,"href":"https:\/\/mouldking.store\/hu\/wp-json\/wp\/v2\/product_tag?post=22900"}],"curies":[{"name":"wp","href":"https:\/\/api.w.org\/{rel}","templated":true}]}}